{"id":113,"date":"2026-01-07T09:58:02","date_gmt":"2026-01-07T12:58:02","guid":{"rendered":"https:\/\/quepu.cl\/pt\/?page_id=113"},"modified":"2026-01-26T20:35:25","modified_gmt":"2026-01-26T23:35:25","slug":"visaomissao","status":"publish","type":"page","link":"https:\/\/quepu.cl\/pt\/visaomissao\/","title":{"rendered":"Vis\u00e3o &#038; Miss\u00e3o"},"content":{"rendered":"<div class=\"wpb-content-wrapper\"><p>[vc_row full_width=&#8221;stretch_row_content&#8221; css=&#8221;.vc_custom_1767809385147{background-image: url(https:\/\/quepu.cl\/pt\/wp-content\/uploads\/sites\/3\/2026\/01\/proposito.jpg?id=118) !important;background-position: center !important;background-repeat: no-repeat !important;background-size: cover !important;}&#8221;][vc_column][vc_empty_space height=&#8221;550px&#8221;][\/vc_column][\/vc_row][vc_row full_width=&#8221;stretch_row_content&#8221;][vc_column width=&#8221;1\/2&#8243; css=&#8221;.vc_custom_1767809574408{padding-top: 80px !important;padding-right: 50px !important;padding-bottom: 80px !important;padding-left: 50px !important;background-color: #e9eabe !important;}&#8221;][vc_single_image image=&#8221;120&#8243; img_size=&#8221;120&#215;120&#8243; alignment=&#8221;center&#8221; css=&#8221;&#8221;]<h1 class=\"sc_title sc_title_regular sc_align_center margin_top_null margin_bottom_tiny\" style=\"text-align:center;color:#574b3f;font-weight:100;font-size:4.1em;\">VIS\u00c3O<\/h1>[vc_column_text css=&#8221;&#8221;]<\/p>\n<p style=\"text-align: center;\">Contribuir para o bem-estar e a sa\u00fade das pessoas, promovendo um futuro mais harmonioso e sustent\u00e1vel.<\/p>\n<p>[\/vc_column_text][\/vc_column][vc_column width=&#8221;1\/2&#8243; css=&#8221;.vc_custom_1767756287875{padding-top: 80px !important;padding-right: 50px !important;padding-bottom: 80px !important;padding-left: 50px !important;background-color: #fffcf2 !important;}&#8221;][vc_single_image image=&#8221;121&#8243; img_size=&#8221;120&#215;120&#8243; alignment=&#8221;center&#8221; css=&#8221;&#8221;]<h1 class=\"sc_title sc_title_regular sc_align_center margin_top_null margin_bottom_tiny\" style=\"text-align:center;color:#574b3f;font-weight:100;font-size:4.1em;\">MISS\u00c3O<\/h1>[vc_column_text css=&#8221;&#8221;]<\/p>\n<p style=\"text-align: center;\">Produzir o melhor azeite de oliva, respeitando as pessoas que o produzem e o meio ambiente, sendo motivo de orgulho para nossa comunidade.<\/p>\n<p>[\/vc_column_text][\/vc_column][\/vc_row][vc_row full_width=&#8221;stretch_row_content&#8221; css=&#8221;.vc_custom_1767811850896{margin-top: 0px !important;padding-top: 96px !important;padding-bottom: 40px !important;}&#8221;][vc_column]<h2 class=\"sc_title sc_title_regular sc_align_center margin_top_null margin_bottom_null\" style=\"text-align:center;font-size:4.9em;\">Nossos Valores<\/h2><h1 class=\"sc_title sc_title_regular sc_align_center rombos-deco margin_top_null\" style=\"font-family: &#039;Roboto&#039;, Arial, sans-serif;text-align:center;color:#574b3f;font-weight:400;font-size:2.5em;\"><em>O sabor da nossa dedica\u00e7\u00e3o<\/em><\/h1>[\/vc_column][\/vc_row][vc_row full_width=&#8221;stretch_row_content&#8221;][vc_column width=&#8221;1\/2&#8243; css=&#8221;.vc_custom_1767810821564{padding-top: 50px !important;padding-right: 50px !important;padding-bottom: 50px !important;padding-left: 50px !important;background-color: #e9eabe !important;}&#8221;][vc_single_image image=&#8221;120&#8243; img_size=&#8221;120&#215;120&#8243; alignment=&#8221;center&#8221; css=&#8221;&#8221;]<h1 class=\"sc_title sc_title_regular sc_align_center margin_top_null margin_bottom_tiny\" style=\"text-align:center;color:#574b3f;font-weight:100;font-size:4.1em;\">Paix\u00e3o<\/h1>[vc_column_text css=&#8221;&#8221;]<\/p>\n<p style=\"text-align: center;\">Somos apaixonados pelo que fazemos. Acreditamos que \u00e9 assim que nos realizamos, inspiramos os outros e motivamos todos com quem nos relacionamos.<\/p>\n<p>[\/vc_column_text][\/vc_column][vc_column width=&#8221;1\/2&#8243; css=&#8221;.vc_custom_1767810871700{padding-top: 50px !important;padding-right: 50px !important;padding-bottom: 50px !important;padding-left: 50px !important;background-color: #fffcf2 !important;}&#8221;][vc_single_image image=&#8221;121&#8243; img_size=&#8221;120&#215;120&#8243; alignment=&#8221;center&#8221; css=&#8221;&#8221;]<h1 class=\"sc_title sc_title_regular sc_align_center margin_top_null margin_bottom_tiny\" style=\"text-align:center;color:#574b3f;font-weight:100;font-size:4.1em;\">Excel\u00eancia<\/h1>[vc_column_text css=&#8221;&#8221;]<\/p>\n<p style=\"text-align: center;\">Somos movidos pelo cuidado com cada detalhe e pela melhoria cont\u00ednua dos nossos processos e atividades di\u00e1rias.<\/p>\n<p>[\/vc_column_text][\/vc_column][\/vc_row][vc_row full_width=&#8221;stretch_row_content&#8221; equal_height=&#8221;yes&#8221;][vc_column width=&#8221;1\/2&#8243; css=&#8221;.vc_custom_1767810893443{padding-top: 50px !important;padding-right: 50px !important;padding-bottom: 50px !important;padding-left: 50px !important;background-color: #f7f5e9 !important;}&#8221;][vc_single_image image=&#8221;120&#8243; img_size=&#8221;120&#215;120&#8243; alignment=&#8221;center&#8221; css=&#8221;&#8221;]<h1 class=\"sc_title sc_title_regular sc_align_center margin_top_null margin_bottom_tiny\" style=\"text-align:center;color:#574b3f;font-weight:100;font-size:4.1em;\">Confian\u00e7a<\/h1>[vc_column_text css=&#8221;&#8221;]<\/p>\n<p style=\"text-align: center;\">Queremos oferecer seguran\u00e7a a todos que se relacionam conosco, como parte essencial da nossa filosofia, em que cada decis\u00e3o e intera\u00e7\u00e3o se baseiam na transpar\u00eancia e na busca constante por rela\u00e7\u00f5es duradouras.<\/p>\n<p>[\/vc_column_text][\/vc_column][vc_column width=&#8221;1\/2&#8243; css=&#8221;.vc_custom_1767810914698{padding-top: 50px !important;padding-right: 50px !important;padding-bottom: 50px !important;padding-left: 50px !important;background-color: #e9eabe !important;}&#8221;][vc_single_image image=&#8221;121&#8243; img_size=&#8221;120&#215;120&#8243; alignment=&#8221;center&#8221; css=&#8221;&#8221;]<h1 class=\"sc_title sc_title_regular sc_align_center margin_top_null margin_bottom_tiny\" style=\"text-align:center;color:#574b3f;font-weight:100;font-size:4.1em;\">Inova\u00e7\u00e3o<\/h1>[vc_column_text css=&#8221;&#8221;]<\/p>\n<p style=\"text-align: center;\">Cultivamos a inova\u00e7\u00e3o para que ela permeie todos os n\u00edveis da organiza\u00e7\u00e3o. Buscamos novas formas de gerar valor, de nos relacionar com o ambiente e de oferecer produtos e solu\u00e7\u00f5es cada vez melhores aos consumidores, investindo em novas tecnologias e no conhecimento do nosso trabalho.<\/p>\n<p>[\/vc_column_text][\/vc_column][\/vc_row][vc_row full_width=&#8221;stretch_row_content&#8221; equal_height=&#8221;yes&#8221; css=&#8221;.vc_custom_1769488146791{margin-top: 48px !important;margin-bottom: 48px !important;}&#8221; el_class=&#8221;min-height: 420px;&#8221;][vc_column width=&#8221;1\/2&#8243; css=&#8221;.vc_custom_1769488371037{margin-top: 0px !important;margin-right: 20px !important;margin-left: 20px !important;background-image: url(https:\/\/quepu.cl\/pt\/wp-content\/uploads\/sites\/3\/2026\/01\/plantacion-3.jpg?id=87) !important;background-position: center !important;background-repeat: no-repeat !important;background-size: cover !important;}&#8221;][vc_empty_space height=&#8221;500px&#8221;][\/vc_column][vc_column width=&#8221;1\/2&#8243; css=&#8221;.vc_custom_1769488419230{margin-right: 20px !important;margin-left: 20px !important;background-image: url(https:\/\/quepu.cl\/pt\/wp-content\/uploads\/sites\/3\/2026\/01\/Olivos_de_Quepu_full_056-3.png?id=127) !important;background-position: center !important;background-repeat: no-repeat !important;background-size: contain !important;}&#8221;][vc_empty_space height=&#8221;500px&#8221; el_class=&#8221;fotoresponsive&#8221;][\/vc_column][\/vc_row]<\/p>\n<\/div>","protected":false},"excerpt":{"rendered":"<p>[vc_row full_width=&#8221;stretch_row_content&#8221; css=&#8221;.vc_custom_1767809385147{background-image: url(https:\/\/quepu.cl\/pt\/wp-content\/uploads\/sites\/3\/2026\/01\/proposito.jpg?id=118) !important;background-position: center !important;background-repeat: no-repeat !important;background-size: cover !important;}&#8221;][vc_column][vc_empty_space height=&#8221;550px&#8221;][\/vc_column][\/vc_row][vc_row full_width=&#8221;stretch_row_content&#8221;][vc_column width=&#8221;1\/2&#8243; css=&#8221;.vc_custom_1767809574408{padding-top: 80px !important;padding-right: 50px !important;padding-bottom: 80px !important;padding-left: 50px !important;background-color: #e9eabe !important;}&#8221;][vc_single_image image=&#8221;120&#8243; img_size=&#8221;120&#215;120&#8243; alignment=&#8221;center&#8221; css=&#8221;&#8221;][vc_column_text css=&#8221;&#8221;] Contribuir para o bem-estar e a sa\u00fade das pessoas, promovendo um futuro mais harmonioso e sustent\u00e1vel. [\/vc_column_text][\/vc_column][vc_column width=&#8221;1\/2&#8243; css=&#8221;.vc_custom_1767756287875{padding-top: 80px !important;padding-right: 50px !important;padding-bottom: 80px !important;padding-left: [&hellip;]<\/p>\n","protected":false},"author":3,"featured_media":0,"parent":0,"menu_order":0,"comment_status":"closed","ping_status":"open","template":"","meta":{"footnotes":""},"class_list":["post-113","page","type-page","status-publish","hentry"],"yoast_head":"<!-- This site is optimized with the Yoast SEO plugin v26.9 - https:\/\/yoast.com\/product\/yoast-seo-wordpress\/ -->\n<title>Vis\u00e3o &amp; Miss\u00e3o - Olivares de Quepu<\/title>\n<meta name=\"robots\" content=\"index, follow, max-snippet:-1, max-image-preview:large, max-video-preview:-1\" \/>\n<link rel=\"canonical\" href=\"https:\/\/quepu.cl\/pt\/visaomissao\/\" \/>\n<meta property=\"og:locale\" content=\"pt_BR\" \/>\n<meta property=\"og:type\" content=\"article\" \/>\n<meta property=\"og:title\" content=\"Vis\u00e3o &amp; Miss\u00e3o - Olivares de Quepu\" \/>\n<meta property=\"og:description\" content=\"[vc_row full_width=&#8221;stretch_row_content&#8221; css=&#8221;.vc_custom_1767809385147{background-image: url(https:\/\/quepu.cl\/pt\/wp-content\/uploads\/sites\/3\/2026\/01\/proposito.jpg?id=118) !important;background-position: center !important;background-repeat: no-repeat !important;background-size: cover !important;}&#8221;][vc_column][vc_empty_space height=&#8221;550px&#8221;][\/vc_column][\/vc_row][vc_row full_width=&#8221;stretch_row_content&#8221;][vc_column width=&#8221;1\/2&#8243; css=&#8221;.vc_custom_1767809574408{padding-top: 80px !important;padding-right: 50px !important;padding-bottom: 80px !important;padding-left: 50px !important;background-color: #e9eabe !important;}&#8221;][vc_single_image image=&#8221;120&#8243; img_size=&#8221;120&#215;120&#8243; alignment=&#8221;center&#8221; css=&#8221;&#8221;][vc_column_text css=&#8221;&#8221;] Contribuir para o bem-estar e a sa\u00fade das pessoas, promovendo um futuro mais harmonioso e sustent\u00e1vel. [\/vc_column_text][\/vc_column][vc_column width=&#8221;1\/2&#8243; css=&#8221;.vc_custom_1767756287875{padding-top: 80px !important;padding-right: 50px !important;padding-bottom: 80px !important;padding-left: [&hellip;]\" \/>\n<meta property=\"og:url\" content=\"https:\/\/quepu.cl\/pt\/visaomissao\/\" \/>\n<meta property=\"og:site_name\" content=\"Olivares de Quepu\" \/>\n<meta property=\"article:modified_time\" content=\"2026-01-26T23:35:25+00:00\" \/>\n<meta name=\"twitter:card\" content=\"summary_large_image\" \/>\n<meta name=\"twitter:label1\" content=\"Est. tempo de leitura\" \/>\n\t<meta name=\"twitter:data1\" content=\"4 minutos\" \/>\n<script type=\"application\/ld+json\" class=\"yoast-schema-graph\">{\"@context\":\"https:\/\/schema.org\",\"@graph\":[{\"@type\":\"WebPage\",\"@id\":\"https:\/\/quepu.cl\/pt\/visaomissao\/\",\"url\":\"https:\/\/quepu.cl\/pt\/visaomissao\/\",\"name\":\"Vis\u00e3o & Miss\u00e3o - Olivares de Quepu\",\"isPartOf\":{\"@id\":\"https:\/\/quepu.cl\/pt\/#website\"},\"datePublished\":\"2026-01-07T12:58:02+00:00\",\"dateModified\":\"2026-01-26T23:35:25+00:00\",\"breadcrumb\":{\"@id\":\"https:\/\/quepu.cl\/pt\/visaomissao\/#breadcrumb\"},\"inLanguage\":\"pt-BR\",\"potentialAction\":[{\"@type\":\"ReadAction\",\"target\":[\"https:\/\/quepu.cl\/pt\/visaomissao\/\"]}]},{\"@type\":\"BreadcrumbList\",\"@id\":\"https:\/\/quepu.cl\/pt\/visaomissao\/#breadcrumb\",\"itemListElement\":[{\"@type\":\"ListItem\",\"position\":1,\"name\":\"Portada\",\"item\":\"https:\/\/quepu.cl\/pt\/\"},{\"@type\":\"ListItem\",\"position\":2,\"name\":\"Vis\u00e3o &#038; Miss\u00e3o\"}]},{\"@type\":\"WebSite\",\"@id\":\"https:\/\/quepu.cl\/pt\/#website\",\"url\":\"https:\/\/quepu.cl\/pt\/\",\"name\":\"Olivares de Quepu\",\"description\":\"\",\"potentialAction\":[{\"@type\":\"SearchAction\",\"target\":{\"@type\":\"EntryPoint\",\"urlTemplate\":\"https:\/\/quepu.cl\/pt\/?s={search_term_string}\"},\"query-input\":{\"@type\":\"PropertyValueSpecification\",\"valueRequired\":true,\"valueName\":\"search_term_string\"}}],\"inLanguage\":\"pt-BR\"}]}<\/script>\n<!-- \/ Yoast SEO plugin. -->","yoast_head_json":{"title":"Vis\u00e3o & Miss\u00e3o - Olivares de Quepu","robots":{"index":"index","follow":"follow","max-snippet":"max-snippet:-1","max-image-preview":"max-image-preview:large","max-video-preview":"max-video-preview:-1"},"canonical":"https:\/\/quepu.cl\/pt\/visaomissao\/","og_locale":"pt_BR","og_type":"article","og_title":"Vis\u00e3o & Miss\u00e3o - Olivares de Quepu","og_description":"[vc_row full_width=&#8221;stretch_row_content&#8221; css=&#8221;.vc_custom_1767809385147{background-image: url(https:\/\/quepu.cl\/pt\/wp-content\/uploads\/sites\/3\/2026\/01\/proposito.jpg?id=118) !important;background-position: center !important;background-repeat: no-repeat !important;background-size: cover !important;}&#8221;][vc_column][vc_empty_space height=&#8221;550px&#8221;][\/vc_column][\/vc_row][vc_row full_width=&#8221;stretch_row_content&#8221;][vc_column width=&#8221;1\/2&#8243; css=&#8221;.vc_custom_1767809574408{padding-top: 80px !important;padding-right: 50px !important;padding-bottom: 80px !important;padding-left: 50px !important;background-color: #e9eabe !important;}&#8221;][vc_single_image image=&#8221;120&#8243; img_size=&#8221;120&#215;120&#8243; alignment=&#8221;center&#8221; css=&#8221;&#8221;][vc_column_text css=&#8221;&#8221;] Contribuir para o bem-estar e a sa\u00fade das pessoas, promovendo um futuro mais harmonioso e sustent\u00e1vel. [\/vc_column_text][\/vc_column][vc_column width=&#8221;1\/2&#8243; css=&#8221;.vc_custom_1767756287875{padding-top: 80px !important;padding-right: 50px !important;padding-bottom: 80px !important;padding-left: [&hellip;]","og_url":"https:\/\/quepu.cl\/pt\/visaomissao\/","og_site_name":"Olivares de Quepu","article_modified_time":"2026-01-26T23:35:25+00:00","twitter_card":"summary_large_image","twitter_misc":{"Est. tempo de leitura":"4 minutos"},"schema":{"@context":"https:\/\/schema.org","@graph":[{"@type":"WebPage","@id":"https:\/\/quepu.cl\/pt\/visaomissao\/","url":"https:\/\/quepu.cl\/pt\/visaomissao\/","name":"Vis\u00e3o & Miss\u00e3o - Olivares de Quepu","isPartOf":{"@id":"https:\/\/quepu.cl\/pt\/#website"},"datePublished":"2026-01-07T12:58:02+00:00","dateModified":"2026-01-26T23:35:25+00:00","breadcrumb":{"@id":"https:\/\/quepu.cl\/pt\/visaomissao\/#breadcrumb"},"inLanguage":"pt-BR","potentialAction":[{"@type":"ReadAction","target":["https:\/\/quepu.cl\/pt\/visaomissao\/"]}]},{"@type":"BreadcrumbList","@id":"https:\/\/quepu.cl\/pt\/visaomissao\/#breadcrumb","itemListElement":[{"@type":"ListItem","position":1,"name":"Portada","item":"https:\/\/quepu.cl\/pt\/"},{"@type":"ListItem","position":2,"name":"Vis\u00e3o &#038; Miss\u00e3o"}]},{"@type":"WebSite","@id":"https:\/\/quepu.cl\/pt\/#website","url":"https:\/\/quepu.cl\/pt\/","name":"Olivares de Quepu","description":"","potentialAction":[{"@type":"SearchAction","target":{"@type":"EntryPoint","urlTemplate":"https:\/\/quepu.cl\/pt\/?s={search_term_string}"},"query-input":{"@type":"PropertyValueSpecification","valueRequired":true,"valueName":"search_term_string"}}],"inLanguage":"pt-BR"}]}},"_links":{"self":[{"href":"https:\/\/quepu.cl\/pt\/wp-json\/wp\/v2\/pages\/113","targetHints":{"allow":["GET"]}}],"collection":[{"href":"https:\/\/quepu.cl\/pt\/wp-json\/wp\/v2\/pages"}],"about":[{"href":"https:\/\/quepu.cl\/pt\/wp-json\/wp\/v2\/types\/page"}],"author":[{"embeddable":true,"href":"https:\/\/quepu.cl\/pt\/wp-json\/wp\/v2\/users\/3"}],"replies":[{"embeddable":true,"href":"https:\/\/quepu.cl\/pt\/wp-json\/wp\/v2\/comments?post=113"}],"version-history":[{"count":21,"href":"https:\/\/quepu.cl\/pt\/wp-json\/wp\/v2\/pages\/113\/revisions"}],"predecessor-version":[{"id":345,"href":"https:\/\/quepu.cl\/pt\/wp-json\/wp\/v2\/pages\/113\/revisions\/345"}],"wp:attachment":[{"href":"https:\/\/quepu.cl\/pt\/wp-json\/wp\/v2\/media?parent=113"}],"curies":[{"name":"wp","href":"https:\/\/api.w.org\/{rel}","templated":true}]}}