{"id":132,"date":"2026-01-08T20:59:01","date_gmt":"2026-01-08T23:59:01","guid":{"rendered":"https:\/\/quepu.cl\/pt\/?page_id=132"},"modified":"2026-01-11T19:57:24","modified_gmt":"2026-01-11T22:57:24","slug":"nossalocalizacao","status":"publish","type":"page","link":"https:\/\/quepu.cl\/pt\/nossalocalizacao\/","title":{"rendered":"Nossa Localiza\u00e7\u00e3o"},"content":{"rendered":"<div class=\"wpb-content-wrapper\"><p>[vc_row full_width=&#8221;stretch_row_content&#8221; css=&#8221;.vc_custom_1768189914391{margin-top: 0px !important;padding-top: 96px !important;padding-bottom: 40px !important;}&#8221;][vc_column]<h2 class=\"sc_title sc_title_regular sc_align_center rombos-deco margin_top_null margin_bottom_null\" style=\"text-align:center;font-size:4.9em;\"><span class=\"s31\">Nossa<\/span> <span class=\"s31\">Localiza\u00e7\u00e3o<\/span><\/h2>[vc_column_text css=&#8221;&#8221;]<\/p>\n<p style=\"text-align: center; font-size: 1.5em; font-style: italic;\"><span style=\"font-weight: 400;\">Nossas oliveiras est\u00e3o localizadas no cora\u00e7\u00e3o do secano interior da regi\u00e3o do Maule, especificamente em Pencahue: <\/span><span style=\"font-weight: 400;\"><\/br>uma \u00e1rea privilegiada do centro-sul do Chile, cujas caracter\u00edsticas de clima e solo s\u00e3o ideais para o cultivo de oliveiras.<\/span><\/p>\n<p><b>\u00a0<\/b>[\/vc_column_text][\/vc_column][\/vc_row][vc_row full_width=&#8221;stretch_row_content&#8221; css=&#8221;.vc_custom_1768074587156{background-image: url(https:\/\/quepu.cl\/pt\/wp-content\/uploads\/sites\/3\/2026\/01\/IMG_2852____2-2.jpg?id=139) !important;background-position: center !important;background-repeat: no-repeat !important;background-size: contain !important;}&#8221;][vc_column][vc_empty_space height=&#8221;550px&#8221;][\/vc_column][\/vc_row][vc_row full_width=&#8221;stretch_row_content&#8221;][vc_column width=&#8221;1\/2&#8243; css=&#8221;.vc_custom_1768189576012{padding-top: 100px !important;padding-right: 50px !important;padding-bottom: 100px !important;padding-left: 50px !important;background-image: url(https:\/\/quepu.cl\/pt\/wp-content\/uploads\/sites\/3\/2026\/01\/Asset-.png?id=217) !important;background-position: center !important;background-repeat: no-repeat !important;background-size: cover !important;}&#8221;]<h1 class=\"sc_title sc_title_regular sc_align_left margin_top_null margin_bottom_tiny\" style=\"text-align:left;color:#574b3f;font-weight:100;font-size:4.1em;\">Clima e Solos<\/h1>[vc_column_text css=&#8221;&#8221;]<\/p>\n<p style=\"text-align: left;\">O clima mediterr\u00e2neo apresenta invernos amenos e chuvosos, e ver\u00f5es secos. Os solos s\u00e3o gran\u00edticos e de fertilidade moderada. Essas condi\u00e7\u00f5es permitem plantas bem desenvolvidas e equilibradas, resultando em uma matura\u00e7\u00e3o ideal dos frutos e na produ\u00e7\u00e3o de um azeite de alta qualidade, rico em compostos fen\u00f3licos e com aromas marcantes.<\/p>\n<p>[\/vc_column_text][\/vc_column][vc_column width=&#8221;1\/2&#8243; css=&#8221;.vc_custom_1768075648802{margin-right: 0px !important;margin-left: 0px !important;padding-right: 0px !important;padding-left: 0px !important;background-position: center !important;background-repeat: no-repeat !important;background-size: cover !important;}&#8221;][vc_single_image image=&#8221;142&#8243; img_size=&#8221;full&#8221; css=&#8221;&#8221;][\/vc_column][\/vc_row][vc_row full_width=&#8221;stretch_row_content&#8221; el_class=&#8221;reverse-mobile&#8221;][vc_column width=&#8221;1\/2&#8243; css=&#8221;.vc_custom_1768075663901{padding-right: 0px !important;padding-left: 0px !important;}&#8221;][vc_single_image image=&#8221;143&#8243; img_size=&#8221;full&#8221; css=&#8221;&#8221; el_class=&#8221;margen-imagen&#8221;][\/vc_column][vc_column width=&#8221;1\/2&#8243; css=&#8221;.vc_custom_1768189604933{padding-top: 130px !important;padding-right: 50px !important;padding-bottom: 130px !important;padding-left: 50px !important;background-image: url(https:\/\/quepu.cl\/pt\/wp-content\/uploads\/sites\/3\/2026\/01\/Asset-.png?id=217) !important;background-position: center !important;background-repeat: no-repeat !important;background-size: cover !important;}&#8221;]<h1 class=\"sc_title sc_title_regular sc_align_left margin_top_null margin_bottom_tiny\" style=\"text-align:left;color:#574b3f;font-weight:100;font-size:4.1em;\">Cultivo<\/h1>[vc_column_text css=&#8221;&#8221;]<\/p>\n<p style=\"text-align: left;\">Utilizamos sistemas de produ\u00e7\u00e3o sustent\u00e1veis, em harmonia com o meio ambiente, aplicando tecnologias de plantio, irriga\u00e7\u00e3o e manejo de precis\u00e3o que garantem o desenvolvimento ideal das nossas oliveiras.<\/p>\n<p>[\/vc_column_text][\/vc_column][\/vc_row][vc_row full_width=&#8221;stretch_row_content&#8221; css=&#8221;.vc_custom_1768075511884{background-color: #dcdfc0 !important;}&#8221;][vc_column width=&#8221;1\/2&#8243; css=&#8221;.vc_custom_1768189632759{padding-top: 70px !important;padding-right: 50px !important;padding-bottom: 70px !important;padding-left: 50px !important;background-image: url(https:\/\/quepu.cl\/pt\/wp-content\/uploads\/sites\/3\/2026\/01\/Asset.png?id=216) !important;background-position: center !important;background-repeat: no-repeat !important;background-size: cover !important;}&#8221;]<h1 class=\"sc_title sc_title_regular sc_align_left margin_top_null margin_bottom_tiny\" style=\"text-align:left;color:#574b3f;font-weight:100;font-size:4.1em;\">Viveiro de Mudas<\/h1>[vc_column_text css=&#8221;&#8221;]Para garantir a qualidade desde a origem, cultivamos nossas oliveiras em um viveiro pr\u00f3prio. Isso nos permite:<\/p>\n<p>\u2022 Controle total sobre a qualidade gen\u00e9tica e sanit\u00e1ria de cada variedade.<br \/>\n\u2022 Reprodu\u00e7\u00e3o de esp\u00e9cies especialmente adaptadas ao clima do secano interior: Arbequina, Picual e Frantoio.<br \/>\n\u2022 \u00c1rvores mais fortes, saud\u00e1veis e produtivas desde as fases iniciais.<br \/>\n\u2022 Flexibilidade para renovar ou expandir os plantios de acordo com as necessidades agr\u00edcolas.<br \/>\n\u2022 Consist\u00eancia garantida na qualidade do nosso azeite.[\/vc_column_text][\/vc_column][vc_column width=&#8221;1\/2&#8243; css=&#8221;.vc_custom_1768075608603{margin-right: 0px !important;margin-left: 0px !important;padding-right: 0px !important;padding-left: 0px !important;background-position: center !important;background-repeat: no-repeat !important;background-size: cover !important;}&#8221;][vc_single_image image=&#8221;146&#8243; img_size=&#8221;full&#8221; css=&#8221;&#8221; el_class=&#8221;margen-imagen&#8221;][\/vc_column][\/vc_row]<\/p>\n<\/div>","protected":false},"excerpt":{"rendered":"<p>[vc_row full_width=&#8221;stretch_row_content&#8221; css=&#8221;.vc_custom_1768189914391{margin-top: 0px !important;padding-top: 96px !important;padding-bottom: 40px !important;}&#8221;][vc_column][vc_column_text css=&#8221;&#8221;] Nossas oliveiras est\u00e3o localizadas no cora\u00e7\u00e3o do secano interior da regi\u00e3o do Maule, especificamente em Pencahue: uma \u00e1rea privilegiada do centro-sul do Chile, cujas caracter\u00edsticas de clima e solo s\u00e3o ideais para o cultivo de oliveiras. \u00a0[\/vc_column_text][\/vc_column][\/vc_row][vc_row full_width=&#8221;stretch_row_content&#8221; css=&#8221;.vc_custom_1768074587156{background-image: url(https:\/\/quepu.cl\/pt\/wp-content\/uploads\/sites\/3\/2026\/01\/IMG_2852____2-2.jpg?id=139) !important;background-position: center !important;background-repeat: no-repeat !important;background-size: [&hellip;]<\/p>\n","protected":false},"author":3,"featured_media":0,"parent":0,"menu_order":0,"comment_status":"closed","ping_status":"open","template":"","meta":{"footnotes":""},"class_list":["post-132","page","type-page","status-publish","hentry"],"yoast_head":"<!-- This site is optimized with the Yoast SEO plugin v26.9 - https:\/\/yoast.com\/product\/yoast-seo-wordpress\/ -->\n<title>Nossa Localiza\u00e7\u00e3o - Olivares de Quepu<\/title>\n<meta name=\"robots\" content=\"index, follow, max-snippet:-1, max-image-preview:large, max-video-preview:-1\" \/>\n<link rel=\"canonical\" href=\"https:\/\/quepu.cl\/pt\/nossalocalizacao\/\" \/>\n<meta property=\"og:locale\" content=\"pt_BR\" \/>\n<meta property=\"og:type\" content=\"article\" \/>\n<meta property=\"og:title\" content=\"Nossa Localiza\u00e7\u00e3o - Olivares de Quepu\" \/>\n<meta property=\"og:description\" content=\"[vc_row full_width=&#8221;stretch_row_content&#8221; css=&#8221;.vc_custom_1768189914391{margin-top: 0px !important;padding-top: 96px !important;padding-bottom: 40px !important;}&#8221;][vc_column][vc_column_text css=&#8221;&#8221;] Nossas oliveiras est\u00e3o localizadas no cora\u00e7\u00e3o do secano interior da regi\u00e3o do Maule, especificamente em Pencahue: uma \u00e1rea privilegiada do centro-sul do Chile, cujas caracter\u00edsticas de clima e solo s\u00e3o ideais para o cultivo de oliveiras. \u00a0[\/vc_column_text][\/vc_column][\/vc_row][vc_row full_width=&#8221;stretch_row_content&#8221; css=&#8221;.vc_custom_1768074587156{background-image: url(https:\/\/quepu.cl\/pt\/wp-content\/uploads\/sites\/3\/2026\/01\/IMG_2852____2-2.jpg?id=139) !important;background-position: center !important;background-repeat: no-repeat !important;background-size: [&hellip;]\" \/>\n<meta property=\"og:url\" content=\"https:\/\/quepu.cl\/pt\/nossalocalizacao\/\" \/>\n<meta property=\"og:site_name\" content=\"Olivares de Quepu\" \/>\n<meta property=\"article:modified_time\" content=\"2026-01-11T22:57:24+00:00\" \/>\n<meta name=\"twitter:card\" content=\"summary_large_image\" \/>\n<meta name=\"twitter:label1\" content=\"Est. tempo de leitura\" \/>\n\t<meta name=\"twitter:data1\" content=\"3 minutos\" \/>\n<script type=\"application\/ld+json\" class=\"yoast-schema-graph\">{\"@context\":\"https:\/\/schema.org\",\"@graph\":[{\"@type\":\"WebPage\",\"@id\":\"https:\/\/quepu.cl\/pt\/nossalocalizacao\/\",\"url\":\"https:\/\/quepu.cl\/pt\/nossalocalizacao\/\",\"name\":\"Nossa Localiza\u00e7\u00e3o - Olivares de Quepu\",\"isPartOf\":{\"@id\":\"https:\/\/quepu.cl\/pt\/#website\"},\"datePublished\":\"2026-01-08T23:59:01+00:00\",\"dateModified\":\"2026-01-11T22:57:24+00:00\",\"breadcrumb\":{\"@id\":\"https:\/\/quepu.cl\/pt\/nossalocalizacao\/#breadcrumb\"},\"inLanguage\":\"pt-BR\",\"potentialAction\":[{\"@type\":\"ReadAction\",\"target\":[\"https:\/\/quepu.cl\/pt\/nossalocalizacao\/\"]}]},{\"@type\":\"BreadcrumbList\",\"@id\":\"https:\/\/quepu.cl\/pt\/nossalocalizacao\/#breadcrumb\",\"itemListElement\":[{\"@type\":\"ListItem\",\"position\":1,\"name\":\"Portada\",\"item\":\"https:\/\/quepu.cl\/pt\/\"},{\"@type\":\"ListItem\",\"position\":2,\"name\":\"Nossa Localiza\u00e7\u00e3o\"}]},{\"@type\":\"WebSite\",\"@id\":\"https:\/\/quepu.cl\/pt\/#website\",\"url\":\"https:\/\/quepu.cl\/pt\/\",\"name\":\"Olivares de Quepu\",\"description\":\"\",\"potentialAction\":[{\"@type\":\"SearchAction\",\"target\":{\"@type\":\"EntryPoint\",\"urlTemplate\":\"https:\/\/quepu.cl\/pt\/?s={search_term_string}\"},\"query-input\":{\"@type\":\"PropertyValueSpecification\",\"valueRequired\":true,\"valueName\":\"search_term_string\"}}],\"inLanguage\":\"pt-BR\"}]}<\/script>\n<!-- \/ Yoast SEO plugin. -->","yoast_head_json":{"title":"Nossa Localiza\u00e7\u00e3o - Olivares de Quepu","robots":{"index":"index","follow":"follow","max-snippet":"max-snippet:-1","max-image-preview":"max-image-preview:large","max-video-preview":"max-video-preview:-1"},"canonical":"https:\/\/quepu.cl\/pt\/nossalocalizacao\/","og_locale":"pt_BR","og_type":"article","og_title":"Nossa Localiza\u00e7\u00e3o - Olivares de Quepu","og_description":"[vc_row full_width=&#8221;stretch_row_content&#8221; css=&#8221;.vc_custom_1768189914391{margin-top: 0px !important;padding-top: 96px !important;padding-bottom: 40px !important;}&#8221;][vc_column][vc_column_text css=&#8221;&#8221;] Nossas oliveiras est\u00e3o localizadas no cora\u00e7\u00e3o do secano interior da regi\u00e3o do Maule, especificamente em Pencahue: uma \u00e1rea privilegiada do centro-sul do Chile, cujas caracter\u00edsticas de clima e solo s\u00e3o ideais para o cultivo de oliveiras. \u00a0[\/vc_column_text][\/vc_column][\/vc_row][vc_row full_width=&#8221;stretch_row_content&#8221; css=&#8221;.vc_custom_1768074587156{background-image: url(https:\/\/quepu.cl\/pt\/wp-content\/uploads\/sites\/3\/2026\/01\/IMG_2852____2-2.jpg?id=139) !important;background-position: center !important;background-repeat: no-repeat !important;background-size: [&hellip;]","og_url":"https:\/\/quepu.cl\/pt\/nossalocalizacao\/","og_site_name":"Olivares de Quepu","article_modified_time":"2026-01-11T22:57:24+00:00","twitter_card":"summary_large_image","twitter_misc":{"Est. tempo de leitura":"3 minutos"},"schema":{"@context":"https:\/\/schema.org","@graph":[{"@type":"WebPage","@id":"https:\/\/quepu.cl\/pt\/nossalocalizacao\/","url":"https:\/\/quepu.cl\/pt\/nossalocalizacao\/","name":"Nossa Localiza\u00e7\u00e3o - Olivares de Quepu","isPartOf":{"@id":"https:\/\/quepu.cl\/pt\/#website"},"datePublished":"2026-01-08T23:59:01+00:00","dateModified":"2026-01-11T22:57:24+00:00","breadcrumb":{"@id":"https:\/\/quepu.cl\/pt\/nossalocalizacao\/#breadcrumb"},"inLanguage":"pt-BR","potentialAction":[{"@type":"ReadAction","target":["https:\/\/quepu.cl\/pt\/nossalocalizacao\/"]}]},{"@type":"BreadcrumbList","@id":"https:\/\/quepu.cl\/pt\/nossalocalizacao\/#breadcrumb","itemListElement":[{"@type":"ListItem","position":1,"name":"Portada","item":"https:\/\/quepu.cl\/pt\/"},{"@type":"ListItem","position":2,"name":"Nossa Localiza\u00e7\u00e3o"}]},{"@type":"WebSite","@id":"https:\/\/quepu.cl\/pt\/#website","url":"https:\/\/quepu.cl\/pt\/","name":"Olivares de Quepu","description":"","potentialAction":[{"@type":"SearchAction","target":{"@type":"EntryPoint","urlTemplate":"https:\/\/quepu.cl\/pt\/?s={search_term_string}"},"query-input":{"@type":"PropertyValueSpecification","valueRequired":true,"valueName":"search_term_string"}}],"inLanguage":"pt-BR"}]}},"_links":{"self":[{"href":"https:\/\/quepu.cl\/pt\/wp-json\/wp\/v2\/pages\/132","targetHints":{"allow":["GET"]}}],"collection":[{"href":"https:\/\/quepu.cl\/pt\/wp-json\/wp\/v2\/pages"}],"about":[{"href":"https:\/\/quepu.cl\/pt\/wp-json\/wp\/v2\/types\/page"}],"author":[{"embeddable":true,"href":"https:\/\/quepu.cl\/pt\/wp-json\/wp\/v2\/users\/3"}],"replies":[{"embeddable":true,"href":"https:\/\/quepu.cl\/pt\/wp-json\/wp\/v2\/comments?post=132"}],"version-history":[{"count":14,"href":"https:\/\/quepu.cl\/pt\/wp-json\/wp\/v2\/pages\/132\/revisions"}],"predecessor-version":[{"id":239,"href":"https:\/\/quepu.cl\/pt\/wp-json\/wp\/v2\/pages\/132\/revisions\/239"}],"wp:attachment":[{"href":"https:\/\/quepu.cl\/pt\/wp-json\/wp\/v2\/media?parent=132"}],"curies":[{"name":"wp","href":"https:\/\/api.w.org\/{rel}","templated":true}]}}