{"id":14,"date":"2016-06-15T14:58:07","date_gmt":"2016-06-15T14:58:07","guid":{"rendered":"https:\/\/quepu.cl\/pt\/homepage-4\/"},"modified":"2026-03-28T10:51:50","modified_gmt":"2026-03-28T13:51:50","slug":"homepage-4","status":"publish","type":"page","link":"https:\/\/quepu.cl\/pt\/","title":{"rendered":"Homepage 4"},"content":{"rendered":"<div class=\"wpb-content-wrapper\"><p>[vc_row][vc_column]<h2 class=\"sc_title sc_title_regular sc_align_center rombos-deco margin_top_huge\" style=\"text-align:center;font-size:calc(22.73239px + 3.00469vw);\">Olivares de Quepu<\/h2>[vc_column_text css=&#8221;&#8221;]<\/p>\n<p style=\"text-align: center; max-width: 800px; margin-right: auto; margin-left: auto;\"><span style=\"font-weight: 400;\"><strong>Olivares de Quepu<\/strong> est\u00e1 localizado no cora\u00e7\u00e3o do <strong>Vale de Pencahue<\/strong>, na regi\u00e3o do <strong>Maule<\/strong>, <strong>Chile<\/strong>, de onde evocamos a tradi\u00e7\u00e3o aliada \u00e0 incorpora\u00e7\u00e3o de novas tecnologias, com um compromisso constante com a melhoria cont\u00ednua, a sustentabilidade, o cuidado com o meio ambiente e, especialmente, com o bem-estar de nossos colaboradores. Essa \u00e9 a nossa ess\u00eancia e o nosso orgulho: oferecer confian\u00e7a aos nossos consumidores, atuando sempre com \u00e9tica e responsabilidade. Ao longo dos 365 dias do ano, acompanhamos atentamente a evolu\u00e7\u00e3o de nossos campos e oliveiras para, no momento da colheita, obter os melhores frutos de nossas \u00e1rvores. Assim, em terras generosas e com oliveiras cuidadas com dedica\u00e7\u00e3o, produzimos um azeite de oliva extra virgem de alta gama e saud\u00e1vel.<\/span><\/p>\n<p>[\/vc_column_text][vc_empty_space height=&#8221;64px&#8221;][\/vc_column][\/vc_row][vc_row full_width=&#8221;stretch_row_content&#8221; full_height=&#8221;yes&#8221;][vc_column][vc_raw_html css=&#8221;&#8221;]JTNDZGl2JTIwY2xhc3MlM0QlMjJ2aWRlby1mdWxsLWJsZWVkJTIyJTNFJTBBJTIwJTIwJTNDZGl2JTIwY2xhc3MlM0QlMjJ2aWRlby1mdWxsJTIyJTNFJTBBJTIwJTIwJTIwJTIwJTNDaWZyYW1lJTIwc3JjJTNEJTIyaHR0cHMlM0ElMkYlMkZ3d3cueW91dHViZS5jb20lMkZlbWJlZCUyRktOSFlJUmtZejA0JTNGYXV0b3BsYXklM0QxJTI2bXV0ZSUzRDElMjZyZWwlM0QwJTIyJTBBJTIwJTIwJTIwJTIwJTIwJTIwJTIwJTIwJTIwJTIwJTIwJTIwdGl0bGUlM0QlMjJZb3VUdWJlJTIwdmlkZW8lMjBwbGF5ZXIlMjIlMEElMjAlMjAlMjAlMjAlMjAlMjAlMjAlMjAlMjAlMjAlMjAlMjBmcmFtZWJvcmRlciUzRCUyMjAlMjIlMEElMjAlMjAlMjAlMjAlMjAlMjAlMjAlMjAlMjAlMjAlMjAlMjBhbGxvdyUzRCUyMmFjY2VsZXJvbWV0ZXIlM0IlMjBhdXRvcGxheSUzQiUyMGNsaXBib2FyZC13cml0ZSUzQiUyMGVuY3J5cHRlZC1tZWRpYSUzQiUyMGd5cm9zY29wZSUzQiUyMHBpY3R1cmUtaW4tcGljdHVyZSUzQiUyMHdlYi1zaGFyZSUyMiUwQSUyMCUyMCUyMCUyMCUyMCUyMCUyMCUyMCUyMCUyMCUyMCUyMGFsbG93ZnVsbHNjcmVlbiUzRSUzQyUyRmlmcmFtZSUzRSUwQSUyMCUyMCUzQyUyRmRpdiUzRSUwQSUzQyUyRmRpdiUzRQ==[\/vc_raw_html][\/vc_column][\/vc_row][vc_row][vc_column]<h2 class=\"sc_title sc_title_regular sc_align_center rombos-deco margin_top_huge\" style=\"text-align:center;font-size:calc(22.73239px + 3.00469vw);\">Paix\u00e3o pela qualidade<\/h2>[vc_column_text css=&#8221;&#8221;]<\/p>\n<p style=\"text-align: center; font-size: 1.5em; font-style: italic;\"><span style=\"font-weight: 400;\">Somos apaixonados pelo nosso trabalho. Cuidamos de cada detalhe em tudo o que fazemos,<br \/>\nagregando conhecimento e intelig\u00eancia em cada etapa do processo.<\/span>[\/vc_column_text][vc_empty_space height=&#8221;64px&#8221;][\/vc_column][\/vc_row][vc_row full_width=&#8221;stretch_row&#8221; css=&#8221;.vc_custom_1756218076510{padding-top: 64px !important;padding-bottom: 64px !important;background-color: rgba(162,155,80,0.38) !important;*background-color: rgb(162,155,80) !important;}&#8221;][vc_column]<div class=\"sc_section margin_top_medium margin_bottom_medium\"><div class=\"sc_section_inner\"><div class=\"sc_section_content_wrap\">[vc_empty_space height=&#8221;1em&#8221;]<h2 class=\"sc_title sc_title_iconed sc_align_center rombos-deco2 margin_top_small\" style=\"text-align:center;color:#574b3f;font-size:calc(22.73239px + 3.00469vw);\"><span class=\"sc_title_icon sc_title_icon_top  sc_title_icon_large\"><img decoding=\"async\" src=\"http:\/\/408\" alt=\"\" \/><\/span>pr\u00eamios<\/h2><div id=\"sc_clients_2036426733_wrap\" class=\"sc_clients_wrap\"><div id=\"sc_clients_2036426733\" class=\"sc_clients sc_clients_style_clients-1  margin_top_null\" style=\"width:100%;\"><div class=\"sc_slider_swiper swiper-slider-container sc_slider_nopagination sc_slider_nocontrols\" data-interval=\"9984\" data-slides-per-view=\"6\" data-slides-min-width=\"100\"><div class=\"slides swiper-wrapper\"><div class=\"swiper-slide\" data-style=\"width:100%;\" style=\"width:100%;\">\t\t\t<div id=\"sc_clients_2036426733_1\" class=\"sc_clients_item sc_clients_item_1 odd first\">\n\t\t\t\t\t\t\t\t<div class=\"sc_client_image\"><img decoding=\"async\" class=\"wp-post-image\" alt=\"cliente 6\" src=\"https:\/\/quepu.cl\/pt\/wp-content\/uploads\/sites\/3\/2025\/08\/Capa-1.png\"><\/div>\n\t\t\t\t\t\t\t<\/div>\n\t\t<\/div><div class=\"swiper-slide\" data-style=\"width:100%;\" style=\"width:100%;\">\t\t\t<div id=\"sc_clients_2036426733_2\" class=\"sc_clients_item sc_clients_item_2 even\">\n\t\t\t\t\t\t\t\t<div class=\"sc_client_image\"><img decoding=\"async\" class=\"wp-post-image\" alt=\"client 5\" src=\"https:\/\/quepu.cl\/pt\/wp-content\/uploads\/sites\/3\/2025\/08\/Capa-5.png\"><\/div>\n\t\t\t\t\t\t\t<\/div>\n\t\t<\/div><div class=\"swiper-slide\" data-style=\"width:100%;\" style=\"width:100%;\">\t\t\t<div id=\"sc_clients_2036426733_3\" class=\"sc_clients_item sc_clients_item_3 odd\">\n\t\t\t\t\t\t\t\t<div class=\"sc_client_image\"><img decoding=\"async\" class=\"wp-post-image\" alt=\"cliente 3\" src=\"https:\/\/quepu.cl\/pt\/wp-content\/uploads\/sites\/3\/2025\/08\/Capa-4.png\"><\/div>\n\t\t\t\t\t\t\t<\/div>\n\t\t<\/div><div class=\"swiper-slide\" data-style=\"width:100%;\" style=\"width:100%;\">\t\t\t<div id=\"sc_clients_2036426733_4\" class=\"sc_clients_item sc_clients_item_4 even\">\n\t\t\t\t\t\t\t\t<div class=\"sc_client_image\"><img decoding=\"async\" class=\"wp-post-image\" alt=\"cliente2\" src=\"https:\/\/quepu.cl\/pt\/wp-content\/uploads\/sites\/3\/2025\/08\/Capa-2.png\"><\/div>\n\t\t\t\t\t\t\t<\/div>\n\t\t<\/div><div class=\"swiper-slide\" data-style=\"width:100%;\" style=\"width:100%;\">\t\t\t<div id=\"sc_clients_2036426733_5\" class=\"sc_clients_item sc_clients_item_5 odd\">\n\t\t\t\t\t\t\t\t<div class=\"sc_client_image\"><img decoding=\"async\" class=\"wp-post-image\" alt=\"cliente1\" src=\"https:\/\/quepu.cl\/pt\/wp-content\/uploads\/sites\/3\/2025\/08\/Capa-3.png\"><\/div>\n\t\t\t\t\t\t\t<\/div>\n\t\t<\/div><\/div><div class=\"sc_slider_controls_wrap\"><a class=\"sc_slider_prev\" href=\"#\"><\/a><a class=\"sc_slider_next\" href=\"#\"><\/a><\/div><div class=\"sc_slider_pagination_wrap\"><\/div><\/div><\/div><!-- \/.sc_clients --><\/div><!-- \/.sc_clients_wrap --><\/div><\/div><\/div>[\/vc_column][\/vc_row]<\/p>\n<\/div>","protected":false},"excerpt":{"rendered":"<p>[vc_row][vc_column][vc_column_text css=&#8221;&#8221;] Olivares de Quepu est\u00e1 localizado no cora\u00e7\u00e3o do Vale de Pencahue, na regi\u00e3o do Maule, Chile, de onde evocamos a tradi\u00e7\u00e3o aliada \u00e0 incorpora\u00e7\u00e3o de novas tecnologias, com um compromisso constante com a melhoria cont\u00ednua, a sustentabilidade, o cuidado com o meio ambiente e, especialmente, com o bem-estar de nossos colaboradores. Essa \u00e9 [&hellip;]<\/p>\n","protected":false},"author":1,"featured_media":0,"parent":0,"menu_order":0,"comment_status":"closed","ping_status":"closed","template":"","meta":{"footnotes":""},"class_list":["post-14","page","type-page","status-publish","hentry"],"yoast_head":"<!-- This site is optimized with the Yoast SEO plugin v26.9 - https:\/\/yoast.com\/product\/yoast-seo-wordpress\/ -->\n<title>Homepage 4 - Olivares de Quepu<\/title>\n<meta name=\"robots\" content=\"index, follow, max-snippet:-1, max-image-preview:large, max-video-preview:-1\" \/>\n<link rel=\"canonical\" href=\"https:\/\/quepu.cl\/pt\/\" \/>\n<meta property=\"og:locale\" content=\"pt_BR\" \/>\n<meta property=\"og:type\" content=\"article\" \/>\n<meta property=\"og:title\" content=\"Homepage 4 - Olivares de Quepu\" \/>\n<meta property=\"og:description\" content=\"[vc_row][vc_column][vc_column_text css=&#8221;&#8221;] Olivares de Quepu est\u00e1 localizado no cora\u00e7\u00e3o do Vale de Pencahue, na regi\u00e3o do Maule, Chile, de onde evocamos a tradi\u00e7\u00e3o aliada \u00e0 incorpora\u00e7\u00e3o de novas tecnologias, com um compromisso constante com a melhoria cont\u00ednua, a sustentabilidade, o cuidado com o meio ambiente e, especialmente, com o bem-estar de nossos colaboradores. Essa \u00e9 [&hellip;]\" \/>\n<meta property=\"og:url\" content=\"https:\/\/quepu.cl\/pt\/\" \/>\n<meta property=\"og:site_name\" content=\"Olivares de Quepu\" \/>\n<meta property=\"article:modified_time\" content=\"2026-03-28T13:51:50+00:00\" \/>\n<meta name=\"twitter:card\" content=\"summary_large_image\" \/>\n<meta name=\"twitter:label1\" content=\"Est. tempo de leitura\" \/>\n\t<meta name=\"twitter:data1\" content=\"2 minutos\" \/>\n<script type=\"application\/ld+json\" class=\"yoast-schema-graph\">{\"@context\":\"https:\/\/schema.org\",\"@graph\":[{\"@type\":\"WebPage\",\"@id\":\"https:\/\/quepu.cl\/pt\/\",\"url\":\"https:\/\/quepu.cl\/pt\/\",\"name\":\"Homepage 4 - Olivares de Quepu\",\"isPartOf\":{\"@id\":\"https:\/\/quepu.cl\/pt\/#website\"},\"datePublished\":\"2016-06-15T14:58:07+00:00\",\"dateModified\":\"2026-03-28T13:51:50+00:00\",\"breadcrumb\":{\"@id\":\"https:\/\/quepu.cl\/pt\/#breadcrumb\"},\"inLanguage\":\"pt-BR\",\"potentialAction\":[{\"@type\":\"ReadAction\",\"target\":[\"https:\/\/quepu.cl\/pt\/\"]}]},{\"@type\":\"BreadcrumbList\",\"@id\":\"https:\/\/quepu.cl\/pt\/#breadcrumb\",\"itemListElement\":[{\"@type\":\"ListItem\",\"position\":1,\"name\":\"Portada\",\"item\":\"https:\/\/quepu.cl\/pt\/\"},{\"@type\":\"ListItem\",\"position\":2,\"name\":\"Homepage 4\"}]},{\"@type\":\"WebSite\",\"@id\":\"https:\/\/quepu.cl\/pt\/#website\",\"url\":\"https:\/\/quepu.cl\/pt\/\",\"name\":\"Olivares de Quepu\",\"description\":\"\",\"potentialAction\":[{\"@type\":\"SearchAction\",\"target\":{\"@type\":\"EntryPoint\",\"urlTemplate\":\"https:\/\/quepu.cl\/pt\/?s={search_term_string}\"},\"query-input\":{\"@type\":\"PropertyValueSpecification\",\"valueRequired\":true,\"valueName\":\"search_term_string\"}}],\"inLanguage\":\"pt-BR\"}]}<\/script>\n<!-- \/ Yoast SEO plugin. -->","yoast_head_json":{"title":"Homepage 4 - Olivares de Quepu","robots":{"index":"index","follow":"follow","max-snippet":"max-snippet:-1","max-image-preview":"max-image-preview:large","max-video-preview":"max-video-preview:-1"},"canonical":"https:\/\/quepu.cl\/pt\/","og_locale":"pt_BR","og_type":"article","og_title":"Homepage 4 - Olivares de Quepu","og_description":"[vc_row][vc_column][vc_column_text css=&#8221;&#8221;] Olivares de Quepu est\u00e1 localizado no cora\u00e7\u00e3o do Vale de Pencahue, na regi\u00e3o do Maule, Chile, de onde evocamos a tradi\u00e7\u00e3o aliada \u00e0 incorpora\u00e7\u00e3o de novas tecnologias, com um compromisso constante com a melhoria cont\u00ednua, a sustentabilidade, o cuidado com o meio ambiente e, especialmente, com o bem-estar de nossos colaboradores. Essa \u00e9 [&hellip;]","og_url":"https:\/\/quepu.cl\/pt\/","og_site_name":"Olivares de Quepu","article_modified_time":"2026-03-28T13:51:50+00:00","twitter_card":"summary_large_image","twitter_misc":{"Est. tempo de leitura":"2 minutos"},"schema":{"@context":"https:\/\/schema.org","@graph":[{"@type":"WebPage","@id":"https:\/\/quepu.cl\/pt\/","url":"https:\/\/quepu.cl\/pt\/","name":"Homepage 4 - Olivares de Quepu","isPartOf":{"@id":"https:\/\/quepu.cl\/pt\/#website"},"datePublished":"2016-06-15T14:58:07+00:00","dateModified":"2026-03-28T13:51:50+00:00","breadcrumb":{"@id":"https:\/\/quepu.cl\/pt\/#breadcrumb"},"inLanguage":"pt-BR","potentialAction":[{"@type":"ReadAction","target":["https:\/\/quepu.cl\/pt\/"]}]},{"@type":"BreadcrumbList","@id":"https:\/\/quepu.cl\/pt\/#breadcrumb","itemListElement":[{"@type":"ListItem","position":1,"name":"Portada","item":"https:\/\/quepu.cl\/pt\/"},{"@type":"ListItem","position":2,"name":"Homepage 4"}]},{"@type":"WebSite","@id":"https:\/\/quepu.cl\/pt\/#website","url":"https:\/\/quepu.cl\/pt\/","name":"Olivares de Quepu","description":"","potentialAction":[{"@type":"SearchAction","target":{"@type":"EntryPoint","urlTemplate":"https:\/\/quepu.cl\/pt\/?s={search_term_string}"},"query-input":{"@type":"PropertyValueSpecification","valueRequired":true,"valueName":"search_term_string"}}],"inLanguage":"pt-BR"}]}},"_links":{"self":[{"href":"https:\/\/quepu.cl\/pt\/wp-json\/wp\/v2\/pages\/14","targetHints":{"allow":["GET"]}}],"collection":[{"href":"https:\/\/quepu.cl\/pt\/wp-json\/wp\/v2\/pages"}],"about":[{"href":"https:\/\/quepu.cl\/pt\/wp-json\/wp\/v2\/types\/page"}],"author":[{"embeddable":true,"href":"https:\/\/quepu.cl\/pt\/wp-json\/wp\/v2\/users\/1"}],"replies":[{"embeddable":true,"href":"https:\/\/quepu.cl\/pt\/wp-json\/wp\/v2\/comments?post=14"}],"version-history":[{"count":15,"href":"https:\/\/quepu.cl\/pt\/wp-json\/wp\/v2\/pages\/14\/revisions"}],"predecessor-version":[{"id":370,"href":"https:\/\/quepu.cl\/pt\/wp-json\/wp\/v2\/pages\/14\/revisions\/370"}],"wp:attachment":[{"href":"https:\/\/quepu.cl\/pt\/wp-json\/wp\/v2\/media?parent=14"}],"curies":[{"name":"wp","href":"https:\/\/api.w.org\/{rel}","templated":true}]}}