{"id":149,"date":"2026-01-11T08:54:27","date_gmt":"2026-01-11T11:54:27","guid":{"rendered":"https:\/\/quepu.cl\/pt\/?page_id=149"},"modified":"2026-01-12T19:45:57","modified_gmt":"2026-01-12T22:45:57","slug":"variedades","status":"publish","type":"page","link":"https:\/\/quepu.cl\/pt\/variedades\/","title":{"rendered":"Variedades"},"content":{"rendered":"<div class=\"wpb-content-wrapper\"><p>[vc_row full_width=&#8221;stretch_row_content&#8221; css=&#8221;.vc_custom_1768275941613{margin-top: 0px !important;padding-top: 100px !important;padding-bottom: 100px !important;}&#8221;][vc_column]<h2 class=\"sc_title sc_title_regular sc_align_center rombos-deco margin_top_null margin_bottom_null\" style=\"text-align:center;font-size:4.9em;\">Variedades<\/h2>[\/vc_column][\/vc_row][vc_row full_width=&#8221;stretch_row_content&#8221; equal_height=&#8221;yes&#8221; el_class=&#8221;reverse-mobile&#8221; css=&#8221;.vc_custom_1768178439123{background-color: #dce0c1 !important;}&#8221;][vc_column width=&#8221;1\/2&#8243; css=&#8221;.vc_custom_1768075663901{padding-right: 0px !important;padding-left: 0px !important;}&#8221;][vc_single_image image=&#8221;156&#8243; img_size=&#8221;full&#8221; css=&#8221;&#8221; el_class=&#8221;margen-imagen&#8221;][\/vc_column][vc_column width=&#8221;1\/2&#8243; css=&#8221;.vc_custom_1768178429047{padding-top: 48px !important;padding-right: 50px !important;padding-bottom: 0px !important;padding-left: 50px !important;background-color: #dce0c1 !important;}&#8221;]<h1 class=\"sc_title sc_title_regular sc_align_left margin_top_null margin_bottom_tiny\" style=\"text-align:left;color:#574b3f;font-weight:100;font-size:4.1em;\">Arbequina<\/h1>[vc_column_text css=&#8221;&#8221;]<\/p>\n<p style=\"text-align: left;\">A Arbequina \u00e9 uma variedade de origem espanhola muito apreciada por seu sabor suave e frutado. \u00c9 uma das variedades mais cultivadas no Chile.<\/p>\n<p><strong><span class=\"s31\">Caracter\u00edsticas:<\/span><\/strong><span class=\"s17\"><br \/>\n<\/span><span class=\"s17\">Um<\/span> <span class=\"s17\">azeite<\/span><span class=\"s17\"> suave e delicado, <\/span><span class=\"s17\">com<\/span><span class=\"s17\"> notas herb\u00e1ceas de <\/span><span class=\"s17\">ma\u00e7\u00e3<\/span><span class=\"s17\">, banana e <\/span><span class=\"s17\">am\u00eandoas<\/span><span class=\"s17\">, <\/span><span class=\"s17\">al\u00e9m<\/span><span class=\"s17\">de toques <\/span><span class=\"s17\">florais<\/span><span class=\"s17\">, <\/span><span class=\"s17\">perfeito<\/span><span class=\"s17\"> para saladas e <\/span><span class=\"s17\">pratos<\/span><span class=\"s17\"> frescos.<\/span><span class=\"s17\"><br \/>\n<\/span><span class=\"s17\">Adapta-se <\/span><span class=\"s17\">muito<\/span> <span class=\"s17\">bem<\/span> <span class=\"s17\">\u00e0s<\/span> <span class=\"s17\">condi\u00e7\u00f5es<\/span><span class=\"s17\"> do <\/span><span class=\"s17\">nosso<\/span><span class=\"s17\">solo, <\/span><span class=\"s17\">com<\/span> <span class=\"s17\">baixo<\/span><span class=\"s17\"> amargor e <\/span><span class=\"s17\">pic\u00e2ncia<\/span><span class=\"s17\">, tornando-se <\/span><span class=\"s17\">acess\u00edvel<\/span><span class=\"s17\"> a todos os tipos de consumidores.<\/span>[\/vc_column_text][\/vc_column][\/vc_row][vc_row full_width=&#8221;stretch_row_content&#8221; css=&#8221;.vc_custom_1768151284829{background-color: #f7f5e9 !important;}&#8221;][vc_column width=&#8221;1\/2&#8243; css=&#8221;.vc_custom_1768181602039{padding-top: 70px !important;padding-right: 50px !important;padding-left: 50px !important;}&#8221;]<h1 class=\"sc_title sc_title_regular sc_align_left margin_top_null margin_bottom_tiny\" style=\"text-align:left;color:#574b3f;font-weight:100;font-size:4.1em;\">Picual<\/h1>[vc_column_text css=&#8221;&#8221;]A Picual \u00e9 uma variedade de origem espanhola, valorizada por seu sabor robusto e alto teor de antioxidantes.<\/p>\n<p><strong>Caracter\u00edsticas:<\/strong><br \/>\nAzeite com frutado verde intenso, notas herb\u00e1ceas e um toque picante, al\u00e9m de elevado teor de \u00e1cido oleico, o que o torna muito est\u00e1vel e adequado para conserva\u00e7\u00e3o.<br \/>\nEm nossos olivais, destaca-se pela intensidade e complexidade, com perfeito equil\u00edbrio entre amargor e pic\u00e2ncia.[\/vc_column_text][\/vc_column][vc_column width=&#8221;1\/2&#8243; css=&#8221;.vc_custom_1768075608603{margin-right: 0px !important;margin-left: 0px !important;padding-right: 0px !important;padding-left: 0px !important;background-position: center !important;background-repeat: no-repeat !important;background-size: cover !important;}&#8221;][vc_single_image image=&#8221;155&#8243; img_size=&#8221;full&#8221; css=&#8221;&#8221; el_class=&#8221;margen-imagen&#8221;][\/vc_column][\/vc_row][vc_row full_width=&#8221;stretch_row_content&#8221; equal_height=&#8221;yes&#8221; el_class=&#8221;reverse-mobile&#8221; css=&#8221;.vc_custom_1768178452167{background-color: #dce0c1 !important;}&#8221;][vc_column width=&#8221;1\/2&#8243; css=&#8221;.vc_custom_1768075663901{padding-right: 0px !important;padding-left: 0px !important;}&#8221;][vc_single_image image=&#8221;156&#8243; img_size=&#8221;full&#8221; css=&#8221;&#8221; el_class=&#8221;margen-imagen&#8221;][\/vc_column][vc_column width=&#8221;1\/2&#8243; css=&#8221;.vc_custom_1768151188441{padding-top: 48px !important;padding-right: 50px !important;padding-bottom: 0px !important;padding-left: 50px !important;background-color: #dce0c1 !important;}&#8221;]<h1 class=\"sc_title sc_title_regular sc_align_left margin_top_null margin_bottom_tiny\" style=\"text-align:left;color:#574b3f;font-weight:100;font-size:4.1em;\">Frantoio<\/h1>[vc_column_text css=&#8221;&#8221;]<\/p>\n<p class=\"s21\"><span class=\"s17\">O <\/span><span class=\"s17\">Frantoio<\/span><span class=\"s17\"> \u00e9 <\/span><span class=\"s17\">uma<\/span> <span class=\"s17\">variedade<\/span><span class=\"s17\"> italiana, <\/span><span class=\"s17\">reconhecida<\/span><span class=\"s17\"> por <\/span><span class=\"s17\">seu<\/span><span class=\"s17\"> perfil elegante e frutado. Tradicionalmente <\/span><span class=\"s17\">associada<\/span><span class=\"s17\"> \u00e0 alta <\/span><span class=\"s17\">gastronomia<\/span><span class=\"s17\">, <\/span><span class=\"s17\">apresenta<\/span><span class=\"s17\"> aromas complexos, <\/span><span class=\"s17\">equil\u00edbrio<\/span><span class=\"s17\"> sensorial <\/span><span class=\"s17\">e<\/span><span class=\"s17\"> alto <\/span><span class=\"s17\">teor<\/span><span class=\"s17\"> de antioxidantes.<\/span><\/p>\n<p class=\"s21\"><strong><span class=\"s31\">Caracter\u00edsticas:<\/span><\/strong><span class=\"s17\"><br \/>\n<\/span><span class=\"s17\">Azeite<\/span><span class=\"s17\"> de sabor frutado intenso, <\/span><span class=\"s17\">com<\/span><span class=\"s17\"> notas de <\/span><span class=\"s17\">ervas<\/span><span class=\"s17\"> frescas, <\/span><span class=\"s17\">muito<\/span><span class=\"s17\"> suave, <\/span><span class=\"s17\">com<\/span><span class=\"s17\"> leve amargor e <\/span><span class=\"s17\">pic\u00e2ncia<\/span> <span class=\"s17\">progressiva<\/span><span class=\"s17\">.<\/span><span class=\"s17\"><br \/>\n<\/span><span class=\"s17\">Destaca-se pela <\/span><span class=\"s17\">versatilidade<\/span> <span class=\"s17\">na<\/span> <span class=\"s17\">cozinha<\/span><span class=\"s17\">, <\/span><span class=\"s17\">sendo<\/span><span class=\"s17\"> ideal para <\/span><span class=\"s17\">molhos<\/span><span class=\"s17\">, temperos e <\/span><span class=\"s17\">pratos<\/span><span class=\"s17\">da <\/span><span class=\"s17\">culin\u00e1ria<\/span><span class=\"s17\"> italiana.<\/span>[\/vc_column_text][\/vc_column][\/vc_row][vc_row full_width=&#8221;stretch_row_content&#8221; css=&#8221;.vc_custom_1768151284829{background-color: #f7f5e9 !important;}&#8221;][vc_column width=&#8221;1\/2&#8243; css=&#8221;.vc_custom_1768181619724{padding-top: 70px !important;padding-right: 50px !important;padding-left: 50px !important;}&#8221;]<h1 class=\"sc_title sc_title_regular sc_align_left margin_top_null margin_bottom_tiny\" style=\"text-align:left;color:#574b3f;font-weight:100;font-size:4.1em;\">Favolosa<\/h1>[vc_column_text css=&#8221;&#8221;]\u00c9 uma nova variedade de origem italiana, com excelente perfil organol\u00e9ptico.<br \/>\nPertence \u00e0 nova gera\u00e7\u00e3o e apresenta grande potencial no setor ole\u00edcola devido \u00e0 sua alta qualidade.<\/p>\n<p><strong>Caracter\u00edsticas:<\/strong><br \/>\nApresenta frutado m\u00e9dio-alto, com notas de erva, ma\u00e7\u00e3 verde, tomate e alcachofra, al\u00e9m de excelente equil\u00edbrio entre amargor e pic\u00e2ncia.<br \/>\nIdeal para consumo direto e harmoniza\u00e7\u00f5es. Perfeita para uso a cru, carpaccios e queijos curados. Tamb\u00e9m muito adequada para frituras.[\/vc_column_text][\/vc_column][vc_column width=&#8221;1\/2&#8243; css=&#8221;.vc_custom_1768075608603{margin-right: 0px !important;margin-left: 0px !important;padding-right: 0px !important;padding-left: 0px !important;background-position: center !important;background-repeat: no-repeat !important;background-size: cover !important;}&#8221;][vc_single_image image=&#8221;155&#8243; img_size=&#8221;full&#8221; css=&#8221;&#8221; el_class=&#8221;margen-imagen&#8221;][\/vc_column][\/vc_row][vc_row full_width=&#8221;stretch_row&#8221; css=&#8221;.vc_custom_1768152241541{padding-top: 80px !important;padding-bottom: 80px !important;background-image: url(https:\/\/quepu.cl\/pt\/wp-content\/uploads\/sites\/3\/2026\/01\/fondo_olivo.jpg?id=159) !important;background-position: center !important;background-repeat: no-repeat !important;background-size: cover !important;}&#8221;][vc_column]<h1 class=\"sc_title sc_title_regular sc_align_center rombos-deco \" style=\"font-family: &#039;Roboto&#039;, Arial, sans-serif; line-height : 1.5em;text-align:center;color:#574b3f;font-weight:400;font-size:1.8em;\"><em>Cada uma dessas variedades oferece uma experi\u00eancia \u00fanica, refletindo a versatilidade e a riqueza do terroir do Maule. Um verdadeiro luxo para os amantes de um excelente azeite de oliva!<\/em><\/h1>[\/vc_column][\/vc_row]<\/p>\n<\/div>","protected":false},"excerpt":{"rendered":"<p>[vc_row full_width=&#8221;stretch_row_content&#8221; css=&#8221;.vc_custom_1768275941613{margin-top: 0px !important;padding-top: 100px !important;padding-bottom: 100px !important;}&#8221;][vc_column][\/vc_column][\/vc_row][vc_row full_width=&#8221;stretch_row_content&#8221; equal_height=&#8221;yes&#8221; el_class=&#8221;reverse-mobile&#8221; css=&#8221;.vc_custom_1768178439123{background-color: #dce0c1 !important;}&#8221;][vc_column width=&#8221;1\/2&#8243; css=&#8221;.vc_custom_1768075663901{padding-right: 0px !important;padding-left: 0px !important;}&#8221;][vc_single_image image=&#8221;156&#8243; img_size=&#8221;full&#8221; css=&#8221;&#8221; el_class=&#8221;margen-imagen&#8221;][\/vc_column][vc_column width=&#8221;1\/2&#8243; css=&#8221;.vc_custom_1768178429047{padding-top: 48px !important;padding-right: 50px !important;padding-bottom: 0px !important;padding-left: 50px !important;background-color: #dce0c1 !important;}&#8221;][vc_column_text css=&#8221;&#8221;] A Arbequina \u00e9 uma variedade de origem espanhola muito apreciada por seu sabor suave e frutado. \u00c9 [&hellip;]<\/p>\n","protected":false},"author":3,"featured_media":0,"parent":0,"menu_order":0,"comment_status":"closed","ping_status":"open","template":"","meta":{"footnotes":""},"class_list":["post-149","page","type-page","status-publish","hentry"],"yoast_head":"<!-- This site is optimized with the Yoast SEO plugin v26.9 - https:\/\/yoast.com\/product\/yoast-seo-wordpress\/ -->\n<title>Variedades - Olivares de Quepu<\/title>\n<meta name=\"robots\" content=\"index, follow, max-snippet:-1, max-image-preview:large, max-video-preview:-1\" \/>\n<link rel=\"canonical\" href=\"https:\/\/quepu.cl\/pt\/variedades\/\" \/>\n<meta property=\"og:locale\" content=\"pt_BR\" \/>\n<meta property=\"og:type\" content=\"article\" \/>\n<meta property=\"og:title\" content=\"Variedades - Olivares de Quepu\" \/>\n<meta property=\"og:description\" content=\"[vc_row full_width=&#8221;stretch_row_content&#8221; css=&#8221;.vc_custom_1768275941613{margin-top: 0px !important;padding-top: 100px !important;padding-bottom: 100px !important;}&#8221;][vc_column][\/vc_column][\/vc_row][vc_row full_width=&#8221;stretch_row_content&#8221; equal_height=&#8221;yes&#8221; el_class=&#8221;reverse-mobile&#8221; css=&#8221;.vc_custom_1768178439123{background-color: #dce0c1 !important;}&#8221;][vc_column width=&#8221;1\/2&#8243; css=&#8221;.vc_custom_1768075663901{padding-right: 0px !important;padding-left: 0px !important;}&#8221;][vc_single_image image=&#8221;156&#8243; img_size=&#8221;full&#8221; css=&#8221;&#8221; el_class=&#8221;margen-imagen&#8221;][\/vc_column][vc_column width=&#8221;1\/2&#8243; css=&#8221;.vc_custom_1768178429047{padding-top: 48px !important;padding-right: 50px !important;padding-bottom: 0px !important;padding-left: 50px !important;background-color: #dce0c1 !important;}&#8221;][vc_column_text css=&#8221;&#8221;] A Arbequina \u00e9 uma variedade de origem espanhola muito apreciada por seu sabor suave e frutado. \u00c9 [&hellip;]\" \/>\n<meta property=\"og:url\" content=\"https:\/\/quepu.cl\/pt\/variedades\/\" \/>\n<meta property=\"og:site_name\" content=\"Olivares de Quepu\" \/>\n<meta property=\"article:modified_time\" content=\"2026-01-12T22:45:57+00:00\" \/>\n<meta name=\"twitter:card\" content=\"summary_large_image\" \/>\n<meta name=\"twitter:label1\" content=\"Est. tempo de leitura\" \/>\n\t<meta name=\"twitter:data1\" content=\"4 minutos\" \/>\n<script type=\"application\/ld+json\" class=\"yoast-schema-graph\">{\"@context\":\"https:\/\/schema.org\",\"@graph\":[{\"@type\":\"WebPage\",\"@id\":\"https:\/\/quepu.cl\/pt\/variedades\/\",\"url\":\"https:\/\/quepu.cl\/pt\/variedades\/\",\"name\":\"Variedades - Olivares de Quepu\",\"isPartOf\":{\"@id\":\"https:\/\/quepu.cl\/pt\/#website\"},\"datePublished\":\"2026-01-11T11:54:27+00:00\",\"dateModified\":\"2026-01-12T22:45:57+00:00\",\"breadcrumb\":{\"@id\":\"https:\/\/quepu.cl\/pt\/variedades\/#breadcrumb\"},\"inLanguage\":\"pt-BR\",\"potentialAction\":[{\"@type\":\"ReadAction\",\"target\":[\"https:\/\/quepu.cl\/pt\/variedades\/\"]}]},{\"@type\":\"BreadcrumbList\",\"@id\":\"https:\/\/quepu.cl\/pt\/variedades\/#breadcrumb\",\"itemListElement\":[{\"@type\":\"ListItem\",\"position\":1,\"name\":\"Portada\",\"item\":\"https:\/\/quepu.cl\/pt\/\"},{\"@type\":\"ListItem\",\"position\":2,\"name\":\"Variedades\"}]},{\"@type\":\"WebSite\",\"@id\":\"https:\/\/quepu.cl\/pt\/#website\",\"url\":\"https:\/\/quepu.cl\/pt\/\",\"name\":\"Olivares de Quepu\",\"description\":\"\",\"potentialAction\":[{\"@type\":\"SearchAction\",\"target\":{\"@type\":\"EntryPoint\",\"urlTemplate\":\"https:\/\/quepu.cl\/pt\/?s={search_term_string}\"},\"query-input\":{\"@type\":\"PropertyValueSpecification\",\"valueRequired\":true,\"valueName\":\"search_term_string\"}}],\"inLanguage\":\"pt-BR\"}]}<\/script>\n<!-- \/ Yoast SEO plugin. -->","yoast_head_json":{"title":"Variedades - Olivares de Quepu","robots":{"index":"index","follow":"follow","max-snippet":"max-snippet:-1","max-image-preview":"max-image-preview:large","max-video-preview":"max-video-preview:-1"},"canonical":"https:\/\/quepu.cl\/pt\/variedades\/","og_locale":"pt_BR","og_type":"article","og_title":"Variedades - Olivares de Quepu","og_description":"[vc_row full_width=&#8221;stretch_row_content&#8221; css=&#8221;.vc_custom_1768275941613{margin-top: 0px !important;padding-top: 100px !important;padding-bottom: 100px !important;}&#8221;][vc_column][\/vc_column][\/vc_row][vc_row full_width=&#8221;stretch_row_content&#8221; equal_height=&#8221;yes&#8221; el_class=&#8221;reverse-mobile&#8221; css=&#8221;.vc_custom_1768178439123{background-color: #dce0c1 !important;}&#8221;][vc_column width=&#8221;1\/2&#8243; css=&#8221;.vc_custom_1768075663901{padding-right: 0px !important;padding-left: 0px !important;}&#8221;][vc_single_image image=&#8221;156&#8243; img_size=&#8221;full&#8221; css=&#8221;&#8221; el_class=&#8221;margen-imagen&#8221;][\/vc_column][vc_column width=&#8221;1\/2&#8243; css=&#8221;.vc_custom_1768178429047{padding-top: 48px !important;padding-right: 50px !important;padding-bottom: 0px !important;padding-left: 50px !important;background-color: #dce0c1 !important;}&#8221;][vc_column_text css=&#8221;&#8221;] A Arbequina \u00e9 uma variedade de origem espanhola muito apreciada por seu sabor suave e frutado. \u00c9 [&hellip;]","og_url":"https:\/\/quepu.cl\/pt\/variedades\/","og_site_name":"Olivares de Quepu","article_modified_time":"2026-01-12T22:45:57+00:00","twitter_card":"summary_large_image","twitter_misc":{"Est. tempo de leitura":"4 minutos"},"schema":{"@context":"https:\/\/schema.org","@graph":[{"@type":"WebPage","@id":"https:\/\/quepu.cl\/pt\/variedades\/","url":"https:\/\/quepu.cl\/pt\/variedades\/","name":"Variedades - Olivares de Quepu","isPartOf":{"@id":"https:\/\/quepu.cl\/pt\/#website"},"datePublished":"2026-01-11T11:54:27+00:00","dateModified":"2026-01-12T22:45:57+00:00","breadcrumb":{"@id":"https:\/\/quepu.cl\/pt\/variedades\/#breadcrumb"},"inLanguage":"pt-BR","potentialAction":[{"@type":"ReadAction","target":["https:\/\/quepu.cl\/pt\/variedades\/"]}]},{"@type":"BreadcrumbList","@id":"https:\/\/quepu.cl\/pt\/variedades\/#breadcrumb","itemListElement":[{"@type":"ListItem","position":1,"name":"Portada","item":"https:\/\/quepu.cl\/pt\/"},{"@type":"ListItem","position":2,"name":"Variedades"}]},{"@type":"WebSite","@id":"https:\/\/quepu.cl\/pt\/#website","url":"https:\/\/quepu.cl\/pt\/","name":"Olivares de Quepu","description":"","potentialAction":[{"@type":"SearchAction","target":{"@type":"EntryPoint","urlTemplate":"https:\/\/quepu.cl\/pt\/?s={search_term_string}"},"query-input":{"@type":"PropertyValueSpecification","valueRequired":true,"valueName":"search_term_string"}}],"inLanguage":"pt-BR"}]}},"_links":{"self":[{"href":"https:\/\/quepu.cl\/pt\/wp-json\/wp\/v2\/pages\/149","targetHints":{"allow":["GET"]}}],"collection":[{"href":"https:\/\/quepu.cl\/pt\/wp-json\/wp\/v2\/pages"}],"about":[{"href":"https:\/\/quepu.cl\/pt\/wp-json\/wp\/v2\/types\/page"}],"author":[{"embeddable":true,"href":"https:\/\/quepu.cl\/pt\/wp-json\/wp\/v2\/users\/3"}],"replies":[{"embeddable":true,"href":"https:\/\/quepu.cl\/pt\/wp-json\/wp\/v2\/comments?post=149"}],"version-history":[{"count":11,"href":"https:\/\/quepu.cl\/pt\/wp-json\/wp\/v2\/pages\/149\/revisions"}],"predecessor-version":[{"id":240,"href":"https:\/\/quepu.cl\/pt\/wp-json\/wp\/v2\/pages\/149\/revisions\/240"}],"wp:attachment":[{"href":"https:\/\/quepu.cl\/pt\/wp-json\/wp\/v2\/media?parent=149"}],"curies":[{"name":"wp","href":"https:\/\/api.w.org\/{rel}","templated":true}]}}