{"id":163,"date":"2026-01-11T09:27:29","date_gmt":"2026-01-11T12:27:29","guid":{"rendered":"https:\/\/quepu.cl\/pt\/?page_id=163"},"modified":"2026-02-07T11:58:16","modified_gmt":"2026-02-07T14:58:16","slug":"ciclo-anual-de-producao","status":"publish","type":"page","link":"https:\/\/quepu.cl\/pt\/ciclo-anual-de-producao\/","title":{"rendered":"Ciclo Anual de Produ\u00e7\u00e3o"},"content":{"rendered":"<div class=\"wpb-content-wrapper\"><p>[vc_row full_width=&#8221;stretch_row_content&#8221; css=&#8221;.vc_custom_1768276126616{margin-top: 0px !important;padding-top: 100px !important;padding-bottom: 100px !important;}&#8221;][vc_column]<h2 class=\"sc_title sc_title_regular sc_align_center rombos-deco margin_top_null margin_bottom_null\" style=\"text-align:center;font-size:4.9em;\"><span class=\"s31\">Ciclo Anual de <\/span><span class=\"s31\">Produ\u00e7\u00e3o<\/span><\/h2>[\/vc_column][\/vc_row][vc_row full_width=&#8221;stretch_row_content&#8221; equal_height=&#8221;yes&#8221; el_class=&#8221;reverse-mobile&#8221; css=&#8221;.vc_custom_1768178673496{background-color: #dce0c1 !important;}&#8221;][vc_column width=&#8221;1\/2&#8243; css=&#8221;.vc_custom_1768075663901{padding-right: 0px !important;padding-left: 0px !important;}&#8221;][vc_single_image image=&#8221;167&#8243; img_size=&#8221;full&#8221; css=&#8221;&#8221; el_class=&#8221;margen-imagen&#8221;][\/vc_column][vc_column width=&#8221;1\/2&#8243; css=&#8221;.vc_custom_1768151188441{padding-top: 48px !important;padding-right: 50px !important;padding-bottom: 0px !important;padding-left: 50px !important;background-color: #dce0c1 !important;}&#8221;][vc_single_image image=&#8221;171&#8243; img_size=&#8221;120&#215;120&#8243; alignment=&#8221;center&#8221; css=&#8221;&#8221; el_class=&#8221;icon&#8221;]<h1 class=\"sc_title sc_title_regular sc_align_center margin_top_null margin_bottom_tiny\" style=\"text-align:center;color:#574b3f;font-weight:100;font-size:4.1em;\">Poda<\/h1>[vc_column_text css=&#8221;&#8221;]<\/p>\n<p style=\"text-align: center;\">Esta etapa tem como objetivo manter o olival saud\u00e1vel,<br \/>\ncom uma produ\u00e7\u00e3o equilibrada.[\/vc_column_text][\/vc_column][\/vc_row][vc_row full_width=&#8221;stretch_row_content&#8221; equal_height=&#8221;yes&#8221; content_placement=&#8221;middle&#8221; css=&#8221;.vc_custom_1769489839622{background-color: #f7f5e9 !important;}&#8221;][vc_column width=&#8221;1\/2&#8243; css=&#8221;.vc_custom_1769489791527{padding-right: 50px !important;padding-left: 50px !important;}&#8221;][vc_single_image image=&#8221;174&#8243; img_size=&#8221;120&#215;120&#8243; alignment=&#8221;center&#8221; css=&#8221;&#8221; el_class=&#8221;icon&#8221;]<h1 class=\"sc_title sc_title_regular sc_align_center margin_top_null margin_bottom_tiny\" style=\"text-align:center;color:#574b3f;font-weight:100;font-size:4.1em;\">Brota\u00e7\u00e3o<\/h1>[vc_column_text css=&#8221;&#8221;]<\/p>\n<p style=\"text-align: center;\">O manejo da irriga\u00e7\u00e3o e da nutri\u00e7\u00e3o \u00e9 realizado para preparar a \u00e1rvore para \u201calimentar\u201d os frutos.<\/p>\n<p>[\/vc_column_text][\/vc_column][vc_column width=&#8221;1\/2&#8243; css=&#8221;.vc_custom_1768075608603{margin-right: 0px !important;margin-left: 0px !important;padding-right: 0px !important;padding-left: 0px !important;background-position: center !important;background-repeat: no-repeat !important;background-size: cover !important;}&#8221;][vc_single_image image=&#8221;170&#8243; img_size=&#8221;full&#8221; css=&#8221;&#8221; el_class=&#8221;margen-imagen&#8221;][\/vc_column][\/vc_row][vc_row full_width=&#8221;stretch_row_content&#8221; equal_height=&#8221;yes&#8221; el_class=&#8221;reverse-mobile&#8221; css=&#8221;.vc_custom_1768178687942{background-color: #dce0c1 !important;}&#8221;][vc_column width=&#8221;1\/2&#8243; css=&#8221;.vc_custom_1768075663901{padding-right: 0px !important;padding-left: 0px !important;}&#8221;][vc_single_image image=&#8221;169&#8243; img_size=&#8221;full&#8221; css=&#8221;&#8221; el_class=&#8221;margen-imagen&#8221;][\/vc_column][vc_column width=&#8221;1\/2&#8243; css=&#8221;.vc_custom_1768155885257{padding-top: 16px !important;padding-right: 50px !important;padding-left: 50px !important;background-color: #dce0c1 !important;}&#8221;][vc_single_image image=&#8221;176&#8243; img_size=&#8221;120&#215;120&#8243; alignment=&#8221;center&#8221; css=&#8221;&#8221; el_class=&#8221;icon&#8221;]<h1 class=\"sc_title sc_title_regular sc_align_center margin_top_null margin_bottom_tiny\" style=\"text-align:center;color:#574b3f;font-weight:100;font-size:4.1em;\">Desenvolvimento da flor e do fruto<\/h1>[vc_column_text css=&#8221;&#8221;]<\/p>\n<p style=\"text-align: center;\">Promovemos o desenvolvimento dos frutos por meio de irriga\u00e7\u00e3o de precis\u00e3o e nutri\u00e7\u00e3o balanceada. Cuidamos da sanidade dos frutos utilizando pr\u00e1ticas de manejo integrado e aproveitando a biodiversidade para prevenir o ataque de pragas e doen\u00e7as.<\/p>\n<p>[\/vc_column_text][\/vc_column][\/vc_row][vc_row full_width=&#8221;stretch_row_content&#8221; equal_height=&#8221;yes&#8221; content_placement=&#8221;middle&#8221; css=&#8221;.vc_custom_1769490053995{background-color: #f7f5e9 !important;}&#8221;][vc_column width=&#8221;1\/2&#8243; css=&#8221;.vc_custom_1769490028635{padding-right: 50px !important;padding-left: 50px !important;}&#8221;][vc_single_image image=&#8221;175&#8243; img_size=&#8221;120&#215;120&#8243; alignment=&#8221;center&#8221; css=&#8221;&#8221; el_class=&#8221;icon&#8221;]<h1 class=\"sc_title sc_title_regular sc_align_center margin_top_null margin_bottom_tiny\" style=\"text-align:center;color:#574b3f;font-weight:100;font-size:4.1em;\">Matura\u00e7\u00e3o<\/h1>[vc_column_text css=&#8221;&#8221;]<\/p>\n<p style=\"text-align: center;\"><span class=\"s17\">As <\/span><span class=\"s17\">oliveiras<\/span> <span class=\"s17\">florescem<\/span><span class=\"s17\"> e os frutos <\/span><span class=\"s17\">come\u00e7am<\/span><span class=\"s17\"> a <\/span><span class=\"s17\">se<\/span><span class=\"s17\"> desenvolver durante <\/span><span class=\"s17\">a<\/span><span class=\"s17\"> primavera e o <\/span><span class=\"s17\">ver\u00e3o<\/span><span class=\"s17\">. O clima seco e o solo <\/span><span class=\"s17\">bem<\/span><span class=\"s17\"> drenado <\/span><span class=\"s17\">permitem<\/span><span class=\"s17\"> o <\/span><span class=\"s17\">crescimento<\/span><span class=\"s17\"> das <\/span><span class=\"s17\">azeitonas<\/span><span class=\"s17\">, <\/span><span class=\"s17\">possibilitando<\/span> <span class=\"s17\">uma<\/span> <span class=\"s17\">acumula\u00e7\u00e3o<\/span><span class=\"s17\"> gradual de \u00f3leo.<\/span><\/p>\n<p>[\/vc_column_text][\/vc_column][vc_column width=&#8221;1\/2&#8243; css=&#8221;.vc_custom_1768075608603{margin-right: 0px !important;margin-left: 0px !important;padding-right: 0px !important;padding-left: 0px !important;background-position: center !important;background-repeat: no-repeat !important;background-size: cover !important;}&#8221;][vc_single_image image=&#8221;155&#8243; img_size=&#8221;full&#8221; css=&#8221;&#8221; el_class=&#8221;margen-imagen&#8221;][\/vc_column][\/vc_row][vc_row full_width=&#8221;stretch_row_content&#8221; equal_height=&#8221;yes&#8221; content_placement=&#8221;middle&#8221; el_class=&#8221;reverse-mobile&#8221; css=&#8221;.vc_custom_1769576494891{background-color: #dce0c1 !important;}&#8221;][vc_column width=&#8221;1\/2&#8243; css=&#8221;.vc_custom_1768075663901{padding-right: 0px !important;padding-left: 0px !important;}&#8221;][vc_single_image image=&#8221;358&#8243; img_size=&#8221;full&#8221; css=&#8221;&#8221; el_class=&#8221;margen-imagen&#8221;][\/vc_column][vc_column width=&#8221;1\/2&#8243; css=&#8221;.vc_custom_1768155885257{padding-top: 16px !important;padding-right: 50px !important;padding-left: 50px !important;background-color: #dce0c1 !important;}&#8221;][vc_single_image image=&#8221;361&#8243; img_size=&#8221;120&#215;120&#8243; alignment=&#8221;center&#8221; css=&#8221;&#8221; el_class=&#8221;icon&#8221;]<h1 class=\"sc_title sc_title_regular sc_align_center margin_top_null margin_bottom_tiny\" style=\"text-align:center;color:#574b3f;font-weight:100;font-size:4.1em;\">Colheita<\/h1>[vc_column_text css=&#8221;&#8221;]<\/p>\n<p style=\"text-align: center;\">Realizamos esse processo tanto de forma mec\u00e2nica quanto manual, com grande cuidado para garantir que a colheita n\u00e3o danifique a \u00e1rvore nem os frutos.<\/p>\n<p>[\/vc_column_text][\/vc_column][\/vc_row]<\/p>\n<\/div>","protected":false},"excerpt":{"rendered":"<p>[vc_row full_width=&#8221;stretch_row_content&#8221; css=&#8221;.vc_custom_1768276126616{margin-top: 0px !important;padding-top: 100px !important;padding-bottom: 100px !important;}&#8221;][vc_column][\/vc_column][\/vc_row][vc_row full_width=&#8221;stretch_row_content&#8221; equal_height=&#8221;yes&#8221; el_class=&#8221;reverse-mobile&#8221; css=&#8221;.vc_custom_1768178673496{background-color: #dce0c1 !important;}&#8221;][vc_column width=&#8221;1\/2&#8243; css=&#8221;.vc_custom_1768075663901{padding-right: 0px !important;padding-left: 0px !important;}&#8221;][vc_single_image image=&#8221;167&#8243; img_size=&#8221;full&#8221; css=&#8221;&#8221; el_class=&#8221;margen-imagen&#8221;][\/vc_column][vc_column width=&#8221;1\/2&#8243; css=&#8221;.vc_custom_1768151188441{padding-top: 48px !important;padding-right: 50px !important;padding-bottom: 0px !important;padding-left: 50px !important;background-color: #dce0c1 !important;}&#8221;][vc_single_image image=&#8221;171&#8243; img_size=&#8221;120&#215;120&#8243; alignment=&#8221;center&#8221; css=&#8221;&#8221; el_class=&#8221;icon&#8221;][vc_column_text css=&#8221;&#8221;] Esta etapa tem como objetivo manter o olival saud\u00e1vel, com uma produ\u00e7\u00e3o [&hellip;]<\/p>\n","protected":false},"author":3,"featured_media":0,"parent":0,"menu_order":0,"comment_status":"closed","ping_status":"open","template":"","meta":{"footnotes":""},"class_list":["post-163","page","type-page","status-publish","hentry"],"yoast_head":"<!-- This site is optimized with the Yoast SEO plugin v26.9 - https:\/\/yoast.com\/product\/yoast-seo-wordpress\/ -->\n<title>Ciclo Anual de Produ\u00e7\u00e3o - Olivares de Quepu<\/title>\n<meta name=\"robots\" content=\"index, follow, max-snippet:-1, max-image-preview:large, max-video-preview:-1\" \/>\n<link rel=\"canonical\" href=\"https:\/\/quepu.cl\/pt\/ciclo-anual-de-producao\/\" \/>\n<meta property=\"og:locale\" content=\"pt_BR\" \/>\n<meta property=\"og:type\" content=\"article\" \/>\n<meta property=\"og:title\" content=\"Ciclo Anual de Produ\u00e7\u00e3o - Olivares de Quepu\" \/>\n<meta property=\"og:description\" content=\"[vc_row full_width=&#8221;stretch_row_content&#8221; css=&#8221;.vc_custom_1768276126616{margin-top: 0px !important;padding-top: 100px !important;padding-bottom: 100px !important;}&#8221;][vc_column][\/vc_column][\/vc_row][vc_row full_width=&#8221;stretch_row_content&#8221; equal_height=&#8221;yes&#8221; el_class=&#8221;reverse-mobile&#8221; css=&#8221;.vc_custom_1768178673496{background-color: #dce0c1 !important;}&#8221;][vc_column width=&#8221;1\/2&#8243; css=&#8221;.vc_custom_1768075663901{padding-right: 0px !important;padding-left: 0px !important;}&#8221;][vc_single_image image=&#8221;167&#8243; img_size=&#8221;full&#8221; css=&#8221;&#8221; el_class=&#8221;margen-imagen&#8221;][\/vc_column][vc_column width=&#8221;1\/2&#8243; css=&#8221;.vc_custom_1768151188441{padding-top: 48px !important;padding-right: 50px !important;padding-bottom: 0px !important;padding-left: 50px !important;background-color: #dce0c1 !important;}&#8221;][vc_single_image image=&#8221;171&#8243; img_size=&#8221;120&#215;120&#8243; alignment=&#8221;center&#8221; css=&#8221;&#8221; el_class=&#8221;icon&#8221;][vc_column_text css=&#8221;&#8221;] Esta etapa tem como objetivo manter o olival saud\u00e1vel, com uma produ\u00e7\u00e3o [&hellip;]\" \/>\n<meta property=\"og:url\" content=\"https:\/\/quepu.cl\/pt\/ciclo-anual-de-producao\/\" \/>\n<meta property=\"og:site_name\" content=\"Olivares de Quepu\" \/>\n<meta property=\"article:modified_time\" content=\"2026-02-07T14:58:16+00:00\" \/>\n<meta name=\"twitter:card\" content=\"summary_large_image\" \/>\n<meta name=\"twitter:label1\" content=\"Est. tempo de leitura\" \/>\n\t<meta name=\"twitter:data1\" content=\"4 minutos\" \/>\n<script type=\"application\/ld+json\" class=\"yoast-schema-graph\">{\"@context\":\"https:\/\/schema.org\",\"@graph\":[{\"@type\":\"WebPage\",\"@id\":\"https:\/\/quepu.cl\/pt\/ciclo-anual-de-producao\/\",\"url\":\"https:\/\/quepu.cl\/pt\/ciclo-anual-de-producao\/\",\"name\":\"Ciclo Anual de Produ\u00e7\u00e3o - Olivares de Quepu\",\"isPartOf\":{\"@id\":\"https:\/\/quepu.cl\/pt\/#website\"},\"datePublished\":\"2026-01-11T12:27:29+00:00\",\"dateModified\":\"2026-02-07T14:58:16+00:00\",\"breadcrumb\":{\"@id\":\"https:\/\/quepu.cl\/pt\/ciclo-anual-de-producao\/#breadcrumb\"},\"inLanguage\":\"pt-BR\",\"potentialAction\":[{\"@type\":\"ReadAction\",\"target\":[\"https:\/\/quepu.cl\/pt\/ciclo-anual-de-producao\/\"]}]},{\"@type\":\"BreadcrumbList\",\"@id\":\"https:\/\/quepu.cl\/pt\/ciclo-anual-de-producao\/#breadcrumb\",\"itemListElement\":[{\"@type\":\"ListItem\",\"position\":1,\"name\":\"Portada\",\"item\":\"https:\/\/quepu.cl\/pt\/\"},{\"@type\":\"ListItem\",\"position\":2,\"name\":\"Ciclo Anual de Produ\u00e7\u00e3o\"}]},{\"@type\":\"WebSite\",\"@id\":\"https:\/\/quepu.cl\/pt\/#website\",\"url\":\"https:\/\/quepu.cl\/pt\/\",\"name\":\"Olivares de Quepu\",\"description\":\"\",\"potentialAction\":[{\"@type\":\"SearchAction\",\"target\":{\"@type\":\"EntryPoint\",\"urlTemplate\":\"https:\/\/quepu.cl\/pt\/?s={search_term_string}\"},\"query-input\":{\"@type\":\"PropertyValueSpecification\",\"valueRequired\":true,\"valueName\":\"search_term_string\"}}],\"inLanguage\":\"pt-BR\"}]}<\/script>\n<!-- \/ Yoast SEO plugin. -->","yoast_head_json":{"title":"Ciclo Anual de Produ\u00e7\u00e3o - Olivares de Quepu","robots":{"index":"index","follow":"follow","max-snippet":"max-snippet:-1","max-image-preview":"max-image-preview:large","max-video-preview":"max-video-preview:-1"},"canonical":"https:\/\/quepu.cl\/pt\/ciclo-anual-de-producao\/","og_locale":"pt_BR","og_type":"article","og_title":"Ciclo Anual de Produ\u00e7\u00e3o - Olivares de Quepu","og_description":"[vc_row full_width=&#8221;stretch_row_content&#8221; css=&#8221;.vc_custom_1768276126616{margin-top: 0px !important;padding-top: 100px !important;padding-bottom: 100px !important;}&#8221;][vc_column][\/vc_column][\/vc_row][vc_row full_width=&#8221;stretch_row_content&#8221; equal_height=&#8221;yes&#8221; el_class=&#8221;reverse-mobile&#8221; css=&#8221;.vc_custom_1768178673496{background-color: #dce0c1 !important;}&#8221;][vc_column width=&#8221;1\/2&#8243; css=&#8221;.vc_custom_1768075663901{padding-right: 0px !important;padding-left: 0px !important;}&#8221;][vc_single_image image=&#8221;167&#8243; img_size=&#8221;full&#8221; css=&#8221;&#8221; el_class=&#8221;margen-imagen&#8221;][\/vc_column][vc_column width=&#8221;1\/2&#8243; css=&#8221;.vc_custom_1768151188441{padding-top: 48px !important;padding-right: 50px !important;padding-bottom: 0px !important;padding-left: 50px !important;background-color: #dce0c1 !important;}&#8221;][vc_single_image image=&#8221;171&#8243; img_size=&#8221;120&#215;120&#8243; alignment=&#8221;center&#8221; css=&#8221;&#8221; el_class=&#8221;icon&#8221;][vc_column_text css=&#8221;&#8221;] Esta etapa tem como objetivo manter o olival saud\u00e1vel, com uma produ\u00e7\u00e3o [&hellip;]","og_url":"https:\/\/quepu.cl\/pt\/ciclo-anual-de-producao\/","og_site_name":"Olivares de Quepu","article_modified_time":"2026-02-07T14:58:16+00:00","twitter_card":"summary_large_image","twitter_misc":{"Est. tempo de leitura":"4 minutos"},"schema":{"@context":"https:\/\/schema.org","@graph":[{"@type":"WebPage","@id":"https:\/\/quepu.cl\/pt\/ciclo-anual-de-producao\/","url":"https:\/\/quepu.cl\/pt\/ciclo-anual-de-producao\/","name":"Ciclo Anual de Produ\u00e7\u00e3o - Olivares de Quepu","isPartOf":{"@id":"https:\/\/quepu.cl\/pt\/#website"},"datePublished":"2026-01-11T12:27:29+00:00","dateModified":"2026-02-07T14:58:16+00:00","breadcrumb":{"@id":"https:\/\/quepu.cl\/pt\/ciclo-anual-de-producao\/#breadcrumb"},"inLanguage":"pt-BR","potentialAction":[{"@type":"ReadAction","target":["https:\/\/quepu.cl\/pt\/ciclo-anual-de-producao\/"]}]},{"@type":"BreadcrumbList","@id":"https:\/\/quepu.cl\/pt\/ciclo-anual-de-producao\/#breadcrumb","itemListElement":[{"@type":"ListItem","position":1,"name":"Portada","item":"https:\/\/quepu.cl\/pt\/"},{"@type":"ListItem","position":2,"name":"Ciclo Anual de Produ\u00e7\u00e3o"}]},{"@type":"WebSite","@id":"https:\/\/quepu.cl\/pt\/#website","url":"https:\/\/quepu.cl\/pt\/","name":"Olivares de Quepu","description":"","potentialAction":[{"@type":"SearchAction","target":{"@type":"EntryPoint","urlTemplate":"https:\/\/quepu.cl\/pt\/?s={search_term_string}"},"query-input":{"@type":"PropertyValueSpecification","valueRequired":true,"valueName":"search_term_string"}}],"inLanguage":"pt-BR"}]}},"_links":{"self":[{"href":"https:\/\/quepu.cl\/pt\/wp-json\/wp\/v2\/pages\/163","targetHints":{"allow":["GET"]}}],"collection":[{"href":"https:\/\/quepu.cl\/pt\/wp-json\/wp\/v2\/pages"}],"about":[{"href":"https:\/\/quepu.cl\/pt\/wp-json\/wp\/v2\/types\/page"}],"author":[{"embeddable":true,"href":"https:\/\/quepu.cl\/pt\/wp-json\/wp\/v2\/users\/3"}],"replies":[{"embeddable":true,"href":"https:\/\/quepu.cl\/pt\/wp-json\/wp\/v2\/comments?post=163"}],"version-history":[{"count":14,"href":"https:\/\/quepu.cl\/pt\/wp-json\/wp\/v2\/pages\/163\/revisions"}],"predecessor-version":[{"id":365,"href":"https:\/\/quepu.cl\/pt\/wp-json\/wp\/v2\/pages\/163\/revisions\/365"}],"wp:attachment":[{"href":"https:\/\/quepu.cl\/pt\/wp-json\/wp\/v2\/media?parent=163"}],"curies":[{"name":"wp","href":"https:\/\/api.w.org\/{rel}","templated":true}]}}