{"id":179,"date":"2026-01-11T10:39:38","date_gmt":"2026-01-11T13:39:38","guid":{"rendered":"https:\/\/quepu.cl\/pt\/?page_id=179"},"modified":"2026-02-07T12:00:50","modified_gmt":"2026-02-07T15:00:50","slug":"processo-de-elaboracao","status":"publish","type":"page","link":"https:\/\/quepu.cl\/pt\/processo-de-elaboracao\/","title":{"rendered":"Processo de Elabora\u00e7\u00e3o"},"content":{"rendered":"<div class=\"wpb-content-wrapper\"><p>[vc_row full_width=&#8221;stretch_row_content&#8221; css=&#8221;.vc_custom_1768276483332{margin-top: 0px !important;padding-top: 100px !important;padding-bottom: 100px !important;}&#8221;][vc_column]<h2 class=\"sc_title sc_title_regular sc_align_center rombos-deco margin_top_null margin_bottom_null\" style=\"text-align:center;font-size:4.9em;\"><span class=\"s31\">Processo de Elabora\u00e7\u00e3o<\/span><\/h2>[\/vc_column][\/vc_row][vc_row full_width=&#8221;stretch_row_content&#8221; equal_height=&#8221;yes&#8221; content_placement=&#8221;middle&#8221; el_class=&#8221;reverse-mobile&#8221; css=&#8221;.vc_custom_1769490654994{background-color: #dce0c1 !important;}&#8221;][vc_column width=&#8221;1\/2&#8243; css=&#8221;.vc_custom_1768075663901{padding-right: 0px !important;padding-left: 0px !important;}&#8221;][vc_single_image image=&#8221;183&#8243; img_size=&#8221;full&#8221; css=&#8221;&#8221; el_class=&#8221;.margen-imagen&#8221;][\/vc_column][vc_column width=&#8221;1\/2&#8243; css=&#8221;.vc_custom_1769490177484{padding-right: 50px !important;padding-left: 50px !important;background-color: #dce0c1 !important;}&#8221;][vc_single_image image=&#8221;192&#8243; img_size=&#8221;120&#215;120&#8243; alignment=&#8221;center&#8221; css=&#8221;&#8221; el_class=&#8221;icon&#8221;]<h1 class=\"sc_title sc_title_regular sc_align_center margin_top_null margin_bottom_tiny\" style=\"text-align:center;color:#574b3f;font-weight:100;font-size:4.1em;\">Recep\u00e7\u00e3o<\/h1>[vc_column_text css=&#8221;&#8221;]<\/p>\n<p style=\"text-align: center;\">Garantimos a qualidade verificando que as azeitonas estejam saud\u00e1veis e n\u00e3o tenham permanecido armazenadas por mais tempo do que o recomendado.<\/p>\n<p>[\/vc_column_text][\/vc_column][\/vc_row][vc_row full_width=&#8221;stretch_row_content&#8221; equal_height=&#8221;yes&#8221; content_placement=&#8221;middle&#8221; css=&#8221;.vc_custom_1769490367539{background-color: #f7f5e9 !important;}&#8221;][vc_column width=&#8221;1\/2&#8243; css=&#8221;.vc_custom_1769490390140{padding-right: 50px !important;padding-left: 50px !important;}&#8221;][vc_single_image image=&#8221;198&#8243; img_size=&#8221;120&#215;120&#8243; alignment=&#8221;center&#8221; css=&#8221;&#8221; el_class=&#8221;icon&#8221;]<h1 class=\"sc_title sc_title_regular sc_align_center margin_top_null margin_bottom_tiny\" style=\"text-align:center;color:#574b3f;font-weight:100;font-size:4.1em;\"><span class=\"s31\">Limpeza<\/span><span class=\"s31\"> e <\/span><span class=\"s31\">Lavagem<\/span><\/h1>[vc_column_text css=&#8221;&#8221;]<\/p>\n<p style=\"text-align: center;\">Folhas e pequenos galhos provenientes do campo s\u00e3o removidos por meio de ar, e as azeitonas passam por um jato de \u00e1gua para a limpeza.<\/p>\n<p>[\/vc_column_text][\/vc_column][vc_column width=&#8221;1\/2&#8243; css=&#8221;.vc_custom_1768075608603{margin-right: 0px !important;margin-left: 0px !important;padding-right: 0px !important;padding-left: 0px !important;background-position: center !important;background-repeat: no-repeat !important;background-size: cover !important;}&#8221;][vc_single_image image=&#8221;184&#8243; img_size=&#8221;full&#8221; css=&#8221;&#8221; el_class=&#8221;.margen-imagen&#8221;][\/vc_column][\/vc_row][vc_row full_width=&#8221;stretch_row_content&#8221; equal_height=&#8221;yes&#8221; content_placement=&#8221;middle&#8221; el_class=&#8221;reverse-mobile&#8221; css=&#8221;.vc_custom_1768177347743{background-color: #dce0c1 !important;}&#8221;][vc_column width=&#8221;1\/2&#8243; css=&#8221;.vc_custom_1768075663901{padding-right: 0px !important;padding-left: 0px !important;}&#8221;][vc_single_image image=&#8221;188&#8243; img_size=&#8221;full&#8221; css=&#8221;&#8221; el_class=&#8221;.margen-imagen&#8221;][\/vc_column][vc_column width=&#8221;1\/2&#8243; css=&#8221;.vc_custom_1769490466699{padding-right: 50px !important;padding-left: 50px !important;background-color: #dce0c1 !important;}&#8221;][vc_single_image image=&#8221;197&#8243; img_size=&#8221;120&#215;120&#8243; alignment=&#8221;center&#8221; css=&#8221;&#8221; el_class=&#8221;icon&#8221;]<h1 class=\"sc_title sc_title_regular sc_align_center margin_top_null margin_bottom_tiny\" style=\"text-align:center;color:#574b3f;font-weight:100;font-size:4.1em;\">Moagem<\/h1>[vc_column_text css=&#8221;&#8221;]<\/p>\n<p style=\"text-align: center;\">Neste processo, \u00e9 gerada uma pasta homog\u00eanea por meio de moinhos de martelos.<\/p>\n<p>[\/vc_column_text][\/vc_column][\/vc_row][vc_row full_width=&#8221;stretch_row_content&#8221; content_placement=&#8221;middle&#8221; css=&#8221;.vc_custom_1769490607089{background-color: #f7f5e9 !important;}&#8221;][vc_column width=&#8221;1\/2&#8243; css=&#8221;.vc_custom_1769490482235{padding-right: 50px !important;padding-left: 50px !important;}&#8221;][vc_single_image image=&#8221;196&#8243; img_size=&#8221;120&#215;120&#8243; alignment=&#8221;center&#8221; css=&#8221;&#8221; el_class=&#8221;icon&#8221;]<h1 class=\"sc_title sc_title_regular sc_align_center margin_top_null margin_bottom_tiny\" style=\"text-align:center;color:#574b3f;font-weight:100;font-size:4.1em;\">Termobatimento<\/h1>[vc_column_text css=&#8221;&#8221;]<\/p>\n<p style=\"text-align: center;\"><span class=\"s17\">A pasta de <\/span><span class=\"s17\">azeitona<\/span><span class=\"s17\"> \u00e9 <\/span><span class=\"s17\">conduzida<\/span><span class=\"s17\"> para <\/span><span class=\"s17\">batedores<\/span><span class=\"s17\"> de <\/span><span class=\"s17\">a\u00e7o<\/span> <span class=\"s17\">inoxid\u00e1vel<\/span><span class=\"s17\">, onde \u00e9 <\/span><span class=\"s17\">trabalhada<\/span><span class=\"s17\"> para favorecer <\/span><span class=\"s17\">uma<\/span> <span class=\"s17\">melhor<\/span><span class=\"s17\">extra\u00e7\u00e3o<\/span><span class=\"s17\"> do <\/span><span class=\"s17\">azeite<\/span><span class=\"s17\">.<\/span><\/p>\n<p>[\/vc_column_text][\/vc_column][vc_column width=&#8221;1\/2&#8243; css=&#8221;.vc_custom_1768075608603{margin-right: 0px !important;margin-left: 0px !important;padding-right: 0px !important;padding-left: 0px !important;background-position: center !important;background-repeat: no-repeat !important;background-size: cover !important;}&#8221;][vc_single_image image=&#8221;187&#8243; img_size=&#8221;full&#8221; css=&#8221;&#8221; el_class=&#8221;.margen-imagen&#8221;][\/vc_column][\/vc_row][vc_row full_width=&#8221;stretch_row_content&#8221; equal_height=&#8221;yes&#8221; content_placement=&#8221;middle&#8221; el_class=&#8221;reverse-mobile&#8221; css=&#8221;.vc_custom_1769490582950{background-color: #dce0c1 !important;}&#8221;][vc_column width=&#8221;1\/2&#8243; css=&#8221;.vc_custom_1768075663901{padding-right: 0px !important;padding-left: 0px !important;}&#8221;][vc_single_image image=&#8221;186&#8243; img_size=&#8221;full&#8221; css=&#8221;&#8221; el_class=&#8221;.margen-imagen&#8221;][\/vc_column][vc_column width=&#8221;1\/2&#8243; css=&#8221;.vc_custom_1769490495788{padding-right: 50px !important;padding-left: 50px !important;background-color: #dce0c1 !important;}&#8221;][vc_single_image image=&#8221;195&#8243; img_size=&#8221;120&#215;120&#8243; alignment=&#8221;center&#8221; css=&#8221;&#8221; el_class=&#8221;icon&#8221;]<h1 class=\"sc_title sc_title_regular sc_align_center margin_top_null margin_bottom_tiny\" style=\"text-align:center;color:#574b3f;font-weight:100;font-size:4.1em;\"><span class=\"s31\">Extra\u00e7\u00e3o<\/span><span class=\"s31\"> do <\/span><span class=\"s31\">Azeite<\/span><\/h1>[vc_column_text css=&#8221;&#8221;]<\/p>\n<p style=\"text-align: center;\">A pasta de azeitona \u00e9 centrifugada em um decanter para separar as fases s\u00f3lida e l\u00edquida, permitindo a separa\u00e7\u00e3o do azeite.<br \/>\nPosteriormente, o azeite obtido \u00e9 clarificado por meio de um segundo processo de centrifuga\u00e7\u00e3o.[\/vc_column_text][\/vc_column][\/vc_row][vc_row full_width=&#8221;stretch_row_content&#8221; equal_height=&#8221;yes&#8221; content_placement=&#8221;middle&#8221; css=&#8221;.vc_custom_1769490563694{background-color: #f7f5e9 !important;}&#8221;][vc_column width=&#8221;1\/2&#8243; css=&#8221;.vc_custom_1769490510179{padding-right: 50px !important;padding-left: 50px !important;}&#8221;][vc_single_image image=&#8221;194&#8243; img_size=&#8221;120&#215;120&#8243; alignment=&#8221;center&#8221; css=&#8221;&#8221; el_class=&#8221;icon&#8221;]<h1 class=\"sc_title sc_title_regular sc_align_center margin_top_null margin_bottom_tiny\" style=\"text-align:center;color:#574b3f;font-weight:100;font-size:4.1em;\">Armazenamento<\/h1>[vc_column_text css=&#8221;&#8221;]<\/p>\n<p style=\"text-align: center;\">Nosso azeite repousa em tanques de a\u00e7o inoxid\u00e1vel,<br \/>\nem ambiente com temperatura controlada.[\/vc_column_text][\/vc_column][vc_column width=&#8221;1\/2&#8243; css=&#8221;.vc_custom_1768075608603{margin-right: 0px !important;margin-left: 0px !important;padding-right: 0px !important;padding-left: 0px !important;background-position: center !important;background-repeat: no-repeat !important;background-size: cover !important;}&#8221;][vc_single_image image=&#8221;185&#8243; img_size=&#8221;full&#8221; css=&#8221;&#8221; el_class=&#8221;.margen-imagen&#8221;][\/vc_column][\/vc_row][vc_row full_width=&#8221;stretch_row_content&#8221; equal_height=&#8221;yes&#8221; content_placement=&#8221;middle&#8221; el_class=&#8221;reverse-mobile&#8221; css=&#8221;.vc_custom_1768177378607{background-color: #dce0c1 !important;}&#8221;][vc_column width=&#8221;1\/2&#8243; css=&#8221;.vc_custom_1768075663901{padding-right: 0px !important;padding-left: 0px !important;}&#8221;][vc_single_image image=&#8221;189&#8243; img_size=&#8221;full&#8221; css=&#8221;&#8221; el_class=&#8221;.margen-imagen&#8221;][\/vc_column][vc_column width=&#8221;1\/2&#8243; css=&#8221;.vc_custom_1769490526792{padding-right: 50px !important;padding-left: 50px !important;background-color: #dce0c1 !important;}&#8221;][vc_single_image image=&#8221;193&#8243; img_size=&#8221;120&#215;120&#8243; alignment=&#8221;center&#8221; css=&#8221;&#8221; el_class=&#8221;icon&#8221;]<h1 class=\"sc_title sc_title_regular sc_align_center margin_top_null margin_bottom_tiny\" style=\"text-align:center;color:#574b3f;font-weight:100;font-size:4.1em;\">Envase<\/h1>[vc_column_text css=&#8221;&#8221;]<\/p>\n<p style=\"text-align: center;\"><span class=\"s17\">Ap\u00f3s<\/span><span class=\"s17\"> o per\u00edodo de descanso, o <\/span><span class=\"s17\">azeite<\/span><span class=\"s17\"> pode ser envasado nos formatos requeridos pelos clientes, <\/span><span class=\"s17\">seja<\/span><span class=\"s17\"> engarrafado <\/span><span class=\"s17\">ou<\/span><span class=\"s17\"> a granel.<\/span><\/p>\n<p>[\/vc_column_text][\/vc_column][\/vc_row]<\/p>\n<\/div>","protected":false},"excerpt":{"rendered":"<p>[vc_row full_width=&#8221;stretch_row_content&#8221; css=&#8221;.vc_custom_1768276483332{margin-top: 0px !important;padding-top: 100px !important;padding-bottom: 100px !important;}&#8221;][vc_column][\/vc_column][\/vc_row][vc_row full_width=&#8221;stretch_row_content&#8221; equal_height=&#8221;yes&#8221; content_placement=&#8221;middle&#8221; el_class=&#8221;reverse-mobile&#8221; css=&#8221;.vc_custom_1769490654994{background-color: #dce0c1 !important;}&#8221;][vc_column width=&#8221;1\/2&#8243; css=&#8221;.vc_custom_1768075663901{padding-right: 0px !important;padding-left: 0px !important;}&#8221;][vc_single_image image=&#8221;183&#8243; img_size=&#8221;full&#8221; css=&#8221;&#8221; el_class=&#8221;.margen-imagen&#8221;][\/vc_column][vc_column width=&#8221;1\/2&#8243; css=&#8221;.vc_custom_1769490177484{padding-right: 50px !important;padding-left: 50px !important;background-color: #dce0c1 !important;}&#8221;][vc_single_image image=&#8221;192&#8243; img_size=&#8221;120&#215;120&#8243; alignment=&#8221;center&#8221; css=&#8221;&#8221; el_class=&#8221;icon&#8221;][vc_column_text css=&#8221;&#8221;] Garantimos a qualidade verificando que as azeitonas estejam saud\u00e1veis e n\u00e3o tenham permanecido armazenadas por [&hellip;]<\/p>\n","protected":false},"author":3,"featured_media":0,"parent":0,"menu_order":0,"comment_status":"closed","ping_status":"open","template":"","meta":{"footnotes":""},"class_list":["post-179","page","type-page","status-publish","hentry"],"yoast_head":"<!-- This site is optimized with the Yoast SEO plugin v26.9 - https:\/\/yoast.com\/product\/yoast-seo-wordpress\/ -->\n<title>Processo de Elabora\u00e7\u00e3o - Olivares de Quepu<\/title>\n<meta name=\"robots\" content=\"index, follow, max-snippet:-1, max-image-preview:large, max-video-preview:-1\" \/>\n<link rel=\"canonical\" href=\"https:\/\/quepu.cl\/pt\/processo-de-elaboracao\/\" \/>\n<meta property=\"og:locale\" content=\"pt_BR\" \/>\n<meta property=\"og:type\" content=\"article\" \/>\n<meta property=\"og:title\" content=\"Processo de Elabora\u00e7\u00e3o - Olivares de Quepu\" \/>\n<meta property=\"og:description\" content=\"[vc_row full_width=&#8221;stretch_row_content&#8221; css=&#8221;.vc_custom_1768276483332{margin-top: 0px !important;padding-top: 100px !important;padding-bottom: 100px !important;}&#8221;][vc_column][\/vc_column][\/vc_row][vc_row full_width=&#8221;stretch_row_content&#8221; equal_height=&#8221;yes&#8221; content_placement=&#8221;middle&#8221; el_class=&#8221;reverse-mobile&#8221; css=&#8221;.vc_custom_1769490654994{background-color: #dce0c1 !important;}&#8221;][vc_column width=&#8221;1\/2&#8243; css=&#8221;.vc_custom_1768075663901{padding-right: 0px !important;padding-left: 0px !important;}&#8221;][vc_single_image image=&#8221;183&#8243; img_size=&#8221;full&#8221; css=&#8221;&#8221; el_class=&#8221;.margen-imagen&#8221;][\/vc_column][vc_column width=&#8221;1\/2&#8243; css=&#8221;.vc_custom_1769490177484{padding-right: 50px !important;padding-left: 50px !important;background-color: #dce0c1 !important;}&#8221;][vc_single_image image=&#8221;192&#8243; img_size=&#8221;120&#215;120&#8243; alignment=&#8221;center&#8221; css=&#8221;&#8221; el_class=&#8221;icon&#8221;][vc_column_text css=&#8221;&#8221;] Garantimos a qualidade verificando que as azeitonas estejam saud\u00e1veis e n\u00e3o tenham permanecido armazenadas por [&hellip;]\" \/>\n<meta property=\"og:url\" content=\"https:\/\/quepu.cl\/pt\/processo-de-elaboracao\/\" \/>\n<meta property=\"og:site_name\" content=\"Olivares de Quepu\" \/>\n<meta property=\"article:modified_time\" content=\"2026-02-07T15:00:50+00:00\" \/>\n<meta name=\"twitter:card\" content=\"summary_large_image\" \/>\n<meta name=\"twitter:label1\" content=\"Est. tempo de leitura\" \/>\n\t<meta name=\"twitter:data1\" content=\"5 minutos\" \/>\n<script type=\"application\/ld+json\" class=\"yoast-schema-graph\">{\"@context\":\"https:\/\/schema.org\",\"@graph\":[{\"@type\":\"WebPage\",\"@id\":\"https:\/\/quepu.cl\/pt\/processo-de-elaboracao\/\",\"url\":\"https:\/\/quepu.cl\/pt\/processo-de-elaboracao\/\",\"name\":\"Processo de Elabora\u00e7\u00e3o - Olivares de Quepu\",\"isPartOf\":{\"@id\":\"https:\/\/quepu.cl\/pt\/#website\"},\"datePublished\":\"2026-01-11T13:39:38+00:00\",\"dateModified\":\"2026-02-07T15:00:50+00:00\",\"breadcrumb\":{\"@id\":\"https:\/\/quepu.cl\/pt\/processo-de-elaboracao\/#breadcrumb\"},\"inLanguage\":\"pt-BR\",\"potentialAction\":[{\"@type\":\"ReadAction\",\"target\":[\"https:\/\/quepu.cl\/pt\/processo-de-elaboracao\/\"]}]},{\"@type\":\"BreadcrumbList\",\"@id\":\"https:\/\/quepu.cl\/pt\/processo-de-elaboracao\/#breadcrumb\",\"itemListElement\":[{\"@type\":\"ListItem\",\"position\":1,\"name\":\"Portada\",\"item\":\"https:\/\/quepu.cl\/pt\/\"},{\"@type\":\"ListItem\",\"position\":2,\"name\":\"Processo de Elabora\u00e7\u00e3o\"}]},{\"@type\":\"WebSite\",\"@id\":\"https:\/\/quepu.cl\/pt\/#website\",\"url\":\"https:\/\/quepu.cl\/pt\/\",\"name\":\"Olivares de Quepu\",\"description\":\"\",\"potentialAction\":[{\"@type\":\"SearchAction\",\"target\":{\"@type\":\"EntryPoint\",\"urlTemplate\":\"https:\/\/quepu.cl\/pt\/?s={search_term_string}\"},\"query-input\":{\"@type\":\"PropertyValueSpecification\",\"valueRequired\":true,\"valueName\":\"search_term_string\"}}],\"inLanguage\":\"pt-BR\"}]}<\/script>\n<!-- \/ Yoast SEO plugin. -->","yoast_head_json":{"title":"Processo de Elabora\u00e7\u00e3o - Olivares de Quepu","robots":{"index":"index","follow":"follow","max-snippet":"max-snippet:-1","max-image-preview":"max-image-preview:large","max-video-preview":"max-video-preview:-1"},"canonical":"https:\/\/quepu.cl\/pt\/processo-de-elaboracao\/","og_locale":"pt_BR","og_type":"article","og_title":"Processo de Elabora\u00e7\u00e3o - Olivares de Quepu","og_description":"[vc_row full_width=&#8221;stretch_row_content&#8221; css=&#8221;.vc_custom_1768276483332{margin-top: 0px !important;padding-top: 100px !important;padding-bottom: 100px !important;}&#8221;][vc_column][\/vc_column][\/vc_row][vc_row full_width=&#8221;stretch_row_content&#8221; equal_height=&#8221;yes&#8221; content_placement=&#8221;middle&#8221; el_class=&#8221;reverse-mobile&#8221; css=&#8221;.vc_custom_1769490654994{background-color: #dce0c1 !important;}&#8221;][vc_column width=&#8221;1\/2&#8243; css=&#8221;.vc_custom_1768075663901{padding-right: 0px !important;padding-left: 0px !important;}&#8221;][vc_single_image image=&#8221;183&#8243; img_size=&#8221;full&#8221; css=&#8221;&#8221; el_class=&#8221;.margen-imagen&#8221;][\/vc_column][vc_column width=&#8221;1\/2&#8243; css=&#8221;.vc_custom_1769490177484{padding-right: 50px !important;padding-left: 50px !important;background-color: #dce0c1 !important;}&#8221;][vc_single_image image=&#8221;192&#8243; img_size=&#8221;120&#215;120&#8243; alignment=&#8221;center&#8221; css=&#8221;&#8221; el_class=&#8221;icon&#8221;][vc_column_text css=&#8221;&#8221;] Garantimos a qualidade verificando que as azeitonas estejam saud\u00e1veis e n\u00e3o tenham permanecido armazenadas por [&hellip;]","og_url":"https:\/\/quepu.cl\/pt\/processo-de-elaboracao\/","og_site_name":"Olivares de Quepu","article_modified_time":"2026-02-07T15:00:50+00:00","twitter_card":"summary_large_image","twitter_misc":{"Est. tempo de leitura":"5 minutos"},"schema":{"@context":"https:\/\/schema.org","@graph":[{"@type":"WebPage","@id":"https:\/\/quepu.cl\/pt\/processo-de-elaboracao\/","url":"https:\/\/quepu.cl\/pt\/processo-de-elaboracao\/","name":"Processo de Elabora\u00e7\u00e3o - Olivares de Quepu","isPartOf":{"@id":"https:\/\/quepu.cl\/pt\/#website"},"datePublished":"2026-01-11T13:39:38+00:00","dateModified":"2026-02-07T15:00:50+00:00","breadcrumb":{"@id":"https:\/\/quepu.cl\/pt\/processo-de-elaboracao\/#breadcrumb"},"inLanguage":"pt-BR","potentialAction":[{"@type":"ReadAction","target":["https:\/\/quepu.cl\/pt\/processo-de-elaboracao\/"]}]},{"@type":"BreadcrumbList","@id":"https:\/\/quepu.cl\/pt\/processo-de-elaboracao\/#breadcrumb","itemListElement":[{"@type":"ListItem","position":1,"name":"Portada","item":"https:\/\/quepu.cl\/pt\/"},{"@type":"ListItem","position":2,"name":"Processo de Elabora\u00e7\u00e3o"}]},{"@type":"WebSite","@id":"https:\/\/quepu.cl\/pt\/#website","url":"https:\/\/quepu.cl\/pt\/","name":"Olivares de Quepu","description":"","potentialAction":[{"@type":"SearchAction","target":{"@type":"EntryPoint","urlTemplate":"https:\/\/quepu.cl\/pt\/?s={search_term_string}"},"query-input":{"@type":"PropertyValueSpecification","valueRequired":true,"valueName":"search_term_string"}}],"inLanguage":"pt-BR"}]}},"_links":{"self":[{"href":"https:\/\/quepu.cl\/pt\/wp-json\/wp\/v2\/pages\/179","targetHints":{"allow":["GET"]}}],"collection":[{"href":"https:\/\/quepu.cl\/pt\/wp-json\/wp\/v2\/pages"}],"about":[{"href":"https:\/\/quepu.cl\/pt\/wp-json\/wp\/v2\/types\/page"}],"author":[{"embeddable":true,"href":"https:\/\/quepu.cl\/pt\/wp-json\/wp\/v2\/users\/3"}],"replies":[{"embeddable":true,"href":"https:\/\/quepu.cl\/pt\/wp-json\/wp\/v2\/comments?post=179"}],"version-history":[{"count":21,"href":"https:\/\/quepu.cl\/pt\/wp-json\/wp\/v2\/pages\/179\/revisions"}],"predecessor-version":[{"id":366,"href":"https:\/\/quepu.cl\/pt\/wp-json\/wp\/v2\/pages\/179\/revisions\/366"}],"wp:attachment":[{"href":"https:\/\/quepu.cl\/pt\/wp-json\/wp\/v2\/media?parent=179"}],"curies":[{"name":"wp","href":"https:\/\/api.w.org\/{rel}","templated":true}]}}