{"id":2,"date":"2025-05-28T12:28:39","date_gmt":"2025-05-28T15:28:39","guid":{"rendered":"https:\/\/quepu.cl\/pt\/?page_id=2"},"modified":"2026-01-11T18:11:02","modified_gmt":"2026-01-11T21:11:02","slug":"nossahistoria","status":"publish","type":"page","link":"https:\/\/quepu.cl\/pt\/nossahistoria\/","title":{"rendered":"Nossa Hist\u00f3ria"},"content":{"rendered":"<div class=\"wpb-content-wrapper\"><p>[vc_row full_width=&#8221;stretch_row_content&#8221; css=&#8221;.vc_custom_1767806413333{margin-top: 0px !important;padding-top: 96px !important;padding-bottom: 40px !important;background-color: #fffcf2 !important;}&#8221;][vc_column]<h2 class=\"sc_title sc_title_regular sc_align_center margin_top_null margin_bottom_null\" style=\"text-align:center;font-size:4.9em;\">Nossa Hist\u00f3ria<\/h2><h1 class=\"sc_title sc_title_regular sc_align_center rombos-deco margin_top_null\" style=\"font-family: &#039;Roboto&#039;, Arial, sans-serif;text-align:center;color:#574b3f;font-weight:400;font-size:2.5em;\"><em>O sabor da nossa dedica\u00e7\u00e3o<\/em><\/h1>[\/vc_column][\/vc_row][vc_row full_width=&#8221;stretch_row_content&#8221; css=&#8221;.vc_custom_1768182706524{background-image: url(https:\/\/quepu.cl\/pt\/wp-content\/uploads\/sites\/3\/2026\/01\/quepu-1.png?id=80) !important;background-position: center !important;background-repeat: no-repeat !important;background-size: cover !important;}&#8221;][vc_column][vc_empty_space height=&#8221;550px&#8221;][\/vc_column][\/vc_row][vc_row full_width=&#8221;stretch_row_content&#8221; css=&#8221;.vc_custom_1767806316703{background-color: #dcdfc0 !important;}&#8221;][vc_column][vc_empty_space][\/vc_column][\/vc_row][vc_row full_width=&#8221;stretch_row_content&#8221; el_class=&#8221;reverse-mobile&#8221;][vc_column width=&#8221;1\/2&#8243; css=&#8221;.vc_custom_1768183638111{padding-right: 0px !important;padding-left: 0px !important;background-color: #fffcf2 !important;}&#8221;][vc_single_image image=&#8221;83&#8243; img_size=&#8221;full&#8221; css=&#8221;&#8221; el_class=&#8221;margen-imagen&#8221;][\/vc_column][vc_column width=&#8221;1\/2&#8243;][vc_row_inner css=&#8221;.vc_custom_1768181996626{padding-top: 64px !important;padding-right: 32px !important;padding-bottom: 64px !important;padding-left: 32px !important;background: #dcdfc0 url(https:\/\/quepu.cl\/pt\/wp-content\/uploads\/sites\/3\/2026\/01\/Asset.png?id=216) !important;background-position: center !important;background-repeat: no-repeat !important;background-size: cover !important;}&#8221;][vc_column_inner]<h1 class=\"sc_title sc_title_regular margin_top_null margin_bottom_tiny\" style=\"color:#574b3f;font-weight:100;font-size:4.1em;\">Entre ra\u00edzes centen\u00e1rias<\/h1>[vc_column_text css=&#8221;&#8221;]<span style=\"font-weight: 400;\">Com a chegada dos exploradores espanh\u00f3is no final de 1492, foram introduzidos neste continente sua cultura e um de seus legados mais preciosos: a oliveira, cujo fruto continha grandes propriedades para a culin\u00e1ria e a sa\u00fade. Foi assim que, na d\u00e9cada de 1990, agricultores encontraram no Vale de Pencahue oliveiras centen\u00e1rias preservadas ao longo do tempo e, reconhecendo suas virtudes, decidiram cultiv\u00e1-las, extraindo de seus frutos o delicado sumo oleoso que deu origem ao que hoje \u00e9 a Olivares de Quepu.<br \/>\nNossa hist\u00f3ria come\u00e7a em 1999, em meio a oliveiras centen\u00e1rias, com 80 hectares que cresceram de forma constante at\u00e9 quase 1.000 hectares, firmemente enraizados nesta terra lend\u00e1ria.<br \/>\n<\/span>[\/vc_column_text][\/vc_column_inner][\/vc_row_inner][vc_row_inner equal_height=&#8221;yes&#8221; css=&#8221;.vc_custom_1768182196256{padding-top: 160px !important;padding-right: 32px !important;padding-bottom: 160px !important;padding-left: 32px !important;background: #fffcf2 url(https:\/\/quepu.cl\/pt\/wp-content\/uploads\/sites\/3\/2026\/01\/Asset-1-1.png?id=218) !important;}&#8221;][vc_column_inner]<h1 class=\"sc_title sc_title_regular margin_top_null margin_bottom_tiny\" style=\"color:#574b3f;font-weight:100;font-size:4.1em;\">Cada etapa conta<\/h1>[vc_column_text css=&#8221;&#8221;]<span style=\"font-weight: 400;\">Do nosso viveiro at\u00e9 o consumidor final, controlamos todo o processo para oferecer um azeite de oliva extra virgem aut\u00eantico, fresco e de alta qualidade, pensado para quem valoriza a excel\u00eancia e o prazer de cada gota.<br \/>\n<\/span>[\/vc_column_text][\/vc_column_inner][\/vc_row_inner][\/vc_column][\/vc_row][vc_row full_width=&#8221;stretch_row_content&#8221; css=&#8221;.vc_custom_1767806359556{background-color: #dcdfc0 !important;}&#8221;][vc_column][vc_empty_space][\/vc_column][\/vc_row][vc_row full_width=&#8221;stretch_row_content&#8221; css=&#8221;.vc_custom_1767755446868{background-image: url(https:\/\/quepu.cl\/pt\/wp-content\/uploads\/sites\/3\/2026\/01\/plantacion-3.jpg?id=87) !important;background-position: center !important;background-repeat: no-repeat !important;background-size: cover !important;}&#8221;][vc_column][vc_empty_space height=&#8221;384px&#8221;][\/vc_column][\/vc_row][vc_row full_width=&#8221;stretch_row_content&#8221; equal_height=&#8221;yes&#8221;][vc_column width=&#8221;1\/2&#8243; css=&#8221;.vc_custom_1768182595127{padding-top: 80px !important;padding-right: 50px !important;padding-bottom: 80px !important;padding-left: 50px !important;background: #dcdfc0 url(https:\/\/quepu.cl\/pt\/wp-content\/uploads\/sites\/3\/2026\/01\/Asset.png?id=216) !important;background-position: center !important;background-repeat: no-repeat !important;background-size: cover !important;}&#8221;]<h1 class=\"sc_title sc_title_regular margin_top_null margin_bottom_tiny\" style=\"color:#574b3f;font-weight:100;font-size:4.1em;\">Crescer com respeito<\/h1>[vc_column_text css=&#8221;&#8221;]Nosso compromisso \u00e9 cuidar do ambiente que nos cerca, minimizando a pegada ambiental e criando um espa\u00e7o seguro e acolhedor para todos que participam do nosso projeto, aproveitando ao m\u00e1ximo todos os subprodutos gerados no processo principal.[\/vc_column_text][\/vc_column][vc_column width=&#8221;1\/2&#8243; css=&#8221;.vc_custom_1768182624964{padding-top: 80px !important;padding-right: 50px !important;padding-bottom: 80px !important;padding-left: 50px !important;background: #fffcf2 url(https:\/\/quepu.cl\/pt\/wp-content\/uploads\/sites\/3\/2026\/01\/Asset.png?id=216) !important;background-position: center !important;background-repeat: no-repeat !important;background-size: cover !important;}&#8221;]<h1 class=\"sc_title sc_title_regular margin_top_null margin_bottom_tiny\" style=\"color:#574b3f;font-weight:100;font-size:4.1em;\">Proje\u00e7\u00e3o com ra\u00edzes<\/h1>[vc_column_text css=&#8221;&#8221;]I am text block. Click edit button to change this text. Lorem ipsum dolor sit amet, consectetur adipiscing elit. Ut elit tellus, luctus nec ullamcorper mattis, pulvinar dapibus leo.[\/vc_column_text][\/vc_column][\/vc_row]<\/p>\n<\/div>","protected":false},"excerpt":{"rendered":"<p>[vc_row full_width=&#8221;stretch_row_content&#8221; css=&#8221;.vc_custom_1767806413333{margin-top: 0px !important;padding-top: 96px !important;padding-bottom: 40px !important;background-color: #fffcf2 !important;}&#8221;][vc_column][\/vc_column][\/vc_row][vc_row full_width=&#8221;stretch_row_content&#8221; css=&#8221;.vc_custom_1768182706524{background-image: url(https:\/\/quepu.cl\/pt\/wp-content\/uploads\/sites\/3\/2026\/01\/quepu-1.png?id=80) !important;background-position: center !important;background-repeat: no-repeat !important;background-size: cover !important;}&#8221;][vc_column][vc_empty_space height=&#8221;550px&#8221;][\/vc_column][\/vc_row][vc_row full_width=&#8221;stretch_row_content&#8221; css=&#8221;.vc_custom_1767806316703{background-color: #dcdfc0 !important;}&#8221;][vc_column][vc_empty_space][\/vc_column][\/vc_row][vc_row full_width=&#8221;stretch_row_content&#8221; el_class=&#8221;reverse-mobile&#8221;][vc_column width=&#8221;1\/2&#8243; css=&#8221;.vc_custom_1768183638111{padding-right: 0px !important;padding-left: 0px !important;background-color: #fffcf2 !important;}&#8221;][vc_single_image image=&#8221;83&#8243; img_size=&#8221;full&#8221; css=&#8221;&#8221; el_class=&#8221;margen-imagen&#8221;][\/vc_column][vc_column width=&#8221;1\/2&#8243;][vc_row_inner css=&#8221;.vc_custom_1768181996626{padding-top: 64px !important;padding-right: 32px !important;padding-bottom: 64px !important;padding-left: 32px !important;background: #dcdfc0 url(https:\/\/quepu.cl\/pt\/wp-content\/uploads\/sites\/3\/2026\/01\/Asset.png?id=216) !important;background-position: center !important;background-repeat: [&hellip;]<\/p>\n","protected":false},"author":3,"featured_media":0,"parent":0,"menu_order":0,"comment_status":"closed","ping_status":"open","template":"","meta":{"footnotes":""},"class_list":["post-2","page","type-page","status-publish","hentry"],"yoast_head":"<!-- This site is optimized with the Yoast SEO plugin v26.9 - https:\/\/yoast.com\/product\/yoast-seo-wordpress\/ -->\n<title>Nossa Hist\u00f3ria - Olivares de Quepu<\/title>\n<meta name=\"robots\" content=\"index, follow, max-snippet:-1, max-image-preview:large, max-video-preview:-1\" \/>\n<link rel=\"canonical\" href=\"https:\/\/quepu.cl\/pt\/nossahistoria\/\" \/>\n<meta property=\"og:locale\" content=\"pt_BR\" \/>\n<meta property=\"og:type\" content=\"article\" \/>\n<meta property=\"og:title\" content=\"Nossa Hist\u00f3ria - Olivares de Quepu\" \/>\n<meta property=\"og:description\" content=\"[vc_row full_width=&#8221;stretch_row_content&#8221; css=&#8221;.vc_custom_1767806413333{margin-top: 0px !important;padding-top: 96px !important;padding-bottom: 40px !important;background-color: #fffcf2 !important;}&#8221;][vc_column][\/vc_column][\/vc_row][vc_row full_width=&#8221;stretch_row_content&#8221; css=&#8221;.vc_custom_1768182706524{background-image: url(https:\/\/quepu.cl\/pt\/wp-content\/uploads\/sites\/3\/2026\/01\/quepu-1.png?id=80) !important;background-position: center !important;background-repeat: no-repeat !important;background-size: cover !important;}&#8221;][vc_column][vc_empty_space height=&#8221;550px&#8221;][\/vc_column][\/vc_row][vc_row full_width=&#8221;stretch_row_content&#8221; css=&#8221;.vc_custom_1767806316703{background-color: #dcdfc0 !important;}&#8221;][vc_column][vc_empty_space][\/vc_column][\/vc_row][vc_row full_width=&#8221;stretch_row_content&#8221; el_class=&#8221;reverse-mobile&#8221;][vc_column width=&#8221;1\/2&#8243; css=&#8221;.vc_custom_1768183638111{padding-right: 0px !important;padding-left: 0px !important;background-color: #fffcf2 !important;}&#8221;][vc_single_image image=&#8221;83&#8243; img_size=&#8221;full&#8221; css=&#8221;&#8221; el_class=&#8221;margen-imagen&#8221;][\/vc_column][vc_column width=&#8221;1\/2&#8243;][vc_row_inner css=&#8221;.vc_custom_1768181996626{padding-top: 64px !important;padding-right: 32px !important;padding-bottom: 64px !important;padding-left: 32px !important;background: #dcdfc0 url(https:\/\/quepu.cl\/pt\/wp-content\/uploads\/sites\/3\/2026\/01\/Asset.png?id=216) !important;background-position: center !important;background-repeat: [&hellip;]\" \/>\n<meta property=\"og:url\" content=\"https:\/\/quepu.cl\/pt\/nossahistoria\/\" \/>\n<meta property=\"og:site_name\" content=\"Olivares de Quepu\" \/>\n<meta property=\"article:modified_time\" content=\"2026-01-11T21:11:02+00:00\" \/>\n<meta name=\"twitter:card\" content=\"summary_large_image\" \/>\n<meta name=\"twitter:label1\" content=\"Est. tempo de leitura\" \/>\n\t<meta name=\"twitter:data1\" content=\"4 minutos\" \/>\n<script type=\"application\/ld+json\" class=\"yoast-schema-graph\">{\"@context\":\"https:\/\/schema.org\",\"@graph\":[{\"@type\":\"WebPage\",\"@id\":\"https:\/\/quepu.cl\/pt\/nossahistoria\/\",\"url\":\"https:\/\/quepu.cl\/pt\/nossahistoria\/\",\"name\":\"Nossa Hist\u00f3ria - Olivares de Quepu\",\"isPartOf\":{\"@id\":\"https:\/\/quepu.cl\/pt\/#website\"},\"datePublished\":\"2025-05-28T15:28:39+00:00\",\"dateModified\":\"2026-01-11T21:11:02+00:00\",\"breadcrumb\":{\"@id\":\"https:\/\/quepu.cl\/pt\/nossahistoria\/#breadcrumb\"},\"inLanguage\":\"pt-BR\",\"potentialAction\":[{\"@type\":\"ReadAction\",\"target\":[\"https:\/\/quepu.cl\/pt\/nossahistoria\/\"]}]},{\"@type\":\"BreadcrumbList\",\"@id\":\"https:\/\/quepu.cl\/pt\/nossahistoria\/#breadcrumb\",\"itemListElement\":[{\"@type\":\"ListItem\",\"position\":1,\"name\":\"Portada\",\"item\":\"https:\/\/quepu.cl\/pt\/\"},{\"@type\":\"ListItem\",\"position\":2,\"name\":\"Nossa Hist\u00f3ria\"}]},{\"@type\":\"WebSite\",\"@id\":\"https:\/\/quepu.cl\/pt\/#website\",\"url\":\"https:\/\/quepu.cl\/pt\/\",\"name\":\"Olivares de Quepu\",\"description\":\"\",\"potentialAction\":[{\"@type\":\"SearchAction\",\"target\":{\"@type\":\"EntryPoint\",\"urlTemplate\":\"https:\/\/quepu.cl\/pt\/?s={search_term_string}\"},\"query-input\":{\"@type\":\"PropertyValueSpecification\",\"valueRequired\":true,\"valueName\":\"search_term_string\"}}],\"inLanguage\":\"pt-BR\"}]}<\/script>\n<!-- \/ Yoast SEO plugin. -->","yoast_head_json":{"title":"Nossa Hist\u00f3ria - Olivares de Quepu","robots":{"index":"index","follow":"follow","max-snippet":"max-snippet:-1","max-image-preview":"max-image-preview:large","max-video-preview":"max-video-preview:-1"},"canonical":"https:\/\/quepu.cl\/pt\/nossahistoria\/","og_locale":"pt_BR","og_type":"article","og_title":"Nossa Hist\u00f3ria - Olivares de Quepu","og_description":"[vc_row full_width=&#8221;stretch_row_content&#8221; css=&#8221;.vc_custom_1767806413333{margin-top: 0px !important;padding-top: 96px !important;padding-bottom: 40px !important;background-color: #fffcf2 !important;}&#8221;][vc_column][\/vc_column][\/vc_row][vc_row full_width=&#8221;stretch_row_content&#8221; css=&#8221;.vc_custom_1768182706524{background-image: url(https:\/\/quepu.cl\/pt\/wp-content\/uploads\/sites\/3\/2026\/01\/quepu-1.png?id=80) !important;background-position: center !important;background-repeat: no-repeat !important;background-size: cover !important;}&#8221;][vc_column][vc_empty_space height=&#8221;550px&#8221;][\/vc_column][\/vc_row][vc_row full_width=&#8221;stretch_row_content&#8221; css=&#8221;.vc_custom_1767806316703{background-color: #dcdfc0 !important;}&#8221;][vc_column][vc_empty_space][\/vc_column][\/vc_row][vc_row full_width=&#8221;stretch_row_content&#8221; el_class=&#8221;reverse-mobile&#8221;][vc_column width=&#8221;1\/2&#8243; css=&#8221;.vc_custom_1768183638111{padding-right: 0px !important;padding-left: 0px !important;background-color: #fffcf2 !important;}&#8221;][vc_single_image image=&#8221;83&#8243; img_size=&#8221;full&#8221; css=&#8221;&#8221; el_class=&#8221;margen-imagen&#8221;][\/vc_column][vc_column width=&#8221;1\/2&#8243;][vc_row_inner css=&#8221;.vc_custom_1768181996626{padding-top: 64px !important;padding-right: 32px !important;padding-bottom: 64px !important;padding-left: 32px !important;background: #dcdfc0 url(https:\/\/quepu.cl\/pt\/wp-content\/uploads\/sites\/3\/2026\/01\/Asset.png?id=216) !important;background-position: center !important;background-repeat: [&hellip;]","og_url":"https:\/\/quepu.cl\/pt\/nossahistoria\/","og_site_name":"Olivares de Quepu","article_modified_time":"2026-01-11T21:11:02+00:00","twitter_card":"summary_large_image","twitter_misc":{"Est. tempo de leitura":"4 minutos"},"schema":{"@context":"https:\/\/schema.org","@graph":[{"@type":"WebPage","@id":"https:\/\/quepu.cl\/pt\/nossahistoria\/","url":"https:\/\/quepu.cl\/pt\/nossahistoria\/","name":"Nossa Hist\u00f3ria - Olivares de Quepu","isPartOf":{"@id":"https:\/\/quepu.cl\/pt\/#website"},"datePublished":"2025-05-28T15:28:39+00:00","dateModified":"2026-01-11T21:11:02+00:00","breadcrumb":{"@id":"https:\/\/quepu.cl\/pt\/nossahistoria\/#breadcrumb"},"inLanguage":"pt-BR","potentialAction":[{"@type":"ReadAction","target":["https:\/\/quepu.cl\/pt\/nossahistoria\/"]}]},{"@type":"BreadcrumbList","@id":"https:\/\/quepu.cl\/pt\/nossahistoria\/#breadcrumb","itemListElement":[{"@type":"ListItem","position":1,"name":"Portada","item":"https:\/\/quepu.cl\/pt\/"},{"@type":"ListItem","position":2,"name":"Nossa Hist\u00f3ria"}]},{"@type":"WebSite","@id":"https:\/\/quepu.cl\/pt\/#website","url":"https:\/\/quepu.cl\/pt\/","name":"Olivares de Quepu","description":"","potentialAction":[{"@type":"SearchAction","target":{"@type":"EntryPoint","urlTemplate":"https:\/\/quepu.cl\/pt\/?s={search_term_string}"},"query-input":{"@type":"PropertyValueSpecification","valueRequired":true,"valueName":"search_term_string"}}],"inLanguage":"pt-BR"}]}},"_links":{"self":[{"href":"https:\/\/quepu.cl\/pt\/wp-json\/wp\/v2\/pages\/2","targetHints":{"allow":["GET"]}}],"collection":[{"href":"https:\/\/quepu.cl\/pt\/wp-json\/wp\/v2\/pages"}],"about":[{"href":"https:\/\/quepu.cl\/pt\/wp-json\/wp\/v2\/types\/page"}],"author":[{"embeddable":true,"href":"https:\/\/quepu.cl\/pt\/wp-json\/wp\/v2\/users\/3"}],"replies":[{"embeddable":true,"href":"https:\/\/quepu.cl\/pt\/wp-json\/wp\/v2\/comments?post=2"}],"version-history":[{"count":29,"href":"https:\/\/quepu.cl\/pt\/wp-json\/wp\/v2\/pages\/2\/revisions"}],"predecessor-version":[{"id":228,"href":"https:\/\/quepu.cl\/pt\/wp-json\/wp\/v2\/pages\/2\/revisions\/228"}],"wp:attachment":[{"href":"https:\/\/quepu.cl\/pt\/wp-json\/wp\/v2\/media?parent=2"}],"curies":[{"name":"wp","href":"https:\/\/api.w.org\/{rel}","templated":true}]}}