{"id":248,"date":"2026-01-12T20:08:03","date_gmt":"2026-01-12T23:08:03","guid":{"rendered":"https:\/\/quepu.cl\/pt\/?page_id=248"},"modified":"2026-01-12T20:54:36","modified_gmt":"2026-01-12T23:54:36","slug":"praticas","status":"publish","type":"page","link":"https:\/\/quepu.cl\/pt\/praticas\/","title":{"rendered":"Pr\u00e1ticas"},"content":{"rendered":"<div class=\"wpb-content-wrapper\"><p>[vc_row full_width=&#8221;stretch_row_content&#8221; css=&#8221;.vc_custom_1768189914391{margin-top: 0px !important;padding-top: 96px !important;padding-bottom: 40px !important;}&#8221;][vc_column]<h2 class=\"sc_title sc_title_regular sc_align_center rombos-deco margin_top_null margin_bottom_null\" style=\"text-align:center;font-size:4.9em;\">Compromisso<\/h2>[vc_column_text css=&#8221;&#8221;]<\/p>\n<p style=\"text-align: center; font-size: 1.5em; font-style: italic;\"><span style=\"font-weight: 400;\">Estamos comprometidos com a sustentabilidade em todas as etapas do nosso processo produtivo,<br \/>\ncom profundo respeito ao meio ambiente e uma abordagem integral.<\/span><\/p>\n<p><b>\u00a0<\/b>[\/vc_column_text][\/vc_column][\/vc_row][vc_row css=&#8221;.vc_custom_1768278573450{margin-bottom: 50px !important;}&#8221;][vc_column css=&#8221;.vc_custom_1768278455448{margin-bottom: 0px !important;padding-bottom: 0px !important;}&#8221;][vc_single_image image=&#8221;243&#8243; img_size=&#8221;full&#8221; css=&#8221;&#8221;][vc_row_inner css=&#8221;.vc_custom_1768278271508{margin-top: 0px !important;margin-right: 0px !important;margin-left: 0px !important;border-right-width: 0px !important;border-left-width: 0px !important;padding-top: 0px !important;padding-right: 0px !important;padding-left: 0px !important;background-color: #f7f5e9 !important;}&#8221;][vc_column_inner css=&#8221;.vc_custom_1768278313557{margin-top: 0px !important;margin-right: 0px !important;margin-bottom: 0px !important;margin-left: 0px !important;padding-top: 50px !important;padding-right: 50px !important;padding-bottom: 50px !important;padding-left: 50px !important;}&#8221;][vc_icon icon_fontawesome=&#8221;fas fa-hard-hat&#8221; color=&#8221;custom&#8221; background_style=&#8221;rounded&#8221; background_color=&#8221;custom&#8221; align=&#8221;center&#8221; css=&#8221;&#8221; custom_color=&#8221;#535600&#8243; custom_background_color=&#8221;#c8cd3b&#8221;]<h1 class=\"sc_title sc_title_regular sc_align_center margin_top_null margin_bottom_tiny\" style=\"text-align:center;color:#574b3f;font-weight:100;font-size:3.2em;\">Bem-estar e seguran\u00e7a dos nossos colaboradores<\/h1>[vc_column_text css=&#8221;&#8221;]<\/p>\n<p style=\"text-align: center;\"><span class=\"s17\">Acreditamos que \u00e9 fundamental que <\/span><span class=\"s17\">nossas<\/span><span class=\"s17\">equipes <\/span><span class=\"s17\">trabalhem<\/span><span class=\"s17\"> em <\/span><span class=\"s17\">um<\/span><span class=\"s17\"> ambiente seguro e <\/span><span class=\"s17\">saud\u00e1vel<\/span><span class=\"s17\">, <\/span><span class=\"s17\">promovendo<\/span><span class=\"s17\"> o <\/span><span class=\"s17\">bem<\/span><span class=\"s17\">-estar f\u00edsico <\/span><span class=\"s17\">e<\/span><span class=\"s17\">emocional dos <\/span><span class=\"s17\">nossos<\/span><span class=\"s17\"> colaboradores. A <\/span><span class=\"s17\">capacita\u00e7\u00e3o<\/span> <span class=\"s17\">cont\u00ednua<\/span><span class=\"s17\"> e o <\/span><span class=\"s17\">respeito<\/span> <span class=\"s17\">aos<\/span> <span class=\"s17\">seus<\/span><span class=\"s17\">direitos<\/span> <span class=\"s17\">trabalhistas<\/span> <span class=\"s17\">s\u00e3o<\/span><span class=\"s17\"> pilares <\/span><span class=\"s17\">essenciais<\/span><span class=\"s17\">para <\/span><span class=\"s17\">n\u00f3s<\/span><span class=\"s17\">.<\/span><\/p>\n<p>[\/vc_column_text][\/vc_column_inner][\/vc_row_inner][\/vc_column][\/vc_row][vc_row css=&#8221;.vc_custom_1768279124295{margin-bottom: 50px !important;}&#8221;][vc_column css=&#8221;.vc_custom_1768278455448{margin-bottom: 0px !important;padding-bottom: 0px !important;}&#8221;][vc_single_image image=&#8221;244&#8243; img_size=&#8221;full&#8221; css=&#8221;&#8221;][vc_row_inner css=&#8221;.vc_custom_1768278271508{margin-top: 0px !important;margin-right: 0px !important;margin-left: 0px !important;border-right-width: 0px !important;border-left-width: 0px !important;padding-top: 0px !important;padding-right: 0px !important;padding-left: 0px !important;background-color: #f7f5e9 !important;}&#8221;][vc_column_inner css=&#8221;.vc_custom_1768278313557{margin-top: 0px !important;margin-right: 0px !important;margin-bottom: 0px !important;margin-left: 0px !important;padding-top: 50px !important;padding-right: 50px !important;padding-bottom: 50px !important;padding-left: 50px !important;}&#8221;][vc_icon icon_fontawesome=&#8221;fas fa-tint&#8221; color=&#8221;custom&#8221; background_style=&#8221;rounded&#8221; background_color=&#8221;custom&#8221; align=&#8221;center&#8221; css=&#8221;&#8221; custom_color=&#8221;#535600&#8243; custom_background_color=&#8221;#c8cd3b&#8221;]<h1 class=\"sc_title sc_title_regular sc_align_center margin_top_null margin_bottom_tiny\" style=\"text-align:center;color:#574b3f;font-weight:100;font-size:3.2em;\"><span class=\"s31\">Gest\u00e3o<\/span><span class=\"s31\"> eficiente da <\/span><span class=\"s31\">\u00e1gua<\/span><\/h1>[vc_column_text css=&#8221;&#8221;]<\/p>\n<p style=\"text-align: center;\">Implementamos tecnologias de irriga\u00e7\u00e3o de precis\u00e3o, otimizando o uso dos recursos h\u00eddricos.<\/p>\n<p>[\/vc_column_text][\/vc_column_inner][\/vc_row_inner][\/vc_column][\/vc_row][vc_row css=&#8221;.vc_custom_1768279124295{margin-bottom: 50px !important;}&#8221;][vc_column css=&#8221;.vc_custom_1768278455448{margin-bottom: 0px !important;padding-bottom: 0px !important;}&#8221;][vc_single_image image=&#8221;245&#8243; img_size=&#8221;full&#8221; css=&#8221;&#8221;][vc_row_inner css=&#8221;.vc_custom_1768278271508{margin-top: 0px !important;margin-right: 0px !important;margin-left: 0px !important;border-right-width: 0px !important;border-left-width: 0px !important;padding-top: 0px !important;padding-right: 0px !important;padding-left: 0px !important;background-color: #f7f5e9 !important;}&#8221;][vc_column_inner css=&#8221;.vc_custom_1768278313557{margin-top: 0px !important;margin-right: 0px !important;margin-bottom: 0px !important;margin-left: 0px !important;padding-top: 50px !important;padding-right: 50px !important;padding-bottom: 50px !important;padding-left: 50px !important;}&#8221;][vc_icon icon_fontawesome=&#8221;fas fa-leaf&#8221; color=&#8221;custom&#8221; background_style=&#8221;rounded&#8221; background_color=&#8221;custom&#8221; align=&#8221;center&#8221; css=&#8221;&#8221; custom_color=&#8221;#535600&#8243; custom_background_color=&#8221;#c8cd3b&#8221;]<h1 class=\"sc_title sc_title_regular sc_align_center margin_top_null margin_bottom_tiny\" style=\"text-align:center;color:#574b3f;font-weight:100;font-size:3.2em;\"><span class=\"s31\">Pr\u00e1ticas<\/span><span class=\"s31\"> agr\u00edcolas <\/span><span class=\"s31\">respons\u00e1veis<\/span><\/h1>[vc_column_text css=&#8221;&#8221;]<\/p>\n<p style=\"text-align: center;\">Com a ado\u00e7\u00e3o de boas pr\u00e1ticas agr\u00edcolas, priorizamos a sa\u00fade do solo e a biodiversidade.<\/p>\n<p>[\/vc_column_text][\/vc_column_inner][\/vc_row_inner][\/vc_column][\/vc_row][vc_row css=&#8221;.vc_custom_1768279124295{margin-bottom: 50px !important;}&#8221;][vc_column css=&#8221;.vc_custom_1768278455448{margin-bottom: 0px !important;padding-bottom: 0px !important;}&#8221;][vc_single_image image=&#8221;246&#8243; img_size=&#8221;full&#8221; css=&#8221;&#8221;][vc_row_inner css=&#8221;.vc_custom_1768278271508{margin-top: 0px !important;margin-right: 0px !important;margin-left: 0px !important;border-right-width: 0px !important;border-left-width: 0px !important;padding-top: 0px !important;padding-right: 0px !important;padding-left: 0px !important;background-color: #f7f5e9 !important;}&#8221;][vc_column_inner css=&#8221;.vc_custom_1768278313557{margin-top: 0px !important;margin-right: 0px !important;margin-bottom: 0px !important;margin-left: 0px !important;padding-top: 50px !important;padding-right: 50px !important;padding-bottom: 50px !important;padding-left: 50px !important;}&#8221;][vc_icon icon_fontawesome=&#8221;fas fa-solar-panel&#8221; color=&#8221;custom&#8221; background_style=&#8221;rounded&#8221; background_color=&#8221;custom&#8221; align=&#8221;center&#8221; css=&#8221;&#8221; custom_color=&#8221;#535600&#8243; custom_background_color=&#8221;#c8cd3b&#8221;]<h1 class=\"sc_title sc_title_regular sc_align_center margin_top_null margin_bottom_tiny\" style=\"text-align:center;color:#574b3f;font-weight:100;font-size:3.2em;\"><span class=\"s31\">Energia<\/span> <span class=\"s31\">renov\u00e1vel<\/span><\/h1>[vc_column_text css=&#8221;&#8221;]<\/p>\n<p style=\"text-align: center;\">Adotamos fontes de energia renov\u00e1vel para abastecer nossas instala\u00e7\u00f5es e processos, reduzindo assim nossa pegada de carbono.<\/p>\n<p>[\/vc_column_text][\/vc_column_inner][\/vc_row_inner][\/vc_column][\/vc_row][vc_row css=&#8221;.vc_custom_1768279124295{margin-bottom: 50px !important;}&#8221;][vc_column css=&#8221;.vc_custom_1768278455448{margin-bottom: 0px !important;padding-bottom: 0px !important;}&#8221;][vc_single_image image=&#8221;247&#8243; img_size=&#8221;full&#8221; css=&#8221;&#8221;][vc_row_inner css=&#8221;.vc_custom_1768278271508{margin-top: 0px !important;margin-right: 0px !important;margin-left: 0px !important;border-right-width: 0px !important;border-left-width: 0px !important;padding-top: 0px !important;padding-right: 0px !important;padding-left: 0px !important;background-color: #f7f5e9 !important;}&#8221;][vc_column_inner css=&#8221;.vc_custom_1768278313557{margin-top: 0px !important;margin-right: 0px !important;margin-bottom: 0px !important;margin-left: 0px !important;padding-top: 50px !important;padding-right: 50px !important;padding-bottom: 50px !important;padding-left: 50px !important;}&#8221;][vc_icon icon_fontawesome=&#8221;fas fa-recycle&#8221; color=&#8221;custom&#8221; background_style=&#8221;rounded&#8221; background_color=&#8221;custom&#8221; align=&#8221;center&#8221; css=&#8221;&#8221; custom_color=&#8221;#535600&#8243; custom_background_color=&#8221;#c8cd3b&#8221;]<h1 class=\"sc_title sc_title_regular sc_align_center margin_top_null margin_bottom_tiny\" style=\"text-align:center;color:#574b3f;font-weight:100;font-size:3.2em;\">Valoriza\u00e7\u00e3o de subprodutos<\/h1>[vc_column_text css=&#8221;&#8221;]<\/p>\n<p style=\"text-align: center;\">Criamos um ciclo produtivo fechado, transformando os res\u00edduos gerados em recursos \u00fateis.<\/p>\n<p>[\/vc_column_text][\/vc_column_inner][\/vc_row_inner][\/vc_column][\/vc_row]<\/p>\n<\/div>","protected":false},"excerpt":{"rendered":"<p>[vc_row full_width=&#8221;stretch_row_content&#8221; css=&#8221;.vc_custom_1768189914391{margin-top: 0px !important;padding-top: 96px !important;padding-bottom: 40px !important;}&#8221;][vc_column][vc_column_text css=&#8221;&#8221;] Estamos comprometidos com a sustentabilidade em todas as etapas do nosso processo produtivo, com profundo respeito ao meio ambiente e uma abordagem integral. \u00a0[\/vc_column_text][\/vc_column][\/vc_row][vc_row css=&#8221;.vc_custom_1768278573450{margin-bottom: 50px !important;}&#8221;][vc_column css=&#8221;.vc_custom_1768278455448{margin-bottom: 0px !important;padding-bottom: 0px !important;}&#8221;][vc_single_image image=&#8221;243&#8243; img_size=&#8221;full&#8221; css=&#8221;&#8221;][vc_row_inner css=&#8221;.vc_custom_1768278271508{margin-top: 0px !important;margin-right: 0px !important;margin-left: 0px !important;border-right-width: 0px !important;border-left-width: 0px [&hellip;]<\/p>\n","protected":false},"author":3,"featured_media":0,"parent":0,"menu_order":0,"comment_status":"closed","ping_status":"open","template":"","meta":{"footnotes":""},"class_list":["post-248","page","type-page","status-publish","hentry"],"yoast_head":"<!-- This site is optimized with the Yoast SEO plugin v26.9 - https:\/\/yoast.com\/product\/yoast-seo-wordpress\/ -->\n<title>Pr\u00e1ticas - Olivares de Quepu<\/title>\n<meta name=\"robots\" content=\"index, follow, max-snippet:-1, max-image-preview:large, max-video-preview:-1\" \/>\n<link rel=\"canonical\" href=\"https:\/\/quepu.cl\/pt\/praticas\/\" \/>\n<meta property=\"og:locale\" content=\"pt_BR\" \/>\n<meta property=\"og:type\" content=\"article\" \/>\n<meta property=\"og:title\" content=\"Pr\u00e1ticas - Olivares de Quepu\" \/>\n<meta property=\"og:description\" content=\"[vc_row full_width=&#8221;stretch_row_content&#8221; css=&#8221;.vc_custom_1768189914391{margin-top: 0px !important;padding-top: 96px !important;padding-bottom: 40px !important;}&#8221;][vc_column][vc_column_text css=&#8221;&#8221;] Estamos comprometidos com a sustentabilidade em todas as etapas do nosso processo produtivo, com profundo respeito ao meio ambiente e uma abordagem integral. \u00a0[\/vc_column_text][\/vc_column][\/vc_row][vc_row css=&#8221;.vc_custom_1768278573450{margin-bottom: 50px !important;}&#8221;][vc_column css=&#8221;.vc_custom_1768278455448{margin-bottom: 0px !important;padding-bottom: 0px !important;}&#8221;][vc_single_image image=&#8221;243&#8243; img_size=&#8221;full&#8221; css=&#8221;&#8221;][vc_row_inner css=&#8221;.vc_custom_1768278271508{margin-top: 0px !important;margin-right: 0px !important;margin-left: 0px !important;border-right-width: 0px !important;border-left-width: 0px [&hellip;]\" \/>\n<meta property=\"og:url\" content=\"https:\/\/quepu.cl\/pt\/praticas\/\" \/>\n<meta property=\"og:site_name\" content=\"Olivares de Quepu\" \/>\n<meta property=\"article:modified_time\" content=\"2026-01-12T23:54:36+00:00\" \/>\n<meta name=\"twitter:card\" content=\"summary_large_image\" \/>\n<meta name=\"twitter:label1\" content=\"Est. tempo de leitura\" \/>\n\t<meta name=\"twitter:data1\" content=\"5 minutos\" \/>\n<script type=\"application\/ld+json\" class=\"yoast-schema-graph\">{\"@context\":\"https:\/\/schema.org\",\"@graph\":[{\"@type\":\"WebPage\",\"@id\":\"https:\/\/quepu.cl\/pt\/praticas\/\",\"url\":\"https:\/\/quepu.cl\/pt\/praticas\/\",\"name\":\"Pr\u00e1ticas - Olivares de Quepu\",\"isPartOf\":{\"@id\":\"https:\/\/quepu.cl\/pt\/#website\"},\"datePublished\":\"2026-01-12T23:08:03+00:00\",\"dateModified\":\"2026-01-12T23:54:36+00:00\",\"breadcrumb\":{\"@id\":\"https:\/\/quepu.cl\/pt\/praticas\/#breadcrumb\"},\"inLanguage\":\"pt-BR\",\"potentialAction\":[{\"@type\":\"ReadAction\",\"target\":[\"https:\/\/quepu.cl\/pt\/praticas\/\"]}]},{\"@type\":\"BreadcrumbList\",\"@id\":\"https:\/\/quepu.cl\/pt\/praticas\/#breadcrumb\",\"itemListElement\":[{\"@type\":\"ListItem\",\"position\":1,\"name\":\"Portada\",\"item\":\"https:\/\/quepu.cl\/pt\/\"},{\"@type\":\"ListItem\",\"position\":2,\"name\":\"Pr\u00e1ticas\"}]},{\"@type\":\"WebSite\",\"@id\":\"https:\/\/quepu.cl\/pt\/#website\",\"url\":\"https:\/\/quepu.cl\/pt\/\",\"name\":\"Olivares de Quepu\",\"description\":\"\",\"potentialAction\":[{\"@type\":\"SearchAction\",\"target\":{\"@type\":\"EntryPoint\",\"urlTemplate\":\"https:\/\/quepu.cl\/pt\/?s={search_term_string}\"},\"query-input\":{\"@type\":\"PropertyValueSpecification\",\"valueRequired\":true,\"valueName\":\"search_term_string\"}}],\"inLanguage\":\"pt-BR\"}]}<\/script>\n<!-- \/ Yoast SEO plugin. -->","yoast_head_json":{"title":"Pr\u00e1ticas - Olivares de Quepu","robots":{"index":"index","follow":"follow","max-snippet":"max-snippet:-1","max-image-preview":"max-image-preview:large","max-video-preview":"max-video-preview:-1"},"canonical":"https:\/\/quepu.cl\/pt\/praticas\/","og_locale":"pt_BR","og_type":"article","og_title":"Pr\u00e1ticas - Olivares de Quepu","og_description":"[vc_row full_width=&#8221;stretch_row_content&#8221; css=&#8221;.vc_custom_1768189914391{margin-top: 0px !important;padding-top: 96px !important;padding-bottom: 40px !important;}&#8221;][vc_column][vc_column_text css=&#8221;&#8221;] Estamos comprometidos com a sustentabilidade em todas as etapas do nosso processo produtivo, com profundo respeito ao meio ambiente e uma abordagem integral. \u00a0[\/vc_column_text][\/vc_column][\/vc_row][vc_row css=&#8221;.vc_custom_1768278573450{margin-bottom: 50px !important;}&#8221;][vc_column css=&#8221;.vc_custom_1768278455448{margin-bottom: 0px !important;padding-bottom: 0px !important;}&#8221;][vc_single_image image=&#8221;243&#8243; img_size=&#8221;full&#8221; css=&#8221;&#8221;][vc_row_inner css=&#8221;.vc_custom_1768278271508{margin-top: 0px !important;margin-right: 0px !important;margin-left: 0px !important;border-right-width: 0px !important;border-left-width: 0px [&hellip;]","og_url":"https:\/\/quepu.cl\/pt\/praticas\/","og_site_name":"Olivares de Quepu","article_modified_time":"2026-01-12T23:54:36+00:00","twitter_card":"summary_large_image","twitter_misc":{"Est. tempo de leitura":"5 minutos"},"schema":{"@context":"https:\/\/schema.org","@graph":[{"@type":"WebPage","@id":"https:\/\/quepu.cl\/pt\/praticas\/","url":"https:\/\/quepu.cl\/pt\/praticas\/","name":"Pr\u00e1ticas - Olivares de Quepu","isPartOf":{"@id":"https:\/\/quepu.cl\/pt\/#website"},"datePublished":"2026-01-12T23:08:03+00:00","dateModified":"2026-01-12T23:54:36+00:00","breadcrumb":{"@id":"https:\/\/quepu.cl\/pt\/praticas\/#breadcrumb"},"inLanguage":"pt-BR","potentialAction":[{"@type":"ReadAction","target":["https:\/\/quepu.cl\/pt\/praticas\/"]}]},{"@type":"BreadcrumbList","@id":"https:\/\/quepu.cl\/pt\/praticas\/#breadcrumb","itemListElement":[{"@type":"ListItem","position":1,"name":"Portada","item":"https:\/\/quepu.cl\/pt\/"},{"@type":"ListItem","position":2,"name":"Pr\u00e1ticas"}]},{"@type":"WebSite","@id":"https:\/\/quepu.cl\/pt\/#website","url":"https:\/\/quepu.cl\/pt\/","name":"Olivares de Quepu","description":"","potentialAction":[{"@type":"SearchAction","target":{"@type":"EntryPoint","urlTemplate":"https:\/\/quepu.cl\/pt\/?s={search_term_string}"},"query-input":{"@type":"PropertyValueSpecification","valueRequired":true,"valueName":"search_term_string"}}],"inLanguage":"pt-BR"}]}},"_links":{"self":[{"href":"https:\/\/quepu.cl\/pt\/wp-json\/wp\/v2\/pages\/248","targetHints":{"allow":["GET"]}}],"collection":[{"href":"https:\/\/quepu.cl\/pt\/wp-json\/wp\/v2\/pages"}],"about":[{"href":"https:\/\/quepu.cl\/pt\/wp-json\/wp\/v2\/types\/page"}],"author":[{"embeddable":true,"href":"https:\/\/quepu.cl\/pt\/wp-json\/wp\/v2\/users\/3"}],"replies":[{"embeddable":true,"href":"https:\/\/quepu.cl\/pt\/wp-json\/wp\/v2\/comments?post=248"}],"version-history":[{"count":8,"href":"https:\/\/quepu.cl\/pt\/wp-json\/wp\/v2\/pages\/248\/revisions"}],"predecessor-version":[{"id":257,"href":"https:\/\/quepu.cl\/pt\/wp-json\/wp\/v2\/pages\/248\/revisions\/257"}],"wp:attachment":[{"href":"https:\/\/quepu.cl\/pt\/wp-json\/wp\/v2\/media?parent=248"}],"curies":[{"name":"wp","href":"https:\/\/api.w.org\/{rel}","templated":true}]}}