{"id":258,"date":"2026-01-12T20:56:01","date_gmt":"2026-01-12T23:56:01","guid":{"rendered":"https:\/\/quepu.cl\/pt\/?page_id=258"},"modified":"2026-01-12T21:29:23","modified_gmt":"2026-01-13T00:29:23","slug":"certificacoes","status":"publish","type":"page","link":"https:\/\/quepu.cl\/pt\/certificacoes\/","title":{"rendered":"Certifica\u00e7\u00f5es"},"content":{"rendered":"<div class=\"wpb-content-wrapper\"><p>[vc_row full_width=&#8221;stretch_row_content&#8221; css=&#8221;.vc_custom_1768189914391{margin-top: 0px !important;padding-top: 96px !important;padding-bottom: 40px !important;}&#8221;][vc_column]<h2 class=\"sc_title sc_title_regular sc_align_center rombos-deco margin_top_null margin_bottom_null\" style=\"text-align:center;font-size:4.9em;\">CERTIFICA\u00c7\u00d5ES DE QUALIDADE E CONFORMIDADE REGULAT\u00d3RIA<\/h2>[vc_column_text css=&#8221;&#8221;]<\/p>\n<p style=\"text-align: center; font-size: 1.5em; font-style: italic;\"><span style=\"font-weight: 400;\">Certifica\u00e7\u00f5es internacionais, que garantem a qualidade, a autenticidade e a confiabilidade,<br \/>\nrespaldam cada um dos nossos azeites h\u00e1 anos.<\/span><\/p>\n<p><b>\u00a0<\/b>[\/vc_column_text][\/vc_column][\/vc_row][vc_row][vc_column width=&#8221;1\/2&#8243;][vc_single_image image=&#8221;265&#8243; alignment=&#8221;center&#8221; css=&#8221;&#8221;]<h1 class=\"sc_title sc_title_regular sc_align_center margin_top_tiny margin_bottom_tiny\" style=\"text-align:center;font-weight:100;font-size:4em;\"><span class=\"s17\">Certifica\u00e7\u00e3o<\/span><span class=\"s17\"> BRCSD<\/span><\/h1>[vc_btn title=&#8221;Baixar Certificado&#8221; align=&#8221;center&#8221; css=&#8221;&#8221;][\/vc_column][vc_column width=&#8221;1\/2&#8243;][vc_single_image image=&#8221;264&#8243; alignment=&#8221;center&#8221; css=&#8221;&#8221;]<h1 class=\"sc_title sc_title_regular sc_align_center margin_top_tiny margin_bottom_tiny\" style=\"text-align:center;font-weight:100;font-size:4em;\">KOSHER 2025<\/h1>[vc_btn title=&#8221;Baixar Certificado&#8221; align=&#8221;center&#8221; css=&#8221;&#8221;][\/vc_column][\/vc_row][vc_row css=&#8221;.vc_custom_1768282123784{margin-top: 64px !important;margin-bottom: 64px !important;}&#8221;][vc_column width=&#8221;1\/2&#8243;][vc_single_image image=&#8221;262&#8243; alignment=&#8221;center&#8221; css=&#8221;&#8221;]<h1 class=\"sc_title sc_title_regular sc_align_center margin_top_tiny margin_bottom_tiny\" style=\"text-align:center;font-weight:100;font-size:4em;\"><span class=\"s17\">Certifica\u00e7\u00e3o<\/span><span class=\"s17\"> FDA 2025<\/span><\/h1>[vc_btn title=&#8221;Baixar Certificado&#8221; align=&#8221;center&#8221; css=&#8221;&#8221;][\/vc_column][vc_column width=&#8221;1\/2&#8243;][vc_single_image image=&#8221;263&#8243; alignment=&#8221;center&#8221; css=&#8221;&#8221;]<h1 class=\"sc_title sc_title_regular sc_align_center margin_top_tiny margin_bottom_tiny\" style=\"text-align:center;font-weight:100;font-size:4em;\">GLOBAL GAP 2025<\/h1>[vc_btn title=&#8221;Baixar Certificado&#8221; align=&#8221;center&#8221; css=&#8221;&#8221;][\/vc_column][\/vc_row]<\/p>\n<\/div>","protected":false},"excerpt":{"rendered":"<p>[vc_row full_width=&#8221;stretch_row_content&#8221; css=&#8221;.vc_custom_1768189914391{margin-top: 0px !important;padding-top: 96px !important;padding-bottom: 40px !important;}&#8221;][vc_column][vc_column_text css=&#8221;&#8221;] Certifica\u00e7\u00f5es internacionais, que garantem a qualidade, a autenticidade e a confiabilidade, respaldam cada um dos nossos azeites h\u00e1 anos. \u00a0[\/vc_column_text][\/vc_column][\/vc_row][vc_row][vc_column width=&#8221;1\/2&#8243;][vc_single_image image=&#8221;265&#8243; alignment=&#8221;center&#8221; css=&#8221;&#8221;][vc_btn title=&#8221;Baixar Certificado&#8221; align=&#8221;center&#8221; css=&#8221;&#8221;][\/vc_column][vc_column width=&#8221;1\/2&#8243;][vc_single_image image=&#8221;264&#8243; alignment=&#8221;center&#8221; css=&#8221;&#8221;][vc_btn title=&#8221;Baixar Certificado&#8221; align=&#8221;center&#8221; css=&#8221;&#8221;][\/vc_column][\/vc_row][vc_row css=&#8221;.vc_custom_1768282123784{margin-top: 64px !important;margin-bottom: 64px !important;}&#8221;][vc_column width=&#8221;1\/2&#8243;][vc_single_image image=&#8221;262&#8243; alignment=&#8221;center&#8221; css=&#8221;&#8221;][vc_btn [&hellip;]<\/p>\n","protected":false},"author":3,"featured_media":0,"parent":0,"menu_order":0,"comment_status":"closed","ping_status":"open","template":"","meta":{"footnotes":""},"class_list":["post-258","page","type-page","status-publish","hentry"],"yoast_head":"<!-- This site is optimized with the Yoast SEO plugin v26.9 - https:\/\/yoast.com\/product\/yoast-seo-wordpress\/ -->\n<title>Certifica\u00e7\u00f5es - Olivares de Quepu<\/title>\n<meta name=\"robots\" content=\"index, follow, max-snippet:-1, max-image-preview:large, max-video-preview:-1\" \/>\n<link rel=\"canonical\" href=\"https:\/\/quepu.cl\/pt\/certificacoes\/\" \/>\n<meta property=\"og:locale\" content=\"pt_BR\" \/>\n<meta property=\"og:type\" content=\"article\" \/>\n<meta property=\"og:title\" content=\"Certifica\u00e7\u00f5es - Olivares de Quepu\" \/>\n<meta property=\"og:description\" content=\"[vc_row full_width=&#8221;stretch_row_content&#8221; css=&#8221;.vc_custom_1768189914391{margin-top: 0px !important;padding-top: 96px !important;padding-bottom: 40px !important;}&#8221;][vc_column][vc_column_text css=&#8221;&#8221;] Certifica\u00e7\u00f5es internacionais, que garantem a qualidade, a autenticidade e a confiabilidade, respaldam cada um dos nossos azeites h\u00e1 anos. \u00a0[\/vc_column_text][\/vc_column][\/vc_row][vc_row][vc_column width=&#8221;1\/2&#8243;][vc_single_image image=&#8221;265&#8243; alignment=&#8221;center&#8221; css=&#8221;&#8221;][vc_btn title=&#8221;Baixar Certificado&#8221; align=&#8221;center&#8221; css=&#8221;&#8221;][\/vc_column][vc_column width=&#8221;1\/2&#8243;][vc_single_image image=&#8221;264&#8243; alignment=&#8221;center&#8221; css=&#8221;&#8221;][vc_btn title=&#8221;Baixar Certificado&#8221; align=&#8221;center&#8221; css=&#8221;&#8221;][\/vc_column][\/vc_row][vc_row css=&#8221;.vc_custom_1768282123784{margin-top: 64px !important;margin-bottom: 64px !important;}&#8221;][vc_column width=&#8221;1\/2&#8243;][vc_single_image image=&#8221;262&#8243; alignment=&#8221;center&#8221; css=&#8221;&#8221;][vc_btn [&hellip;]\" \/>\n<meta property=\"og:url\" content=\"https:\/\/quepu.cl\/pt\/certificacoes\/\" \/>\n<meta property=\"og:site_name\" content=\"Olivares de Quepu\" \/>\n<meta property=\"article:modified_time\" content=\"2026-01-13T00:29:23+00:00\" \/>\n<meta name=\"twitter:card\" content=\"summary_large_image\" \/>\n<meta name=\"twitter:label1\" content=\"Est. tempo de leitura\" \/>\n\t<meta name=\"twitter:data1\" content=\"1 minuto\" \/>\n<script type=\"application\/ld+json\" class=\"yoast-schema-graph\">{\"@context\":\"https:\/\/schema.org\",\"@graph\":[{\"@type\":\"WebPage\",\"@id\":\"https:\/\/quepu.cl\/pt\/certificacoes\/\",\"url\":\"https:\/\/quepu.cl\/pt\/certificacoes\/\",\"name\":\"Certifica\u00e7\u00f5es - Olivares de Quepu\",\"isPartOf\":{\"@id\":\"https:\/\/quepu.cl\/pt\/#website\"},\"datePublished\":\"2026-01-12T23:56:01+00:00\",\"dateModified\":\"2026-01-13T00:29:23+00:00\",\"breadcrumb\":{\"@id\":\"https:\/\/quepu.cl\/pt\/certificacoes\/#breadcrumb\"},\"inLanguage\":\"pt-BR\",\"potentialAction\":[{\"@type\":\"ReadAction\",\"target\":[\"https:\/\/quepu.cl\/pt\/certificacoes\/\"]}]},{\"@type\":\"BreadcrumbList\",\"@id\":\"https:\/\/quepu.cl\/pt\/certificacoes\/#breadcrumb\",\"itemListElement\":[{\"@type\":\"ListItem\",\"position\":1,\"name\":\"Portada\",\"item\":\"https:\/\/quepu.cl\/pt\/\"},{\"@type\":\"ListItem\",\"position\":2,\"name\":\"Certifica\u00e7\u00f5es\"}]},{\"@type\":\"WebSite\",\"@id\":\"https:\/\/quepu.cl\/pt\/#website\",\"url\":\"https:\/\/quepu.cl\/pt\/\",\"name\":\"Olivares de Quepu\",\"description\":\"\",\"potentialAction\":[{\"@type\":\"SearchAction\",\"target\":{\"@type\":\"EntryPoint\",\"urlTemplate\":\"https:\/\/quepu.cl\/pt\/?s={search_term_string}\"},\"query-input\":{\"@type\":\"PropertyValueSpecification\",\"valueRequired\":true,\"valueName\":\"search_term_string\"}}],\"inLanguage\":\"pt-BR\"}]}<\/script>\n<!-- \/ Yoast SEO plugin. -->","yoast_head_json":{"title":"Certifica\u00e7\u00f5es - Olivares de Quepu","robots":{"index":"index","follow":"follow","max-snippet":"max-snippet:-1","max-image-preview":"max-image-preview:large","max-video-preview":"max-video-preview:-1"},"canonical":"https:\/\/quepu.cl\/pt\/certificacoes\/","og_locale":"pt_BR","og_type":"article","og_title":"Certifica\u00e7\u00f5es - Olivares de Quepu","og_description":"[vc_row full_width=&#8221;stretch_row_content&#8221; css=&#8221;.vc_custom_1768189914391{margin-top: 0px !important;padding-top: 96px !important;padding-bottom: 40px !important;}&#8221;][vc_column][vc_column_text css=&#8221;&#8221;] Certifica\u00e7\u00f5es internacionais, que garantem a qualidade, a autenticidade e a confiabilidade, respaldam cada um dos nossos azeites h\u00e1 anos. \u00a0[\/vc_column_text][\/vc_column][\/vc_row][vc_row][vc_column width=&#8221;1\/2&#8243;][vc_single_image image=&#8221;265&#8243; alignment=&#8221;center&#8221; css=&#8221;&#8221;][vc_btn title=&#8221;Baixar Certificado&#8221; align=&#8221;center&#8221; css=&#8221;&#8221;][\/vc_column][vc_column width=&#8221;1\/2&#8243;][vc_single_image image=&#8221;264&#8243; alignment=&#8221;center&#8221; css=&#8221;&#8221;][vc_btn title=&#8221;Baixar Certificado&#8221; align=&#8221;center&#8221; css=&#8221;&#8221;][\/vc_column][\/vc_row][vc_row css=&#8221;.vc_custom_1768282123784{margin-top: 64px !important;margin-bottom: 64px !important;}&#8221;][vc_column width=&#8221;1\/2&#8243;][vc_single_image image=&#8221;262&#8243; alignment=&#8221;center&#8221; css=&#8221;&#8221;][vc_btn [&hellip;]","og_url":"https:\/\/quepu.cl\/pt\/certificacoes\/","og_site_name":"Olivares de Quepu","article_modified_time":"2026-01-13T00:29:23+00:00","twitter_card":"summary_large_image","twitter_misc":{"Est. tempo de leitura":"1 minuto"},"schema":{"@context":"https:\/\/schema.org","@graph":[{"@type":"WebPage","@id":"https:\/\/quepu.cl\/pt\/certificacoes\/","url":"https:\/\/quepu.cl\/pt\/certificacoes\/","name":"Certifica\u00e7\u00f5es - Olivares de Quepu","isPartOf":{"@id":"https:\/\/quepu.cl\/pt\/#website"},"datePublished":"2026-01-12T23:56:01+00:00","dateModified":"2026-01-13T00:29:23+00:00","breadcrumb":{"@id":"https:\/\/quepu.cl\/pt\/certificacoes\/#breadcrumb"},"inLanguage":"pt-BR","potentialAction":[{"@type":"ReadAction","target":["https:\/\/quepu.cl\/pt\/certificacoes\/"]}]},{"@type":"BreadcrumbList","@id":"https:\/\/quepu.cl\/pt\/certificacoes\/#breadcrumb","itemListElement":[{"@type":"ListItem","position":1,"name":"Portada","item":"https:\/\/quepu.cl\/pt\/"},{"@type":"ListItem","position":2,"name":"Certifica\u00e7\u00f5es"}]},{"@type":"WebSite","@id":"https:\/\/quepu.cl\/pt\/#website","url":"https:\/\/quepu.cl\/pt\/","name":"Olivares de Quepu","description":"","potentialAction":[{"@type":"SearchAction","target":{"@type":"EntryPoint","urlTemplate":"https:\/\/quepu.cl\/pt\/?s={search_term_string}"},"query-input":{"@type":"PropertyValueSpecification","valueRequired":true,"valueName":"search_term_string"}}],"inLanguage":"pt-BR"}]}},"_links":{"self":[{"href":"https:\/\/quepu.cl\/pt\/wp-json\/wp\/v2\/pages\/258","targetHints":{"allow":["GET"]}}],"collection":[{"href":"https:\/\/quepu.cl\/pt\/wp-json\/wp\/v2\/pages"}],"about":[{"href":"https:\/\/quepu.cl\/pt\/wp-json\/wp\/v2\/types\/page"}],"author":[{"embeddable":true,"href":"https:\/\/quepu.cl\/pt\/wp-json\/wp\/v2\/users\/3"}],"replies":[{"embeddable":true,"href":"https:\/\/quepu.cl\/pt\/wp-json\/wp\/v2\/comments?post=258"}],"version-history":[{"count":8,"href":"https:\/\/quepu.cl\/pt\/wp-json\/wp\/v2\/pages\/258\/revisions"}],"predecessor-version":[{"id":271,"href":"https:\/\/quepu.cl\/pt\/wp-json\/wp\/v2\/pages\/258\/revisions\/271"}],"wp:attachment":[{"href":"https:\/\/quepu.cl\/pt\/wp-json\/wp\/v2\/media?parent=258"}],"curies":[{"name":"wp","href":"https:\/\/api.w.org\/{rel}","templated":true}]}}