{"id":273,"date":"2026-01-13T21:06:11","date_gmt":"2026-01-14T00:06:11","guid":{"rendered":"https:\/\/quepu.cl\/pt\/?page_id=273"},"modified":"2026-01-13T22:06:12","modified_gmt":"2026-01-14T01:06:12","slug":"dicas","status":"publish","type":"page","link":"https:\/\/quepu.cl\/pt\/dicas\/","title":{"rendered":"Dicas"},"content":{"rendered":"<div class=\"wpb-content-wrapper\"><p>[vc_row full_width=&#8221;stretch_row_content&#8221; css=&#8221;.vc_custom_1768367629275{padding-right: 50px !important;padding-left: 50px !important;background-color: #e9eabd !important;}&#8221;][vc_column][vc_empty_space height=&#8221;96px&#8221;][\/vc_column][\/vc_row][vc_row full_width=&#8221;stretch_row_content&#8221; css=&#8221;.vc_custom_1768368319321{padding-right: 50px !important;padding-bottom: 64px !important;padding-left: 50px !important;background-color: #e9eabd !important;}&#8221;][vc_column width=&#8221;1\/2&#8243;]<h1 class=\"sc_title sc_title_regular sc_align_left margin_top_tiny margin_bottom_tiny\" style=\"text-align:left;color:#574b3f;font-weight:100;font-size:4.9em;\">Por que o azeite de oliva \u00e9 essencial na cozinha?<\/h1>[vc_column_text css=&#8221;.vc_custom_1768368395890{margin-top: 0px !important;padding-top: 0px !important;}&#8221;]<span class=\"s17\">Porque \u00e9 <\/span><span class=\"s17\">muito<\/span> <span class=\"s17\">mais<\/span><span class=\"s17\"> do que <\/span><span class=\"s17\">um<\/span><span class=\"s17\"> ingrediente. \u00c9 o fio <\/span><span class=\"s17\">invis\u00edvel<\/span><span class=\"s17\"> que une os sabores, o <\/span><span class=\"s17\">detalhe<\/span><span class=\"s17\">que define texturas, o toque que integra os alimentos e o acento que valoriza cada <\/span><span class=\"s17\">prato<\/span><span class=\"s17\">com<\/span><span class=\"s17\"> aroma, sabor e <\/span><span class=\"s17\">cor<\/span><span class=\"s17\">. \u00c9 a <\/span><span class=\"s17\">ess\u00eancia<\/span><span class=\"s17\"> de <\/span><span class=\"s17\">uma<\/span><span class=\"s17\">arte que se vive\u2026 e se <\/span><span class=\"s17\">compartilha<\/span><span class=\"s17\">.<\/span>[\/vc_column_text][\/vc_column][vc_column width=&#8221;1\/2&#8243;][vc_single_image image=&#8221;276&#8243; img_size=&#8221;full&#8221; alignment=&#8221;center&#8221; css=&#8221;&#8221;][\/vc_column][\/vc_row][vc_row full_width=&#8221;stretch_row&#8221; css=&#8221;.vc_custom_1768368489014{margin-top: 64px !important;}&#8221;][vc_column]<h1 class=\"sc_title sc_title_regular sc_align_center margin_bottom_null\" style=\"text-align:center;color:#574b3f;font-weight:100;font-size:4.9em;\"><span class=\"s17\">Como <\/span><span class=\"s17\">aproveitar<\/span> <span class=\"s17\">melhor<\/span><span class=\"s17\"> o <\/span><span class=\"s17\">seu<\/span> <span class=\"s17\">azeite<\/span><span class=\"s17\"> de oliva?<\/span><\/h1>[vc_column_text css=&#8221;&#8221;]<\/p>\n<p style=\"text-align: center; font-size: 1.5em; font-style: italic;\"><span style=\"font-weight: 400;\">CONFIRA ESTAS DICAS<br \/>\n<\/span><b>\u00a0<\/b>[\/vc_column_text][\/vc_column][\/vc_row][vc_row full_width=&#8221;stretch_row_content&#8221; gap=&#8221;35&#8243; css=&#8221;.vc_custom_1768368768754{margin-top: 50px !important;}&#8221;][vc_column width=&#8221;1\/4&#8243;][vc_single_image image=&#8221;285&#8243; img_size=&#8221;full&#8221; css=&#8221;&#8221;]<h1 class=\"sc_title sc_title_regular sc_align_left margin_top_small margin_bottom_tiny\" style=\"text-align:left;color:#574b3f;font-weight:100;font-size:2.9em;\"><span class=\"s17\">Aproveite<\/span><span class=\"s17\">-o <\/span><span class=\"s17\">cru<\/span><\/h1>[vc_column_text css=&#8221;&#8221;]Ele preserva todos os seus aromas, sabores e propriedades. Ideal para saladas, torradas, queijos ou para finalizar pratos.[\/vc_column_text][\/vc_column][vc_column width=&#8221;1\/4&#8243;][vc_single_image image=&#8221;284&#8243; img_size=&#8221;full&#8221; css=&#8221;&#8221;]<h1 class=\"sc_title sc_title_regular sc_align_left margin_top_small margin_bottom_tiny\" style=\"text-align:left;color:#574b3f;font-weight:100;font-size:2.9em;\">Voc\u00ea pode cozinhar com ele<\/h1>[vc_column_text css=&#8221;&#8221;]Um bom azeite de oliva extra virgem resiste a temperaturas entre 190 \u00b0C e 210 \u00b0C, sendo perfeito para saltear, refogar ou assar.[\/vc_column_text][\/vc_column][vc_column width=&#8221;1\/4&#8243;][vc_single_image image=&#8221;283&#8243; img_size=&#8221;full&#8221; css=&#8221;&#8221;]<h1 class=\"sc_title sc_title_regular sc_align_left margin_top_small margin_bottom_tiny\" style=\"text-align:left;color:#574b3f;font-weight:100;font-size:2.9em;\">Brinque com as harmoniza\u00e7\u00f5es<\/h1>[vc_column_text css=&#8221;&#8221;]Os mais suaves combinam bem com verduras frescas ou salteadas.<br \/>\nOs m\u00e9dios, com massas, frutos do mar e peixes.<br \/>\nOs intensos real\u00e7am carnes assadas, leguminosas ou queijos maturados.[\/vc_column_text][\/vc_column][vc_column width=&#8221;1\/4&#8243;][vc_single_image image=&#8221;282&#8243; img_size=&#8221;full&#8221; css=&#8221;&#8221;]<h1 class=\"sc_title sc_title_regular sc_align_left margin_top_small margin_bottom_tiny\" style=\"text-align:left;color:#574b3f;font-weight:100;font-size:2.9em;\">Proteja da luz e do calor<\/h1>[vc_column_text css=&#8221;&#8221;]Ele preserva todos os seus aromas, sabores e propriedades. Ideal para saladas, torradas, queijos ou para finalizar pratos.[\/vc_column_text][\/vc_column][\/vc_row][vc_row full_width=&#8221;stretch_row_content&#8221; gap=&#8221;35&#8243; css=&#8221;.vc_custom_1768370505713{margin-top: 50px !important;margin-bottom: 50px !important;}&#8221;][vc_column width=&#8221;1\/4&#8243;][vc_single_image image=&#8221;281&#8243; img_size=&#8221;full&#8221; css=&#8221;&#8221;]<h1 class=\"sc_title sc_title_regular sc_align_left margin_top_small margin_bottom_tiny\" style=\"text-align:left;color:#574b3f;font-weight:100;font-size:2.9em;\">N\u00e3o guarde para \u201cocasi\u00f5es especiais\u201d<\/h1>[vc_column_text css=&#8221;&#8221;]Um azeite de qualidade foi feito para ser apreciado todos os dias. Quanto mais fresco, mais saboroso.[\/vc_column_text][\/vc_column][vc_column width=&#8221;1\/4&#8243;][vc_single_image image=&#8221;280&#8243; img_size=&#8221;full&#8221; css=&#8221;&#8221;]<h1 class=\"sc_title sc_title_regular sc_align_left margin_top_small margin_bottom_tiny\" style=\"text-align:left;color:#574b3f;font-weight:100;font-size:2.9em;\">Limpeza dos recipientes<\/h1>[vc_column_text css=&#8221;&#8221;]Limpe cuidadosamente as garrafas antes de reutiliz\u00e1-las, pois um recipiente sujo pode alterar o sabor e a qualidade do produto. S\u00f3 assim \u00e9 poss\u00edvel preservar a integridade de cada gota.[\/vc_column_text][\/vc_column][vc_column width=&#8221;1\/4&#8243;][vc_single_image image=&#8221;279&#8243; img_size=&#8221;full&#8221; css=&#8221;&#8221;]<h1 class=\"sc_title sc_title_regular sc_align_left margin_top_small margin_bottom_tiny\" style=\"text-align:left;color:#574b3f;font-weight:100;font-size:2.9em;\">Temperar saladas<\/h1>[vc_column_text css=&#8221;&#8221;]A arte de temperar saladas come\u00e7a com o sal, seguida do vinagre ou suco de lim\u00e3o, e termina com o azeite. Essa ordem garante uma harmonia perfeita de sabores: o sal desperta o paladar, o vinagre traz frescor e o azeite proporciona suavidade.[\/vc_column_text][\/vc_column][vc_column width=&#8221;1\/4&#8243;][vc_single_image image=&#8221;278&#8243; img_size=&#8221;full&#8221; css=&#8221;&#8221;]<h1 class=\"sc_title sc_title_regular sc_align_left margin_top_small margin_bottom_tiny\" style=\"text-align:left;color:#574b3f;font-weight:100;font-size:2.9em;\">Cozinhe em fogo baixo<\/h1>[vc_column_text css=&#8221;&#8221;]Cozinhar em fogo baixo \u00e9 uma arte que valoriza as propriedades do nosso azeite de oliva.[\/vc_column_text][\/vc_column][\/vc_row]<\/p>\n<\/div>","protected":false},"excerpt":{"rendered":"<p>[vc_row full_width=&#8221;stretch_row_content&#8221; css=&#8221;.vc_custom_1768367629275{padding-right: 50px !important;padding-left: 50px !important;background-color: #e9eabd !important;}&#8221;][vc_column][vc_empty_space height=&#8221;96px&#8221;][\/vc_column][\/vc_row][vc_row full_width=&#8221;stretch_row_content&#8221; css=&#8221;.vc_custom_1768368319321{padding-right: 50px !important;padding-bottom: 64px !important;padding-left: 50px !important;background-color: #e9eabd !important;}&#8221;][vc_column width=&#8221;1\/2&#8243;][vc_column_text css=&#8221;.vc_custom_1768368395890{margin-top: 0px !important;padding-top: 0px !important;}&#8221;]Porque \u00e9 muito mais do que um ingrediente. \u00c9 o fio invis\u00edvel que une os sabores, o detalheque define texturas, o toque que integra os alimentos e o acento que [&hellip;]<\/p>\n","protected":false},"author":3,"featured_media":0,"parent":0,"menu_order":0,"comment_status":"closed","ping_status":"open","template":"","meta":{"footnotes":""},"class_list":["post-273","page","type-page","status-publish","hentry"],"yoast_head":"<!-- This site is optimized with the Yoast SEO plugin v26.9 - https:\/\/yoast.com\/product\/yoast-seo-wordpress\/ -->\n<title>Dicas - Olivares de Quepu<\/title>\n<meta name=\"robots\" content=\"index, follow, max-snippet:-1, max-image-preview:large, max-video-preview:-1\" \/>\n<link rel=\"canonical\" href=\"https:\/\/quepu.cl\/pt\/dicas\/\" \/>\n<meta property=\"og:locale\" content=\"pt_BR\" \/>\n<meta property=\"og:type\" content=\"article\" \/>\n<meta property=\"og:title\" content=\"Dicas - Olivares de Quepu\" \/>\n<meta property=\"og:description\" content=\"[vc_row full_width=&#8221;stretch_row_content&#8221; css=&#8221;.vc_custom_1768367629275{padding-right: 50px !important;padding-left: 50px !important;background-color: #e9eabd !important;}&#8221;][vc_column][vc_empty_space height=&#8221;96px&#8221;][\/vc_column][\/vc_row][vc_row full_width=&#8221;stretch_row_content&#8221; css=&#8221;.vc_custom_1768368319321{padding-right: 50px !important;padding-bottom: 64px !important;padding-left: 50px !important;background-color: #e9eabd !important;}&#8221;][vc_column width=&#8221;1\/2&#8243;][vc_column_text css=&#8221;.vc_custom_1768368395890{margin-top: 0px !important;padding-top: 0px !important;}&#8221;]Porque \u00e9 muito mais do que um ingrediente. \u00c9 o fio invis\u00edvel que une os sabores, o detalheque define texturas, o toque que integra os alimentos e o acento que [&hellip;]\" \/>\n<meta property=\"og:url\" content=\"https:\/\/quepu.cl\/pt\/dicas\/\" \/>\n<meta property=\"og:site_name\" content=\"Olivares de Quepu\" \/>\n<meta property=\"article:modified_time\" content=\"2026-01-14T01:06:12+00:00\" \/>\n<meta name=\"twitter:card\" content=\"summary_large_image\" \/>\n<meta name=\"twitter:label1\" content=\"Est. tempo de leitura\" \/>\n\t<meta name=\"twitter:data1\" content=\"4 minutos\" \/>\n<script type=\"application\/ld+json\" class=\"yoast-schema-graph\">{\"@context\":\"https:\/\/schema.org\",\"@graph\":[{\"@type\":\"WebPage\",\"@id\":\"https:\/\/quepu.cl\/pt\/dicas\/\",\"url\":\"https:\/\/quepu.cl\/pt\/dicas\/\",\"name\":\"Dicas - Olivares de Quepu\",\"isPartOf\":{\"@id\":\"https:\/\/quepu.cl\/pt\/#website\"},\"datePublished\":\"2026-01-14T00:06:11+00:00\",\"dateModified\":\"2026-01-14T01:06:12+00:00\",\"breadcrumb\":{\"@id\":\"https:\/\/quepu.cl\/pt\/dicas\/#breadcrumb\"},\"inLanguage\":\"pt-BR\",\"potentialAction\":[{\"@type\":\"ReadAction\",\"target\":[\"https:\/\/quepu.cl\/pt\/dicas\/\"]}]},{\"@type\":\"BreadcrumbList\",\"@id\":\"https:\/\/quepu.cl\/pt\/dicas\/#breadcrumb\",\"itemListElement\":[{\"@type\":\"ListItem\",\"position\":1,\"name\":\"Portada\",\"item\":\"https:\/\/quepu.cl\/pt\/\"},{\"@type\":\"ListItem\",\"position\":2,\"name\":\"Dicas\"}]},{\"@type\":\"WebSite\",\"@id\":\"https:\/\/quepu.cl\/pt\/#website\",\"url\":\"https:\/\/quepu.cl\/pt\/\",\"name\":\"Olivares de Quepu\",\"description\":\"\",\"potentialAction\":[{\"@type\":\"SearchAction\",\"target\":{\"@type\":\"EntryPoint\",\"urlTemplate\":\"https:\/\/quepu.cl\/pt\/?s={search_term_string}\"},\"query-input\":{\"@type\":\"PropertyValueSpecification\",\"valueRequired\":true,\"valueName\":\"search_term_string\"}}],\"inLanguage\":\"pt-BR\"}]}<\/script>\n<!-- \/ Yoast SEO plugin. -->","yoast_head_json":{"title":"Dicas - Olivares de Quepu","robots":{"index":"index","follow":"follow","max-snippet":"max-snippet:-1","max-image-preview":"max-image-preview:large","max-video-preview":"max-video-preview:-1"},"canonical":"https:\/\/quepu.cl\/pt\/dicas\/","og_locale":"pt_BR","og_type":"article","og_title":"Dicas - Olivares de Quepu","og_description":"[vc_row full_width=&#8221;stretch_row_content&#8221; css=&#8221;.vc_custom_1768367629275{padding-right: 50px !important;padding-left: 50px !important;background-color: #e9eabd !important;}&#8221;][vc_column][vc_empty_space height=&#8221;96px&#8221;][\/vc_column][\/vc_row][vc_row full_width=&#8221;stretch_row_content&#8221; css=&#8221;.vc_custom_1768368319321{padding-right: 50px !important;padding-bottom: 64px !important;padding-left: 50px !important;background-color: #e9eabd !important;}&#8221;][vc_column width=&#8221;1\/2&#8243;][vc_column_text css=&#8221;.vc_custom_1768368395890{margin-top: 0px !important;padding-top: 0px !important;}&#8221;]Porque \u00e9 muito mais do que um ingrediente. \u00c9 o fio invis\u00edvel que une os sabores, o detalheque define texturas, o toque que integra os alimentos e o acento que [&hellip;]","og_url":"https:\/\/quepu.cl\/pt\/dicas\/","og_site_name":"Olivares de Quepu","article_modified_time":"2026-01-14T01:06:12+00:00","twitter_card":"summary_large_image","twitter_misc":{"Est. tempo de leitura":"4 minutos"},"schema":{"@context":"https:\/\/schema.org","@graph":[{"@type":"WebPage","@id":"https:\/\/quepu.cl\/pt\/dicas\/","url":"https:\/\/quepu.cl\/pt\/dicas\/","name":"Dicas - Olivares de Quepu","isPartOf":{"@id":"https:\/\/quepu.cl\/pt\/#website"},"datePublished":"2026-01-14T00:06:11+00:00","dateModified":"2026-01-14T01:06:12+00:00","breadcrumb":{"@id":"https:\/\/quepu.cl\/pt\/dicas\/#breadcrumb"},"inLanguage":"pt-BR","potentialAction":[{"@type":"ReadAction","target":["https:\/\/quepu.cl\/pt\/dicas\/"]}]},{"@type":"BreadcrumbList","@id":"https:\/\/quepu.cl\/pt\/dicas\/#breadcrumb","itemListElement":[{"@type":"ListItem","position":1,"name":"Portada","item":"https:\/\/quepu.cl\/pt\/"},{"@type":"ListItem","position":2,"name":"Dicas"}]},{"@type":"WebSite","@id":"https:\/\/quepu.cl\/pt\/#website","url":"https:\/\/quepu.cl\/pt\/","name":"Olivares de Quepu","description":"","potentialAction":[{"@type":"SearchAction","target":{"@type":"EntryPoint","urlTemplate":"https:\/\/quepu.cl\/pt\/?s={search_term_string}"},"query-input":{"@type":"PropertyValueSpecification","valueRequired":true,"valueName":"search_term_string"}}],"inLanguage":"pt-BR"}]}},"_links":{"self":[{"href":"https:\/\/quepu.cl\/pt\/wp-json\/wp\/v2\/pages\/273","targetHints":{"allow":["GET"]}}],"collection":[{"href":"https:\/\/quepu.cl\/pt\/wp-json\/wp\/v2\/pages"}],"about":[{"href":"https:\/\/quepu.cl\/pt\/wp-json\/wp\/v2\/types\/page"}],"author":[{"embeddable":true,"href":"https:\/\/quepu.cl\/pt\/wp-json\/wp\/v2\/users\/3"}],"replies":[{"embeddable":true,"href":"https:\/\/quepu.cl\/pt\/wp-json\/wp\/v2\/comments?post=273"}],"version-history":[{"count":4,"href":"https:\/\/quepu.cl\/pt\/wp-json\/wp\/v2\/pages\/273\/revisions"}],"predecessor-version":[{"id":288,"href":"https:\/\/quepu.cl\/pt\/wp-json\/wp\/v2\/pages\/273\/revisions\/288"}],"wp:attachment":[{"href":"https:\/\/quepu.cl\/pt\/wp-json\/wp\/v2\/media?parent=273"}],"curies":[{"name":"wp","href":"https:\/\/api.w.org\/{rel}","templated":true}]}}