{"id":289,"date":"2026-01-13T22:10:18","date_gmt":"2026-01-14T01:10:18","guid":{"rendered":"https:\/\/quepu.cl\/pt\/?page_id=289"},"modified":"2026-01-13T22:37:17","modified_gmt":"2026-01-14T01:37:17","slug":"receitas","status":"publish","type":"page","link":"https:\/\/quepu.cl\/pt\/receitas\/","title":{"rendered":"Receitas"},"content":{"rendered":"<div class=\"wpb-content-wrapper\"><p>[vc_row full_width=&#8221;stretch_row&#8221; css=&#8221;.vc_custom_1768372621682{margin-top: 50px !important;}&#8221;][vc_column]<h1 class=\"sc_title sc_title_regular sc_align_center rombos-deco margin_top_large margin_bottom_null\" style=\"text-align:center;color:#574b3f;font-weight:100;font-size:4.9em;\">Receitas<\/h1>[\/vc_column][\/vc_row][vc_row full_width=&#8221;stretch_row_content&#8221; gap=&#8221;35&#8243; css=&#8221;.vc_custom_1768371953948{margin-top: 50px !important;margin-bottom: 50px !important;}&#8221;][vc_column width=&#8221;1\/3&#8243;][vc_single_image image=&#8221;292&#8243; img_size=&#8221;full&#8221; css=&#8221;&#8221;]<h1 class=\"sc_title sc_title_regular sc_align_left margin_top_small margin_bottom_tiny\" style=\"text-align:left;color:#574b3f;font-weight:100;font-size:2.9em;\">Pesto caseiro (serve 6 pessoas)<\/h1>[vc_column_text css=&#8221;&#8221;]Uma mistura vibrante, cheia de sabor e perfeita para massas, saladas, pizzas ou p\u00e3es. O segredo: usar o melhor azeite de oliva extra virgem, aquele com personalidade, aroma e um toque frutado que real\u00e7a tudo.<\/p>\n<p><strong>Ingredientes:<\/strong><\/p>\n<p>\u2022 2 x\u00edcaras de folhas de manjeric\u00e3o fresco (90 g)<br \/>\n\u2022 \u00be de x\u00edcara de pinh\u00f5es ou nozes (90 g)<br \/>\n\u2022 6 dentes de alho<br \/>\n\u2022 1 \u00bd x\u00edcara de queijo parmes\u00e3o ralado (150 g)<br \/>\n\u2022 1 x\u00edcara de azeite de oliva extra virgem (240 ml)<br \/>\n\u2022 Sal, pimenta e algumas gotas de suco de lim\u00e3o (opcional)<\/p>\n<p><strong>Modo de preparo:<\/strong><\/p>\n<p>\u2022 Lave e seque bem o manjeric\u00e3o (sem os talos).<br \/>\n\u2022 Torre as castanhas por alguns minutos em uma frigideira seca.<br \/>\n\u2022 Descasque os dentes de alho e retire o germe, se desejar um sabor mais suave.<br \/>\n\u2022 Bata todos os ingredientes, exceto o azeite. Em seguida, adicione-o aos poucos at\u00e9 obter uma textura cremosa.<br \/>\n\u2022 Ajuste o sal, a pimenta e o lim\u00e3o a gosto.<br \/>\nDica: Guarde em um pote com uma fina camada de azeite por cima. E lembre-se: um bom pesto sempre come\u00e7a com um grande azeite de oliva.[\/vc_column_text][\/vc_column][vc_column width=&#8221;1\/3&#8243;][vc_single_image image=&#8221;294&#8243; img_size=&#8221;full&#8221; css=&#8221;&#8221;]<h1 class=\"sc_title sc_title_regular sc_align_left margin_top_small margin_bottom_tiny\" style=\"text-align:left;color:#574b3f;font-weight:100;font-size:2.9em;\">Carpaccio ao seu estilo (serve 6 pessoas)<\/h1>[vc_column_text css=&#8221;&#8221;]Fresco, saboroso e f\u00e1cil de adaptar: carne bovina, salm\u00e3o, peixe branco ou vegetais como abobrinha ou beterraba. O essencial \u00e9 cortar l\u00e2minas bem finas e finaliz\u00e1-las com um azeite de oliva extra virgem que brilhe por si s\u00f3.<\/p>\n<p><strong>Ingredientes<\/strong><\/p>\n<p>\u2022 600 g de carne, peixe ou vegetais cozidos\/crus \u00e0 sua escolha<br \/>\n\u2022 100 g de queijo parmes\u00e3o (ralado ou em lascas)<br \/>\n\u2022 3 punhados de r\u00facula<br \/>\n\u2022 3 colheres (sopa) de alcaparras<br \/>\n\u2022 Suco de 2 lim\u00f5es<br \/>\n\u2022 \u00be de x\u00edcara de azeite de oliva extra virgem<br \/>\n\u2022 Sal e pimenta<\/p>\n<p><strong>Modo de preparo<\/strong><\/p>\n<p>\u2022 Disponha as l\u00e2minas do ingrediente escolhido em um prato.<br \/>\n\u2022 Misture o suco de lim\u00e3o, o sal, a pimenta e o azeite para formar um molho.<br \/>\n\u2022 Regue o carpaccio e deixe marinar por 5 minutos, no caso de carne ou peixe.<br \/>\n\u2022 Finalize com r\u00facula, parmes\u00e3o e alcaparras por cima.<br \/>\nDica: O segredo est\u00e1 no azeite. Escolha um com aroma, car\u00e1ter e final elegante. Ele muda tudo.[\/vc_column_text][\/vc_column][vc_column width=&#8221;1\/3&#8243;][vc_single_image image=&#8221;293&#8243; img_size=&#8221;full&#8221; css=&#8221;&#8221;]<h1 class=\"sc_title sc_title_regular sc_align_left margin_top_small margin_bottom_tiny\" style=\"text-align:left;color:#574b3f;font-weight:100;font-size:2.9em;\">Frango ao alho (serve 6 pessoas)<\/h1>[vc_column_text css=&#8221;&#8221;]Um cl\u00e1ssico que nunca falha. Este frango ao alho tem aroma de comida caseira, doura com paci\u00eancia e se transforma gra\u00e7as ao uso de um excelente azeite de oliva extra virgem.<\/p>\n<p><strong>Ingredientes<\/strong><\/p>\n<p>\u2022 1 frango cortado em peda\u00e7os (cerca de 2 kg)<br \/>\n\u2022 8 dentes de alho<br \/>\n\u2022 100 ml de azeite de oliva extra virgem<br \/>\n\u2022 1 folha de louro<br \/>\n\u2022 1 ramo de tomilho e 1 ramo de alecrim<br \/>\n\u2022 300 ml de vinho branco seco<br \/>\n\u2022 Sal e pimenta a gosto<br \/>\n\u2022 Salsinha fresca picada para finalizar (opcional)<\/p>\n<p><strong>Modo de preparo<\/strong><\/p>\n<p>\u2022 Tempere os peda\u00e7os de frango com sal e pimenta. Descasque os dentes de alho: metade deixe inteiros e a outra metade pique finamente.<br \/>\n\u2022 Em uma frigideira grande, aque\u00e7a o azeite e refogue os dentes de alho inteiros em fogo m\u00e9dio at\u00e9 ficarem dourados e arom\u00e1ticos. Retire e reserve.<br \/>\n\u2022 No azeite j\u00e1 aromatizado, doure bem os peda\u00e7os de frango junto com as ervas. O segredo \u00e9 dourar por fora e manter suculento por dentro (cerca de 15 a 20 minutos).<br \/>\n\u2022 Acrescente o alho reservado e o vinho branco. Cozinhe em fogo m\u00e9dio at\u00e9 o l\u00edquido reduzir e formar um molho espesso e saboroso.<br \/>\n\u2022 Sirva quente, finalizando com salsinha fresca. Acompanhe com p\u00e3o crocante para aproveitar cada gota do molho.<br \/>\nDica: Este prato vive ou morre conforme o azeite utilizado. Ele n\u00e3o apenas cozinha o frango: ele o transforma.[\/vc_column_text][\/vc_column][\/vc_row]<\/p>\n<\/div>","protected":false},"excerpt":{"rendered":"<p>[vc_row full_width=&#8221;stretch_row&#8221; css=&#8221;.vc_custom_1768372621682{margin-top: 50px !important;}&#8221;][vc_column][\/vc_column][\/vc_row][vc_row full_width=&#8221;stretch_row_content&#8221; gap=&#8221;35&#8243; css=&#8221;.vc_custom_1768371953948{margin-top: 50px !important;margin-bottom: 50px !important;}&#8221;][vc_column width=&#8221;1\/3&#8243;][vc_single_image image=&#8221;292&#8243; img_size=&#8221;full&#8221; css=&#8221;&#8221;][vc_column_text css=&#8221;&#8221;]Uma mistura vibrante, cheia de sabor e perfeita para massas, saladas, pizzas ou p\u00e3es. O segredo: usar o melhor azeite de oliva extra virgem, aquele com personalidade, aroma e um toque frutado que real\u00e7a tudo. Ingredientes: \u2022 2 x\u00edcaras [&hellip;]<\/p>\n","protected":false},"author":3,"featured_media":0,"parent":0,"menu_order":0,"comment_status":"closed","ping_status":"open","template":"","meta":{"footnotes":""},"class_list":["post-289","page","type-page","status-publish","hentry"],"yoast_head":"<!-- This site is optimized with the Yoast SEO plugin v26.9 - https:\/\/yoast.com\/product\/yoast-seo-wordpress\/ -->\n<title>Receitas - Olivares de Quepu<\/title>\n<meta name=\"robots\" content=\"index, follow, max-snippet:-1, max-image-preview:large, max-video-preview:-1\" \/>\n<link rel=\"canonical\" href=\"https:\/\/quepu.cl\/pt\/receitas\/\" \/>\n<meta property=\"og:locale\" content=\"pt_BR\" \/>\n<meta property=\"og:type\" content=\"article\" \/>\n<meta property=\"og:title\" content=\"Receitas - Olivares de Quepu\" \/>\n<meta property=\"og:description\" content=\"[vc_row full_width=&#8221;stretch_row&#8221; css=&#8221;.vc_custom_1768372621682{margin-top: 50px !important;}&#8221;][vc_column][\/vc_column][\/vc_row][vc_row full_width=&#8221;stretch_row_content&#8221; gap=&#8221;35&#8243; css=&#8221;.vc_custom_1768371953948{margin-top: 50px !important;margin-bottom: 50px !important;}&#8221;][vc_column width=&#8221;1\/3&#8243;][vc_single_image image=&#8221;292&#8243; img_size=&#8221;full&#8221; css=&#8221;&#8221;][vc_column_text css=&#8221;&#8221;]Uma mistura vibrante, cheia de sabor e perfeita para massas, saladas, pizzas ou p\u00e3es. O segredo: usar o melhor azeite de oliva extra virgem, aquele com personalidade, aroma e um toque frutado que real\u00e7a tudo. Ingredientes: \u2022 2 x\u00edcaras [&hellip;]\" \/>\n<meta property=\"og:url\" content=\"https:\/\/quepu.cl\/pt\/receitas\/\" \/>\n<meta property=\"og:site_name\" content=\"Olivares de Quepu\" \/>\n<meta property=\"article:modified_time\" content=\"2026-01-14T01:37:17+00:00\" \/>\n<meta name=\"twitter:card\" content=\"summary_large_image\" \/>\n<meta name=\"twitter:label1\" content=\"Est. tempo de leitura\" \/>\n\t<meta name=\"twitter:data1\" content=\"4 minutos\" \/>\n<script type=\"application\/ld+json\" class=\"yoast-schema-graph\">{\"@context\":\"https:\/\/schema.org\",\"@graph\":[{\"@type\":\"WebPage\",\"@id\":\"https:\/\/quepu.cl\/pt\/receitas\/\",\"url\":\"https:\/\/quepu.cl\/pt\/receitas\/\",\"name\":\"Receitas - Olivares de Quepu\",\"isPartOf\":{\"@id\":\"https:\/\/quepu.cl\/pt\/#website\"},\"datePublished\":\"2026-01-14T01:10:18+00:00\",\"dateModified\":\"2026-01-14T01:37:17+00:00\",\"breadcrumb\":{\"@id\":\"https:\/\/quepu.cl\/pt\/receitas\/#breadcrumb\"},\"inLanguage\":\"pt-BR\",\"potentialAction\":[{\"@type\":\"ReadAction\",\"target\":[\"https:\/\/quepu.cl\/pt\/receitas\/\"]}]},{\"@type\":\"BreadcrumbList\",\"@id\":\"https:\/\/quepu.cl\/pt\/receitas\/#breadcrumb\",\"itemListElement\":[{\"@type\":\"ListItem\",\"position\":1,\"name\":\"Portada\",\"item\":\"https:\/\/quepu.cl\/pt\/\"},{\"@type\":\"ListItem\",\"position\":2,\"name\":\"Receitas\"}]},{\"@type\":\"WebSite\",\"@id\":\"https:\/\/quepu.cl\/pt\/#website\",\"url\":\"https:\/\/quepu.cl\/pt\/\",\"name\":\"Olivares de Quepu\",\"description\":\"\",\"potentialAction\":[{\"@type\":\"SearchAction\",\"target\":{\"@type\":\"EntryPoint\",\"urlTemplate\":\"https:\/\/quepu.cl\/pt\/?s={search_term_string}\"},\"query-input\":{\"@type\":\"PropertyValueSpecification\",\"valueRequired\":true,\"valueName\":\"search_term_string\"}}],\"inLanguage\":\"pt-BR\"}]}<\/script>\n<!-- \/ Yoast SEO plugin. -->","yoast_head_json":{"title":"Receitas - Olivares de Quepu","robots":{"index":"index","follow":"follow","max-snippet":"max-snippet:-1","max-image-preview":"max-image-preview:large","max-video-preview":"max-video-preview:-1"},"canonical":"https:\/\/quepu.cl\/pt\/receitas\/","og_locale":"pt_BR","og_type":"article","og_title":"Receitas - Olivares de Quepu","og_description":"[vc_row full_width=&#8221;stretch_row&#8221; css=&#8221;.vc_custom_1768372621682{margin-top: 50px !important;}&#8221;][vc_column][\/vc_column][\/vc_row][vc_row full_width=&#8221;stretch_row_content&#8221; gap=&#8221;35&#8243; css=&#8221;.vc_custom_1768371953948{margin-top: 50px !important;margin-bottom: 50px !important;}&#8221;][vc_column width=&#8221;1\/3&#8243;][vc_single_image image=&#8221;292&#8243; img_size=&#8221;full&#8221; css=&#8221;&#8221;][vc_column_text css=&#8221;&#8221;]Uma mistura vibrante, cheia de sabor e perfeita para massas, saladas, pizzas ou p\u00e3es. O segredo: usar o melhor azeite de oliva extra virgem, aquele com personalidade, aroma e um toque frutado que real\u00e7a tudo. Ingredientes: \u2022 2 x\u00edcaras [&hellip;]","og_url":"https:\/\/quepu.cl\/pt\/receitas\/","og_site_name":"Olivares de Quepu","article_modified_time":"2026-01-14T01:37:17+00:00","twitter_card":"summary_large_image","twitter_misc":{"Est. tempo de leitura":"4 minutos"},"schema":{"@context":"https:\/\/schema.org","@graph":[{"@type":"WebPage","@id":"https:\/\/quepu.cl\/pt\/receitas\/","url":"https:\/\/quepu.cl\/pt\/receitas\/","name":"Receitas - Olivares de Quepu","isPartOf":{"@id":"https:\/\/quepu.cl\/pt\/#website"},"datePublished":"2026-01-14T01:10:18+00:00","dateModified":"2026-01-14T01:37:17+00:00","breadcrumb":{"@id":"https:\/\/quepu.cl\/pt\/receitas\/#breadcrumb"},"inLanguage":"pt-BR","potentialAction":[{"@type":"ReadAction","target":["https:\/\/quepu.cl\/pt\/receitas\/"]}]},{"@type":"BreadcrumbList","@id":"https:\/\/quepu.cl\/pt\/receitas\/#breadcrumb","itemListElement":[{"@type":"ListItem","position":1,"name":"Portada","item":"https:\/\/quepu.cl\/pt\/"},{"@type":"ListItem","position":2,"name":"Receitas"}]},{"@type":"WebSite","@id":"https:\/\/quepu.cl\/pt\/#website","url":"https:\/\/quepu.cl\/pt\/","name":"Olivares de Quepu","description":"","potentialAction":[{"@type":"SearchAction","target":{"@type":"EntryPoint","urlTemplate":"https:\/\/quepu.cl\/pt\/?s={search_term_string}"},"query-input":{"@type":"PropertyValueSpecification","valueRequired":true,"valueName":"search_term_string"}}],"inLanguage":"pt-BR"}]}},"_links":{"self":[{"href":"https:\/\/quepu.cl\/pt\/wp-json\/wp\/v2\/pages\/289","targetHints":{"allow":["GET"]}}],"collection":[{"href":"https:\/\/quepu.cl\/pt\/wp-json\/wp\/v2\/pages"}],"about":[{"href":"https:\/\/quepu.cl\/pt\/wp-json\/wp\/v2\/types\/page"}],"author":[{"embeddable":true,"href":"https:\/\/quepu.cl\/pt\/wp-json\/wp\/v2\/users\/3"}],"replies":[{"embeddable":true,"href":"https:\/\/quepu.cl\/pt\/wp-json\/wp\/v2\/comments?post=289"}],"version-history":[{"count":8,"href":"https:\/\/quepu.cl\/pt\/wp-json\/wp\/v2\/pages\/289\/revisions"}],"predecessor-version":[{"id":301,"href":"https:\/\/quepu.cl\/pt\/wp-json\/wp\/v2\/pages\/289\/revisions\/301"}],"wp:attachment":[{"href":"https:\/\/quepu.cl\/pt\/wp-json\/wp\/v2\/media?parent=289"}],"curies":[{"name":"wp","href":"https:\/\/api.w.org\/{rel}","templated":true}]}}