{"id":302,"date":"2026-01-13T22:42:44","date_gmt":"2026-01-14T01:42:44","guid":{"rendered":"https:\/\/quepu.cl\/pt\/?page_id=302"},"modified":"2026-01-26T21:25:50","modified_gmt":"2026-01-27T00:25:50","slug":"nossos-produtos","status":"publish","type":"page","link":"https:\/\/quepu.cl\/pt\/nossos-produtos\/","title":{"rendered":"Nossos Produtos"},"content":{"rendered":"<div class=\"wpb-content-wrapper\"><p>[vc_row full_width=&#8221;stretch_row_content&#8221; css=&#8221;.vc_custom_1768189914391{margin-top: 0px !important;padding-top: 96px !important;padding-bottom: 40px !important;}&#8221;][vc_column]<h2 class=\"sc_title sc_title_regular sc_align_center rombos-deco margin_top_null margin_bottom_null\" style=\"text-align:center;font-size:4.9em;\">Nossos Produtos<\/h2>[vc_column_text css=&#8221;&#8221;]<\/p>\n<p style=\"text-align: center;\">Oferecemos solu\u00e7\u00f5es flex\u00edveis de envase a granel, com Octobins de 1.000 litros e Flexitanks de 22.000 litros. Adaptamo-nos \u00e0s suas necessidades,<br \/>\ngarantindo qualidade e autenticidade, com op\u00e7\u00f5es de marcas pr\u00f3prias ou personalizadas, em embalagens que variam de 250 ml a 5 litros.[\/vc_column_text][vc_column_text css=&#8221;.vc_custom_1768373408579{margin-top: 40px !important;}&#8221;]<\/p>\n<p style=\"text-align: center; font-size: 1.5em; font-style: italic;\"><span style=\"font-weight: 400;\">Descubra nossas op\u00e7\u00f5es dispon\u00edveis para qualquer destino!<\/span><\/p>\n<p><b>\u00a0<\/b>[\/vc_column_text][\/vc_column][\/vc_row][vc_row gap=&#8221;35&#8243; equal_height=&#8221;yes&#8221;][vc_column width=&#8221;1\/2&#8243; css=&#8221;.vc_custom_1768373821773{padding-right: 0px !important;padding-bottom: 50px !important;padding-left: 0px !important;background-color: #f5f4e7 !important;}&#8221; el_class=&#8221;.product-card&#8221;][vc_single_image image=&#8221;306&#8243; img_size=&#8221;full&#8221; css=&#8221;&#8221; el_class=&#8221;margenimagen&#8221;]<h1 class=\"sc_title sc_title_regular sc_align_left margin_top_small margin_bottom_tiny margin_left_small\" style=\"text-align:left;color:#574b3f;font-weight:100;font-size:3.1em;\">Granel Flexitank<\/h1>[vc_column_text css=&#8221;.vc_custom_1768374045606{margin-right: 35px !important;margin-left: 35px !important;}&#8221;]Exporta\u00e7\u00e3o em Flexitanks de 22.000 kg, ideais para o transporte de grandes volumes. Alta efici\u00eancia log\u00edstica, otimizando o espa\u00e7o e reduzindo os custos de transporte.[\/vc_column_text][\/vc_column][vc_column width=&#8221;1\/2&#8243; css=&#8221;.vc_custom_1768374168955{padding-right: 0px !important;padding-bottom: 50px !important;padding-left: 0px !important;background-color: #f5f4e7 !important;}&#8221; el_class=&#8221;.product-card&#8221;][vc_single_image image=&#8221;309&#8243; img_size=&#8221;full&#8221; css=&#8221;&#8221; el_class=&#8221;margenimagen&#8221;]<h1 class=\"sc_title sc_title_regular sc_align_left margin_top_small margin_bottom_tiny margin_left_small\" style=\"text-align:left;color:#574b3f;font-weight:100;font-size:3.1em;\">Granel Octobin<\/h1>[vc_column_text css=&#8221;.vc_custom_1768374249859{margin-right: 35px !important;margin-left: 35px !important;}&#8221;]Azeite de oliva extra virgem a granel, dispon\u00edvel em Octobins ou cont\u00eaineres IBC de 1.000 litros. Permite uma distribui\u00e7\u00e3o eficiente de grandes volumes, adaptando-se \u00e0 capacidade de armazenamento do cliente.[\/vc_column_text][\/vc_column][\/vc_row][vc_row gap=&#8221;35&#8243; equal_height=&#8221;yes&#8221; css=&#8221;.vc_custom_1768543596061{margin-top: 48px !important;margin-bottom: 48px !important;}&#8221;][vc_column width=&#8221;1\/2&#8243; css=&#8221;.vc_custom_1768373821773{padding-right: 0px !important;padding-bottom: 50px !important;padding-left: 0px !important;background-color: #f5f4e7 !important;}&#8221; el_class=&#8221;.product-card&#8221;][vc_single_image image=&#8221;308&#8243; img_size=&#8221;full&#8221; css=&#8221;&#8221; el_class=&#8221;margenimagen&#8221;]<h1 class=\"sc_title sc_title_regular sc_align_left margin_top_small margin_bottom_tiny margin_left_small\" style=\"text-align:left;color:#574b3f;font-weight:100;font-size:3.1em;\">Nossas Marcas<\/h1>[vc_column_text css=&#8221;.vc_custom_1768374430124{margin-right: 35px !important;margin-left: 35px !important;}&#8221;]Produzimos azeite de oliva extra virgem com marcas pr\u00f3prias, reconhecidas por suas premia\u00e7\u00f5es internacionais. Ideal para quem valoriza marcas com prest\u00edgio.[\/vc_column_text][\/vc_column][vc_column width=&#8221;1\/2&#8243; css=&#8221;.vc_custom_1768374168955{padding-right: 0px !important;padding-bottom: 50px !important;padding-left: 0px !important;background-color: #f5f4e7 !important;}&#8221; el_class=&#8221;.product-card&#8221;][vc_single_image image=&#8221;307&#8243; img_size=&#8221;full&#8221; css=&#8221;&#8221; el_class=&#8221;margenimagen&#8221;]<h1 class=\"sc_title sc_title_regular sc_align_left margin_top_small margin_bottom_tiny margin_left_small\" style=\"text-align:left;color:#574b3f;font-weight:100;font-size:3.1em;\">Marcas de Terceiros<\/h1>[vc_column_text css=&#8221;.vc_custom_1768374477375{margin-right: 35px !important;margin-left: 35px !important;}&#8221;]Desenvolvemos marcas de acordo com as necessidades dos nossos clientes, nos formatos e variedades dispon\u00edveis. Para empresas que buscam qualidade, confiabilidade e autenticidade em seus produtos.[\/vc_column_text][\/vc_column][\/vc_row]<\/p>\n<\/div>","protected":false},"excerpt":{"rendered":"<p>[vc_row full_width=&#8221;stretch_row_content&#8221; css=&#8221;.vc_custom_1768189914391{margin-top: 0px !important;padding-top: 96px !important;padding-bottom: 40px !important;}&#8221;][vc_column][vc_column_text css=&#8221;&#8221;] Oferecemos solu\u00e7\u00f5es flex\u00edveis de envase a granel, com Octobins de 1.000 litros e Flexitanks de 22.000 litros. Adaptamo-nos \u00e0s suas necessidades, garantindo qualidade e autenticidade, com op\u00e7\u00f5es de marcas pr\u00f3prias ou personalizadas, em embalagens que variam de 250 ml a 5 litros.[\/vc_column_text][vc_column_text css=&#8221;.vc_custom_1768373408579{margin-top: 40px !important;}&#8221;][&hellip;]<\/p>\n","protected":false},"author":3,"featured_media":0,"parent":0,"menu_order":0,"comment_status":"closed","ping_status":"open","template":"","meta":{"footnotes":""},"class_list":["post-302","page","type-page","status-publish","hentry"],"yoast_head":"<!-- This site is optimized with the Yoast SEO plugin v26.9 - https:\/\/yoast.com\/product\/yoast-seo-wordpress\/ -->\n<title>Nossos Produtos - Olivares de Quepu<\/title>\n<meta name=\"robots\" content=\"index, follow, max-snippet:-1, max-image-preview:large, max-video-preview:-1\" \/>\n<link rel=\"canonical\" href=\"https:\/\/quepu.cl\/pt\/nossos-produtos\/\" \/>\n<meta property=\"og:locale\" content=\"pt_BR\" \/>\n<meta property=\"og:type\" content=\"article\" \/>\n<meta property=\"og:title\" content=\"Nossos Produtos - Olivares de Quepu\" \/>\n<meta property=\"og:description\" content=\"[vc_row full_width=&#8221;stretch_row_content&#8221; css=&#8221;.vc_custom_1768189914391{margin-top: 0px !important;padding-top: 96px !important;padding-bottom: 40px !important;}&#8221;][vc_column][vc_column_text css=&#8221;&#8221;] Oferecemos solu\u00e7\u00f5es flex\u00edveis de envase a granel, com Octobins de 1.000 litros e Flexitanks de 22.000 litros. Adaptamo-nos \u00e0s suas necessidades, garantindo qualidade e autenticidade, com op\u00e7\u00f5es de marcas pr\u00f3prias ou personalizadas, em embalagens que variam de 250 ml a 5 litros.[\/vc_column_text][vc_column_text css=&#8221;.vc_custom_1768373408579{margin-top: 40px !important;}&#8221;] [&hellip;]\" \/>\n<meta property=\"og:url\" content=\"https:\/\/quepu.cl\/pt\/nossos-produtos\/\" \/>\n<meta property=\"og:site_name\" content=\"Olivares de Quepu\" \/>\n<meta property=\"article:modified_time\" content=\"2026-01-27T00:25:50+00:00\" \/>\n<meta name=\"twitter:card\" content=\"summary_large_image\" \/>\n<meta name=\"twitter:label1\" content=\"Est. tempo de leitura\" \/>\n\t<meta name=\"twitter:data1\" content=\"3 minutos\" \/>\n<script type=\"application\/ld+json\" class=\"yoast-schema-graph\">{\"@context\":\"https:\/\/schema.org\",\"@graph\":[{\"@type\":\"WebPage\",\"@id\":\"https:\/\/quepu.cl\/pt\/nossos-produtos\/\",\"url\":\"https:\/\/quepu.cl\/pt\/nossos-produtos\/\",\"name\":\"Nossos Produtos - Olivares de Quepu\",\"isPartOf\":{\"@id\":\"https:\/\/quepu.cl\/pt\/#website\"},\"datePublished\":\"2026-01-14T01:42:44+00:00\",\"dateModified\":\"2026-01-27T00:25:50+00:00\",\"breadcrumb\":{\"@id\":\"https:\/\/quepu.cl\/pt\/nossos-produtos\/#breadcrumb\"},\"inLanguage\":\"pt-BR\",\"potentialAction\":[{\"@type\":\"ReadAction\",\"target\":[\"https:\/\/quepu.cl\/pt\/nossos-produtos\/\"]}]},{\"@type\":\"BreadcrumbList\",\"@id\":\"https:\/\/quepu.cl\/pt\/nossos-produtos\/#breadcrumb\",\"itemListElement\":[{\"@type\":\"ListItem\",\"position\":1,\"name\":\"Portada\",\"item\":\"https:\/\/quepu.cl\/pt\/\"},{\"@type\":\"ListItem\",\"position\":2,\"name\":\"Nossos Produtos\"}]},{\"@type\":\"WebSite\",\"@id\":\"https:\/\/quepu.cl\/pt\/#website\",\"url\":\"https:\/\/quepu.cl\/pt\/\",\"name\":\"Olivares de Quepu\",\"description\":\"\",\"potentialAction\":[{\"@type\":\"SearchAction\",\"target\":{\"@type\":\"EntryPoint\",\"urlTemplate\":\"https:\/\/quepu.cl\/pt\/?s={search_term_string}\"},\"query-input\":{\"@type\":\"PropertyValueSpecification\",\"valueRequired\":true,\"valueName\":\"search_term_string\"}}],\"inLanguage\":\"pt-BR\"}]}<\/script>\n<!-- \/ Yoast SEO plugin. -->","yoast_head_json":{"title":"Nossos Produtos - Olivares de Quepu","robots":{"index":"index","follow":"follow","max-snippet":"max-snippet:-1","max-image-preview":"max-image-preview:large","max-video-preview":"max-video-preview:-1"},"canonical":"https:\/\/quepu.cl\/pt\/nossos-produtos\/","og_locale":"pt_BR","og_type":"article","og_title":"Nossos Produtos - Olivares de Quepu","og_description":"[vc_row full_width=&#8221;stretch_row_content&#8221; css=&#8221;.vc_custom_1768189914391{margin-top: 0px !important;padding-top: 96px !important;padding-bottom: 40px !important;}&#8221;][vc_column][vc_column_text css=&#8221;&#8221;] Oferecemos solu\u00e7\u00f5es flex\u00edveis de envase a granel, com Octobins de 1.000 litros e Flexitanks de 22.000 litros. Adaptamo-nos \u00e0s suas necessidades, garantindo qualidade e autenticidade, com op\u00e7\u00f5es de marcas pr\u00f3prias ou personalizadas, em embalagens que variam de 250 ml a 5 litros.[\/vc_column_text][vc_column_text css=&#8221;.vc_custom_1768373408579{margin-top: 40px !important;}&#8221;] [&hellip;]","og_url":"https:\/\/quepu.cl\/pt\/nossos-produtos\/","og_site_name":"Olivares de Quepu","article_modified_time":"2026-01-27T00:25:50+00:00","twitter_card":"summary_large_image","twitter_misc":{"Est. tempo de leitura":"3 minutos"},"schema":{"@context":"https:\/\/schema.org","@graph":[{"@type":"WebPage","@id":"https:\/\/quepu.cl\/pt\/nossos-produtos\/","url":"https:\/\/quepu.cl\/pt\/nossos-produtos\/","name":"Nossos Produtos - Olivares de Quepu","isPartOf":{"@id":"https:\/\/quepu.cl\/pt\/#website"},"datePublished":"2026-01-14T01:42:44+00:00","dateModified":"2026-01-27T00:25:50+00:00","breadcrumb":{"@id":"https:\/\/quepu.cl\/pt\/nossos-produtos\/#breadcrumb"},"inLanguage":"pt-BR","potentialAction":[{"@type":"ReadAction","target":["https:\/\/quepu.cl\/pt\/nossos-produtos\/"]}]},{"@type":"BreadcrumbList","@id":"https:\/\/quepu.cl\/pt\/nossos-produtos\/#breadcrumb","itemListElement":[{"@type":"ListItem","position":1,"name":"Portada","item":"https:\/\/quepu.cl\/pt\/"},{"@type":"ListItem","position":2,"name":"Nossos Produtos"}]},{"@type":"WebSite","@id":"https:\/\/quepu.cl\/pt\/#website","url":"https:\/\/quepu.cl\/pt\/","name":"Olivares de Quepu","description":"","potentialAction":[{"@type":"SearchAction","target":{"@type":"EntryPoint","urlTemplate":"https:\/\/quepu.cl\/pt\/?s={search_term_string}"},"query-input":{"@type":"PropertyValueSpecification","valueRequired":true,"valueName":"search_term_string"}}],"inLanguage":"pt-BR"}]}},"_links":{"self":[{"href":"https:\/\/quepu.cl\/pt\/wp-json\/wp\/v2\/pages\/302","targetHints":{"allow":["GET"]}}],"collection":[{"href":"https:\/\/quepu.cl\/pt\/wp-json\/wp\/v2\/pages"}],"about":[{"href":"https:\/\/quepu.cl\/pt\/wp-json\/wp\/v2\/types\/page"}],"author":[{"embeddable":true,"href":"https:\/\/quepu.cl\/pt\/wp-json\/wp\/v2\/users\/3"}],"replies":[{"embeddable":true,"href":"https:\/\/quepu.cl\/pt\/wp-json\/wp\/v2\/comments?post=302"}],"version-history":[{"count":8,"href":"https:\/\/quepu.cl\/pt\/wp-json\/wp\/v2\/pages\/302\/revisions"}],"predecessor-version":[{"id":355,"href":"https:\/\/quepu.cl\/pt\/wp-json\/wp\/v2\/pages\/302\/revisions\/355"}],"wp:attachment":[{"href":"https:\/\/quepu.cl\/pt\/wp-json\/wp\/v2\/media?parent=302"}],"curies":[{"name":"wp","href":"https:\/\/api.w.org\/{rel}","templated":true}]}}