{"id":98,"date":"2026-01-07T09:25:38","date_gmt":"2026-01-07T12:25:38","guid":{"rendered":"https:\/\/quepu.cl\/pt\/?page_id=98"},"modified":"2026-01-26T20:24:33","modified_gmt":"2026-01-26T23:24:33","slug":"nossagente","status":"publish","type":"page","link":"https:\/\/quepu.cl\/pt\/nossagente\/","title":{"rendered":"Nossa Gente"},"content":{"rendered":"<div class=\"wpb-content-wrapper\"><p>[vc_row full_width=&#8221;stretch_row_content&#8221; css=&#8221;.vc_custom_1767806849688{margin-top: 0px !important;padding-top: 96px !important;padding-bottom: 40px !important;background-color: #e9eabd !important;}&#8221;][vc_column]<h2 class=\"sc_title sc_title_regular sc_align_center margin_top_null margin_bottom_null\" style=\"text-align:center;font-size:4.9em;\">Nossa Gente<\/h2><h1 class=\"sc_title sc_title_regular sc_align_center rombos-deco margin_top_null\" style=\"font-family: &#039;Roboto&#039;, Arial, sans-serif;text-align:center;color:#574b3f;font-weight:400;font-size:2.5em;\"><em>O cora\u00e7\u00e3o da Olivares de Quepu<\/em><\/h1>[\/vc_column][\/vc_row][vc_row full_width=&#8221;stretch_row_content&#8221; css=&#8221;.vc_custom_1767806984302{background-image: url(https:\/\/quepu.cl\/pt\/wp-content\/uploads\/sites\/3\/2026\/01\/Nuestra-Gente.jpg?id=101) !important;background-position: center !important;background-repeat: no-repeat !important;background-size: cover !important;}&#8221;][vc_column][vc_empty_space height=&#8221;550px&#8221;][\/vc_column][\/vc_row][vc_row full_width=&#8221;stretch_row&#8221; equal_height=&#8221;yes&#8221; content_placement=&#8221;top&#8221; css=&#8221;.vc_custom_1769487575089{margin-top: 48px !important;}&#8221;][vc_column width=&#8221;1\/2&#8243; css=&#8221;.vc_custom_1767807272967{padding-right: 0px !important;padding-left: 0px !important;}&#8221;][vc_single_image image=&#8221;104&#8243; img_size=&#8221;full&#8221; css=&#8221;&#8221;][\/vc_column][vc_column width=&#8221;1\/2&#8243; css=&#8221;.vc_custom_1769487637827{padding-top: 80px !important;padding-right: 60px !important;padding-bottom: 80px !important;padding-left: 60px !important;}&#8221;][vc_column_text css=&#8221;&#8221;]<\/p>\n<p style=\"text-align: center; font-size: 1.5em; font-style: italic;\"><span style=\"font-weight: 400;\">Nossa equipe cultiva estas terras h\u00e1d\u00e9cadas, unindo pr\u00e1ticas tradicionais e tecnologias de ponta em todas as etapas da produ\u00e7\u00e3o do nosso azeite de oliva.<br \/>\n<\/span><b>\u00a0<\/b>[\/vc_column_text][\/vc_column][\/vc_row][vc_row full_width=&#8221;stretch_row&#8221; equal_height=&#8221;yes&#8221; content_placement=&#8221;middle&#8221; el_class=&#8221;reverse-mobile&#8221;][vc_column width=&#8221;1\/2&#8243; css=&#8221;.vc_custom_1769487824239{padding-top: 80px !important;padding-right: 50px !important;padding-bottom: 60px !important;padding-left: 50px !important;}&#8221;][vc_column_text css=&#8221;&#8221;]<\/p>\n<p style=\"text-align: center; font-size: 1.5em; font-style: italic;\"><span style=\"font-weight: 400;\">A profunda conex\u00e3o com o ambiente e os anos de experi\u00eancia nos permitem fortalecer um s\u00f3lido senso de pertencimento e bem-estar junto \u00e0 comunidade, para produzir um azeite de oliva extra virgem cheio de car\u00e1ter e autenticidade.<\/span><b>\u00a0<\/b><\/p>\n<p>[\/vc_column_text][\/vc_column][vc_column width=&#8221;1\/2&#8243;][vc_single_image image=&#8221;103&#8243; img_size=&#8221;full&#8221; css=&#8221;&#8221;][\/vc_column][\/vc_row][vc_row full_width=&#8221;stretch_row&#8221; gap=&#8221;35&#8243; css=&#8221;.vc_custom_1768186051419{margin-top: 48px !important;margin-bottom: 48px !important;}&#8221;][vc_column width=&#8221;1\/2&#8243; css=&#8221;.vc_custom_1768185970736{padding-right: 0px !important;padding-left: 0px !important;}&#8221;][vc_single_image image=&#8221;107&#8243; img_size=&#8221;full&#8221; css=&#8221;&#8221;][\/vc_column][vc_column width=&#8221;1\/2&#8243; css=&#8221;.vc_custom_1768185956944{padding-right: 0px !important;padding-left: 0px !important;}&#8221;][vc_single_image image=&#8221;108&#8243; img_size=&#8221;full&#8221; css=&#8221;&#8221;][\/vc_column][\/vc_row]<\/p>\n<\/div>","protected":false},"excerpt":{"rendered":"<p>[vc_row full_width=&#8221;stretch_row_content&#8221; css=&#8221;.vc_custom_1767806849688{margin-top: 0px !important;padding-top: 96px !important;padding-bottom: 40px !important;background-color: #e9eabd !important;}&#8221;][vc_column][\/vc_column][\/vc_row][vc_row full_width=&#8221;stretch_row_content&#8221; css=&#8221;.vc_custom_1767806984302{background-image: url(https:\/\/quepu.cl\/pt\/wp-content\/uploads\/sites\/3\/2026\/01\/Nuestra-Gente.jpg?id=101) !important;background-position: center !important;background-repeat: no-repeat !important;background-size: cover !important;}&#8221;][vc_column][vc_empty_space height=&#8221;550px&#8221;][\/vc_column][\/vc_row][vc_row full_width=&#8221;stretch_row&#8221; equal_height=&#8221;yes&#8221; content_placement=&#8221;top&#8221; css=&#8221;.vc_custom_1769487575089{margin-top: 48px !important;}&#8221;][vc_column width=&#8221;1\/2&#8243; css=&#8221;.vc_custom_1767807272967{padding-right: 0px !important;padding-left: 0px !important;}&#8221;][vc_single_image image=&#8221;104&#8243; img_size=&#8221;full&#8221; css=&#8221;&#8221;][\/vc_column][vc_column width=&#8221;1\/2&#8243; css=&#8221;.vc_custom_1769487637827{padding-top: 80px !important;padding-right: 60px !important;padding-bottom: 80px !important;padding-left: 60px !important;}&#8221;][vc_column_text css=&#8221;&#8221;] Nossa equipe cultiva estas terras h\u00e1d\u00e9cadas, unindo [&hellip;]<\/p>\n","protected":false},"author":3,"featured_media":0,"parent":0,"menu_order":0,"comment_status":"closed","ping_status":"open","template":"","meta":{"footnotes":""},"class_list":["post-98","page","type-page","status-publish","hentry"],"yoast_head":"<!-- This site is optimized with the Yoast SEO plugin v26.9 - https:\/\/yoast.com\/product\/yoast-seo-wordpress\/ -->\n<title>Nossa Gente - Olivares de Quepu<\/title>\n<meta name=\"robots\" content=\"index, follow, max-snippet:-1, max-image-preview:large, max-video-preview:-1\" \/>\n<link rel=\"canonical\" href=\"https:\/\/quepu.cl\/pt\/nossagente\/\" \/>\n<meta property=\"og:locale\" content=\"pt_BR\" \/>\n<meta property=\"og:type\" content=\"article\" \/>\n<meta property=\"og:title\" content=\"Nossa Gente - Olivares de Quepu\" \/>\n<meta property=\"og:description\" content=\"[vc_row full_width=&#8221;stretch_row_content&#8221; css=&#8221;.vc_custom_1767806849688{margin-top: 0px !important;padding-top: 96px !important;padding-bottom: 40px !important;background-color: #e9eabd !important;}&#8221;][vc_column][\/vc_column][\/vc_row][vc_row full_width=&#8221;stretch_row_content&#8221; css=&#8221;.vc_custom_1767806984302{background-image: url(https:\/\/quepu.cl\/pt\/wp-content\/uploads\/sites\/3\/2026\/01\/Nuestra-Gente.jpg?id=101) !important;background-position: center !important;background-repeat: no-repeat !important;background-size: cover !important;}&#8221;][vc_column][vc_empty_space height=&#8221;550px&#8221;][\/vc_column][\/vc_row][vc_row full_width=&#8221;stretch_row&#8221; equal_height=&#8221;yes&#8221; content_placement=&#8221;top&#8221; css=&#8221;.vc_custom_1769487575089{margin-top: 48px !important;}&#8221;][vc_column width=&#8221;1\/2&#8243; css=&#8221;.vc_custom_1767807272967{padding-right: 0px !important;padding-left: 0px !important;}&#8221;][vc_single_image image=&#8221;104&#8243; img_size=&#8221;full&#8221; css=&#8221;&#8221;][\/vc_column][vc_column width=&#8221;1\/2&#8243; css=&#8221;.vc_custom_1769487637827{padding-top: 80px !important;padding-right: 60px !important;padding-bottom: 80px !important;padding-left: 60px !important;}&#8221;][vc_column_text css=&#8221;&#8221;] Nossa equipe cultiva estas terras h\u00e1d\u00e9cadas, unindo [&hellip;]\" \/>\n<meta property=\"og:url\" content=\"https:\/\/quepu.cl\/pt\/nossagente\/\" \/>\n<meta property=\"og:site_name\" content=\"Olivares de Quepu\" \/>\n<meta property=\"article:modified_time\" content=\"2026-01-26T23:24:33+00:00\" \/>\n<meta name=\"twitter:card\" content=\"summary_large_image\" \/>\n<meta name=\"twitter:label1\" content=\"Est. tempo de leitura\" \/>\n\t<meta name=\"twitter:data1\" content=\"2 minutos\" \/>\n<script type=\"application\/ld+json\" class=\"yoast-schema-graph\">{\"@context\":\"https:\/\/schema.org\",\"@graph\":[{\"@type\":\"WebPage\",\"@id\":\"https:\/\/quepu.cl\/pt\/nossagente\/\",\"url\":\"https:\/\/quepu.cl\/pt\/nossagente\/\",\"name\":\"Nossa Gente - Olivares de Quepu\",\"isPartOf\":{\"@id\":\"https:\/\/quepu.cl\/pt\/#website\"},\"datePublished\":\"2026-01-07T12:25:38+00:00\",\"dateModified\":\"2026-01-26T23:24:33+00:00\",\"breadcrumb\":{\"@id\":\"https:\/\/quepu.cl\/pt\/nossagente\/#breadcrumb\"},\"inLanguage\":\"pt-BR\",\"potentialAction\":[{\"@type\":\"ReadAction\",\"target\":[\"https:\/\/quepu.cl\/pt\/nossagente\/\"]}]},{\"@type\":\"BreadcrumbList\",\"@id\":\"https:\/\/quepu.cl\/pt\/nossagente\/#breadcrumb\",\"itemListElement\":[{\"@type\":\"ListItem\",\"position\":1,\"name\":\"Portada\",\"item\":\"https:\/\/quepu.cl\/pt\/\"},{\"@type\":\"ListItem\",\"position\":2,\"name\":\"Nossa Gente\"}]},{\"@type\":\"WebSite\",\"@id\":\"https:\/\/quepu.cl\/pt\/#website\",\"url\":\"https:\/\/quepu.cl\/pt\/\",\"name\":\"Olivares de Quepu\",\"description\":\"\",\"potentialAction\":[{\"@type\":\"SearchAction\",\"target\":{\"@type\":\"EntryPoint\",\"urlTemplate\":\"https:\/\/quepu.cl\/pt\/?s={search_term_string}\"},\"query-input\":{\"@type\":\"PropertyValueSpecification\",\"valueRequired\":true,\"valueName\":\"search_term_string\"}}],\"inLanguage\":\"pt-BR\"}]}<\/script>\n<!-- \/ Yoast SEO plugin. -->","yoast_head_json":{"title":"Nossa Gente - Olivares de Quepu","robots":{"index":"index","follow":"follow","max-snippet":"max-snippet:-1","max-image-preview":"max-image-preview:large","max-video-preview":"max-video-preview:-1"},"canonical":"https:\/\/quepu.cl\/pt\/nossagente\/","og_locale":"pt_BR","og_type":"article","og_title":"Nossa Gente - Olivares de Quepu","og_description":"[vc_row full_width=&#8221;stretch_row_content&#8221; css=&#8221;.vc_custom_1767806849688{margin-top: 0px !important;padding-top: 96px !important;padding-bottom: 40px !important;background-color: #e9eabd !important;}&#8221;][vc_column][\/vc_column][\/vc_row][vc_row full_width=&#8221;stretch_row_content&#8221; css=&#8221;.vc_custom_1767806984302{background-image: url(https:\/\/quepu.cl\/pt\/wp-content\/uploads\/sites\/3\/2026\/01\/Nuestra-Gente.jpg?id=101) !important;background-position: center !important;background-repeat: no-repeat !important;background-size: cover !important;}&#8221;][vc_column][vc_empty_space height=&#8221;550px&#8221;][\/vc_column][\/vc_row][vc_row full_width=&#8221;stretch_row&#8221; equal_height=&#8221;yes&#8221; content_placement=&#8221;top&#8221; css=&#8221;.vc_custom_1769487575089{margin-top: 48px !important;}&#8221;][vc_column width=&#8221;1\/2&#8243; css=&#8221;.vc_custom_1767807272967{padding-right: 0px !important;padding-left: 0px !important;}&#8221;][vc_single_image image=&#8221;104&#8243; img_size=&#8221;full&#8221; css=&#8221;&#8221;][\/vc_column][vc_column width=&#8221;1\/2&#8243; css=&#8221;.vc_custom_1769487637827{padding-top: 80px !important;padding-right: 60px !important;padding-bottom: 80px !important;padding-left: 60px !important;}&#8221;][vc_column_text css=&#8221;&#8221;] Nossa equipe cultiva estas terras h\u00e1d\u00e9cadas, unindo [&hellip;]","og_url":"https:\/\/quepu.cl\/pt\/nossagente\/","og_site_name":"Olivares de Quepu","article_modified_time":"2026-01-26T23:24:33+00:00","twitter_card":"summary_large_image","twitter_misc":{"Est. tempo de leitura":"2 minutos"},"schema":{"@context":"https:\/\/schema.org","@graph":[{"@type":"WebPage","@id":"https:\/\/quepu.cl\/pt\/nossagente\/","url":"https:\/\/quepu.cl\/pt\/nossagente\/","name":"Nossa Gente - Olivares de Quepu","isPartOf":{"@id":"https:\/\/quepu.cl\/pt\/#website"},"datePublished":"2026-01-07T12:25:38+00:00","dateModified":"2026-01-26T23:24:33+00:00","breadcrumb":{"@id":"https:\/\/quepu.cl\/pt\/nossagente\/#breadcrumb"},"inLanguage":"pt-BR","potentialAction":[{"@type":"ReadAction","target":["https:\/\/quepu.cl\/pt\/nossagente\/"]}]},{"@type":"BreadcrumbList","@id":"https:\/\/quepu.cl\/pt\/nossagente\/#breadcrumb","itemListElement":[{"@type":"ListItem","position":1,"name":"Portada","item":"https:\/\/quepu.cl\/pt\/"},{"@type":"ListItem","position":2,"name":"Nossa Gente"}]},{"@type":"WebSite","@id":"https:\/\/quepu.cl\/pt\/#website","url":"https:\/\/quepu.cl\/pt\/","name":"Olivares de Quepu","description":"","potentialAction":[{"@type":"SearchAction","target":{"@type":"EntryPoint","urlTemplate":"https:\/\/quepu.cl\/pt\/?s={search_term_string}"},"query-input":{"@type":"PropertyValueSpecification","valueRequired":true,"valueName":"search_term_string"}}],"inLanguage":"pt-BR"}]}},"_links":{"self":[{"href":"https:\/\/quepu.cl\/pt\/wp-json\/wp\/v2\/pages\/98","targetHints":{"allow":["GET"]}}],"collection":[{"href":"https:\/\/quepu.cl\/pt\/wp-json\/wp\/v2\/pages"}],"about":[{"href":"https:\/\/quepu.cl\/pt\/wp-json\/wp\/v2\/types\/page"}],"author":[{"embeddable":true,"href":"https:\/\/quepu.cl\/pt\/wp-json\/wp\/v2\/users\/3"}],"replies":[{"embeddable":true,"href":"https:\/\/quepu.cl\/pt\/wp-json\/wp\/v2\/comments?post=98"}],"version-history":[{"count":17,"href":"https:\/\/quepu.cl\/pt\/wp-json\/wp\/v2\/pages\/98\/revisions"}],"predecessor-version":[{"id":340,"href":"https:\/\/quepu.cl\/pt\/wp-json\/wp\/v2\/pages\/98\/revisions\/340"}],"wp:attachment":[{"href":"https:\/\/quepu.cl\/pt\/wp-json\/wp\/v2\/media?parent=98"}],"curies":[{"name":"wp","href":"https:\/\/api.w.org\/{rel}","templated":true}]}}